{"id":93399,"date":"2026-03-04T08:04:30","date_gmt":"2026-03-04T11:04:30","guid":{"rendered":"https:\/\/www.ecommerceupdate.com.br\/produto\/planejamento-e-controle-de-estoque-em-e-commerce\/"},"modified":"2026-04-14T18:44:35","modified_gmt":"2026-04-14T21:44:35","slug":"planejamento-e-controle-de-estoque-em-e-commerce","status":"publish","type":"product","link":"https:\/\/www.ecommerceupdate.com.br\/hr\/produto\/planejamento-e-controle-de-estoque-em-e-commerce\/","title":{"rendered":"Planiranje i kontrola zaliha u e-trgovini"},"content":{"rendered":"<div class=\"woocommerce-product-details\"><\/div>","protected":false},"excerpt":{"rendered":"<p>Neopipljivost online trgovine, odnosno e-trgovine, zahtijeva od menad\u017eera da obrate pozornost na aspekte koji motiviraju potro\u0161nju ciljane publike. Uspjeh virtualne trgovine uvelike ovisi o asertivnim izborima u pogledu upravljanja zalihama, budu\u0107i da je ova aktivnost izravno povezana s online kupnjom. U ovoj knjizi, po\u010dev\u0161i od profila potro\u0161a\u010da XXI stolje\u0107a, autor se obra\u0107a sa slike virtualne trgovine koja se prenosi kupcu, kroz prodajne procese i njihove atribute, na pokazatelje i metode predvi\u0111anja zaliha, s fokusom na trenutnu online trgovinu na malo.<\/p>","protected":false},"featured_media":93399,"comment_status":"open","ping_status":"closed","template":"","meta":{"_aipt_faq_data":""},"product_cat":[1611,1613,1595],"product_tag":[],"class_list":{"0":"post-93399","1":"product","2":"type-product","3":"status-publish","4":"has-post-thumbnail","6":"product_brand-edicao-portugus-por-las-ribeiro-autor","7":"product_cat-administracao-negocios-e-economia","8":"product_cat-industrias-e-profissoes","9":"product_cat-livros","11":"first","12":"instock","13":"shipping-taxable","14":"purchasable","15":"product-type-simple"},"aioseo_notices":[],"_links":{"self":[{"href":"https:\/\/www.ecommerceupdate.com.br\/hr\/wp-json\/wp\/v2\/product\/93399","targetHints":{"allow":["GET"]}}],"collection":[{"href":"https:\/\/www.ecommerceupdate.com.br\/hr\/wp-json\/wp\/v2\/product"}],"about":[{"href":"https:\/\/www.ecommerceupdate.com.br\/hr\/wp-json\/wp\/v2\/types\/product"}],"replies":[{"embeddable":true,"href":"https:\/\/www.ecommerceupdate.com.br\/hr\/wp-json\/wp\/v2\/comments?post=93399"}],"wp:featuredmedia":[{"embeddable":true,"href":"https:\/\/www.ecommerceupdate.com.br\/hr\/wp-json\/wp\/v2\/product\/93399"}],"wp:attachment":[{"href":"https:\/\/www.ecommerceupdate.com.br\/hr\/wp-json\/wp\/v2\/media?parent=93399"}],"wp:term":[{"taxonomy":"product_cat","embeddable":true,"href":"https:\/\/www.ecommerceupdate.com.br\/hr\/wp-json\/wp\/v2\/product_cat?post=93399"},{"taxonomy":"product_tag","embeddable":true,"href":"https:\/\/www.ecommerceupdate.com.br\/hr\/wp-json\/wp\/v2\/product_tag?post=93399"}],"curies":[{"name":"wp","href":"https:\/\/api.w.org\/{rel}","templated":true}]}}