{"id":93541,"date":"2026-03-04T20:14:38","date_gmt":"2026-03-04T23:14:38","guid":{"rendered":"https:\/\/www.ecommerceupdate.com.br\/produto\/e-commerce-o-avanco-tecnologico-e-as-relacoes-consumidor-fornecedor\/"},"modified":"2026-05-13T10:18:46","modified_gmt":"2026-05-13T13:18:46","slug":"e-commerce-o-avanco-tecnologico-e-as-relacoes-consumidor-fornecedor","status":"publish","type":"product","link":"https:\/\/www.ecommerceupdate.com.br\/hr\/produto\/e-commerce-o-avanco-tecnologico-e-as-relacoes-consumidor-fornecedor\/","title":{"rendered":"E-trgovina: tehnolo\u0161ki napredak i odnosi izme\u0111u potro\u0161a\u010da i dobavlja\u010da"},"content":{"rendered":"<div class=\"woocommerce-product-details\"><\/div>","protected":false},"excerpt":{"rendered":"<p>U suvremenom svijetu internet se pojavio kao olak\u0161avaju\u0107i alat u nekoliko sektora ubla\u017eavanjem fizi\u010dkih barijera, U poslovnom podru\u010dju popularizacija digitalnih platformi iznjedrila je novi fenomen: e-trgovinu, Stoga je bilo potrebno prilagoditi komercijalne pravne odnose ovom novom scenariju, s obzirom na pitanja kao \u0161to su ugovorne transakcije i sigurnost u digitalnim medijima, U ovom radu okupljamo i poja\u0161njavamo glavne pravne aspekte e-trgovine, budu\u0107i da, budu\u0107i da je rije\u010d o relativno nedavnom fenomenu, ima odre\u0111ene specifi\u010dnosti.<\/p>","protected":false},"featured_media":93541,"comment_status":"open","ping_status":"closed","template":"","meta":[],"product_cat":[1609,1657,1595],"product_tag":[],"class_list":{"0":"post-93541","1":"product","2":"type-product","3":"status-publish","4":"has-post-thumbnail","5":"product_brand-por-andreza-cristina-baggio-autor","6":"product_cat-direito","7":"product_cat-direito-empresarial","8":"product_cat-livros","10":"first","11":"instock","12":"shipping-taxable","13":"purchasable","14":"product-type-simple"},"aioseo_notices":[],"_links":{"self":[{"href":"https:\/\/www.ecommerceupdate.com.br\/hr\/wp-json\/wp\/v2\/product\/93541","targetHints":{"allow":["GET"]}}],"collection":[{"href":"https:\/\/www.ecommerceupdate.com.br\/hr\/wp-json\/wp\/v2\/product"}],"about":[{"href":"https:\/\/www.ecommerceupdate.com.br\/hr\/wp-json\/wp\/v2\/types\/product"}],"replies":[{"embeddable":true,"href":"https:\/\/www.ecommerceupdate.com.br\/hr\/wp-json\/wp\/v2\/comments?post=93541"}],"wp:featuredmedia":[{"embeddable":true,"href":"https:\/\/www.ecommerceupdate.com.br\/hr\/wp-json\/wp\/v2\/product\/93541"}],"wp:attachment":[{"href":"https:\/\/www.ecommerceupdate.com.br\/hr\/wp-json\/wp\/v2\/media?parent=93541"}],"wp:term":[{"taxonomy":"product_cat","embeddable":true,"href":"https:\/\/www.ecommerceupdate.com.br\/hr\/wp-json\/wp\/v2\/product_cat?post=93541"},{"taxonomy":"product_tag","embeddable":true,"href":"https:\/\/www.ecommerceupdate.com.br\/hr\/wp-json\/wp\/v2\/product_tag?post=93541"}],"curies":[{"name":"wp","href":"https:\/\/api.w.org\/{rel}","templated":true}]}}