{"id":93550,"date":"2026-03-04T20:16:39","date_gmt":"2026-03-04T23:16:39","guid":{"rendered":"https:\/\/www.ecommerceupdate.com.br\/produto\/e-commerce-de-sucesso-como-criar-e-desenvolver-lojas-virtuais-que-vendem-2\/"},"modified":"2026-03-13T15:34:41","modified_gmt":"2026-03-13T18:34:41","slug":"e-commerce-de-sucesso-como-criar-e-desenvolver-lojas-virtuais-que-vendem-2","status":"publish","type":"product","link":"https:\/\/www.ecommerceupdate.com.br\/hr\/produto\/e-commerce-de-sucesso-como-criar-e-desenvolver-lojas-virtuais-que-vendem-2\/","title":{"rendered":"Uspje\u0161na e-trgovina: Kako stvoriti i razviti virtualne trgovine koje prodaju"},"content":{"rendered":"<div class=\"woocommerce-product-details\"><\/div>","protected":false},"excerpt":{"rendered":"<p>Klju\u010devi za planiranje i pokretanje virtualne trgovine koja se prodaje! <\/p>\n<p>*** REVIDIRANO I PRO\u0160IRENO IZDANJE *** <\/p>\n<p>Izgradnja e-trgovine je vrlo te\u0161ka ako nemate iskustva u planiranju, razvoju i marketingu.  <\/p>\n<p>Ova knjiga pokazuje \u0161to trebate u\u010diniti kako bi va\u0161a internetska trgovina postala prvak u svakoj fazi, od pretprodaje do postprodaje. <\/p>\n<p>\u201cUspjeh e-trgovine i kako stvoriti i razviti virtualne trgovine koje prodaju\u201d otkrit \u0107e korake za stvaranje va\u0161e online trgovine i prodaju vi\u0161e proizvoda putem interneta.  <\/p>\n<p>Saznat \u0107e\u0161 ti. <\/p>\n<p>''Tajne razvoja atraktivne e-trgovine.  <br \/>^^Va\u017enost dosljednosti u dizajnu i komunikaciji za prodaju vi\u0161e. <br \/>io Kao korisni\u010dko iskustvo, navigacija i upotrebljivost u\u010dinit \u0107e va\u0161u trgovinu uspje\u0161nom kod potro\u0161a\u010da. <br \/>Savjeti za pove\u0107anje prodaje zanimljivim sadr\u017eajem. <br \/>''Formula za komunikaciju e-po\u0161tom sa svojim klijentima. <br \/>Savjeti za promociju svoje trgovine i prodaju mnogo vi\u0161e. <\/p>\n<p>Nakon \u010ditanja ove knjige, svijet e-trgovine vidjet \u0107ete druga\u010dijim o\u010dima i bit \u0107ete spremni pokrenuti trgovinu s vi\u0161e sigurnosti nego sumnji. <\/p>\n<p>\u201cVrlo prosvjetljuju\u0107e za one koji nemaju pojma \u0161to trebaju znati da bi otvorili online trgovinu\u201d <br \/>Max Valencia Ortiz <\/p>\n<p>\u201cO knjiga dodaje \u010dak i za one koji ve\u0107 imaju iskustva u podru\u010dju\u201d <br \/>Anderson Dos Reis Silva <\/p>\n<p>O autoru <br \/>Eldes Saullo je pisac i poduzetnik, ne nu\u017eno ovim redom Diplomirani marketing, radio je u reklamnim agencijama, digitalnim agencijama i, u posljednjem  <br \/>tijekom 50 godina razvio je vi\u0161e od 50 trgovina za kupce kao \u0161to su Amsterdam Sauer, Dermage, Direct Mobile, CasaShopping, Aranda, Postox, JMN i drugi, \u0161to je dragocjeno iskustvo koje  <br \/>danas pi\u0161e za one koji pi\u0161u i jedan je od najprodavanijih autora Amazon Brazil. <\/p>\n<p>Pomaknite stranicu do vrha i kupite sada s 1-Kliknite.<\/p>","protected":false},"featured_media":93550,"comment_status":"open","ping_status":"closed","template":"","meta":[],"product_cat":[1691,1641,1595],"product_tag":[],"class_list":{"0":"post-93550","1":"product","2":"type-product","3":"status-publish","4":"has-post-thumbnail","6":"product_brand-por-eldes-saullo-autor-formato-ebook-kindle","7":"product_cat-base-de-dados","8":"product_cat-computacao-informatica-e-midias-digitais","9":"product_cat-livros","11":"first","12":"instock","13":"shipping-taxable","14":"purchasable","15":"product-type-simple"},"aioseo_notices":[],"_links":{"self":[{"href":"https:\/\/www.ecommerceupdate.com.br\/hr\/wp-json\/wp\/v2\/product\/93550","targetHints":{"allow":["GET"]}}],"collection":[{"href":"https:\/\/www.ecommerceupdate.com.br\/hr\/wp-json\/wp\/v2\/product"}],"about":[{"href":"https:\/\/www.ecommerceupdate.com.br\/hr\/wp-json\/wp\/v2\/types\/product"}],"replies":[{"embeddable":true,"href":"https:\/\/www.ecommerceupdate.com.br\/hr\/wp-json\/wp\/v2\/comments?post=93550"}],"wp:featuredmedia":[{"embeddable":true,"href":"https:\/\/www.ecommerceupdate.com.br\/hr\/wp-json\/wp\/v2\/product\/93550"}],"wp:attachment":[{"href":"https:\/\/www.ecommerceupdate.com.br\/hr\/wp-json\/wp\/v2\/media?parent=93550"}],"wp:term":[{"taxonomy":"product_cat","embeddable":true,"href":"https:\/\/www.ecommerceupdate.com.br\/hr\/wp-json\/wp\/v2\/product_cat?post=93550"},{"taxonomy":"product_tag","embeddable":true,"href":"https:\/\/www.ecommerceupdate.com.br\/hr\/wp-json\/wp\/v2\/product_tag?post=93550"}],"curies":[{"name":"wp","href":"https:\/\/api.w.org\/{rel}","templated":true}]}}