{"id":93569,"date":"2026-03-04T20:20:50","date_gmt":"2026-03-04T23:20:50","guid":{"rendered":"https:\/\/www.ecommerceupdate.com.br\/produto\/tiktok-para-e-commerce-como-transformar-conteudo-em-resultados-reais\/"},"modified":"2026-03-13T15:37:38","modified_gmt":"2026-03-13T18:37:38","slug":"tiktok-para-e-commerce-como-transformar-conteudo-em-resultados-reais","status":"publish","type":"product","link":"https:\/\/www.ecommerceupdate.com.br\/hr\/produto\/tiktok-para-e-commerce-como-transformar-conteudo-em-resultados-reais\/","title":{"rendered":"TikTok za e-trgovinu: Kako pretvoriti sadr\u017eaj u stvarne rezultate"},"content":{"rendered":"<div class=\"woocommerce-product-details\">\n<h3>Detalji proizvoda<\/h3>\n<ul>\n<li>ASIN: B0FR9TTP7S<\/li>\n<li>Pristupa\u010dnost: Saznajte vi\u0161e<\/li>\n<li>Datum objave: 15. rujna 2025<\/li>\n<li>Jezik: portugalski<\/li>\n<li>Veli\u010dina datoteke: 199 KB<\/li>\n<li>Konfiguracija fonta: Omogu\u0107eno<\/li>\n<li>Savjeti za rje\u010dnik: Nije omogu\u0107eno<\/li>\n<li>Broj stranica : 64 stranice<\/li>\n<li>Okretanje stranice: omogu\u0107eno<\/li>\n<li>Poredak najprodavanijih proizvoda: br. 170.401 u Kindle Storeu (Upoznajte 100 najboljih u kategoriji Kindle Store) br. 6.259 u poslovanju i gospodarstvu<\/li>\n<li>6.259 u poslovanju i ekonomiji<\/li>\n<li>Recenzije kupaca: 4,1 4,1 od 5 zvjezdica (5)<\/li>\n<\/ul><\/div>","protected":false},"excerpt":{"rendered":"<p>Prakti\u010dni vodi\u010d za trgovce, kreatore i robne marke koji \u017eele iskoristiti platformu koja se najvi\u0161e pretvara u 2025.<\/p>","protected":false},"featured_media":93569,"comment_status":"open","ping_status":"closed","template":"","meta":[],"product_cat":[1611,1608,1607],"product_tag":[],"class_list":{"0":"post-93569","1":"product","2":"type-product","3":"status-publish","4":"has-post-thumbnail","6":"product_brand-por-diego-santana-autor-formato-ebook-kindle","7":"product_cat-administracao-negocios-e-economia","8":"product_cat-ebooks-kindle","9":"product_cat-loja-kindle","11":"first","12":"instock","13":"shipping-taxable","14":"purchasable","15":"product-type-simple"},"aioseo_notices":[],"_links":{"self":[{"href":"https:\/\/www.ecommerceupdate.com.br\/hr\/wp-json\/wp\/v2\/product\/93569","targetHints":{"allow":["GET"]}}],"collection":[{"href":"https:\/\/www.ecommerceupdate.com.br\/hr\/wp-json\/wp\/v2\/product"}],"about":[{"href":"https:\/\/www.ecommerceupdate.com.br\/hr\/wp-json\/wp\/v2\/types\/product"}],"replies":[{"embeddable":true,"href":"https:\/\/www.ecommerceupdate.com.br\/hr\/wp-json\/wp\/v2\/comments?post=93569"}],"wp:featuredmedia":[{"embeddable":true,"href":"https:\/\/www.ecommerceupdate.com.br\/hr\/wp-json\/wp\/v2\/product\/93569"}],"wp:attachment":[{"href":"https:\/\/www.ecommerceupdate.com.br\/hr\/wp-json\/wp\/v2\/media?parent=93569"}],"wp:term":[{"taxonomy":"product_cat","embeddable":true,"href":"https:\/\/www.ecommerceupdate.com.br\/hr\/wp-json\/wp\/v2\/product_cat?post=93569"},{"taxonomy":"product_tag","embeddable":true,"href":"https:\/\/www.ecommerceupdate.com.br\/hr\/wp-json\/wp\/v2\/product_tag?post=93569"}],"curies":[{"name":"wp","href":"https:\/\/api.w.org\/{rel}","templated":true}]}}