{"id":93579,"date":"2026-03-04T20:39:06","date_gmt":"2026-03-04T23:39:06","guid":{"rendered":"https:\/\/www.ecommerceupdate.com.br\/produto\/marketing-with-ai-for-dummies\/"},"modified":"2026-03-13T15:38:25","modified_gmt":"2026-03-13T18:38:25","slug":"marketing-with-ai-for-dummies","status":"publish","type":"product","link":"https:\/\/www.ecommerceupdate.com.br\/hr\/produto\/marketing-with-ai-for-dummies\/","title":{"rendered":"Marketing s umjetnom inteligencijom za glupane"},"content":{"rendered":"<div class=\"woocommerce-product-details\">\n<h3>Detalji proizvoda<\/h3>\n<ul>\n<li>Izdava\u010d: Za glupane<\/li>\n<li>Datum objave: 1. listopada 2024<\/li>\n<li>Izdanje: 1a<\/li>\n<li>Jezik: engleski<\/li>\n<li>Broj stranica : 400 stranica<\/li>\n<li>ISBN-10:1394237197<\/li>\n<li>ISBN-13:978-1394237197<\/li>\n<li>Te\u017eina proizvoda: 716g<\/li>\n<li>Dimenzije: 18,8 x 2,79 x 23,11 cm<\/li>\n<li>Poredak najprodavanijih knjiga: br. 545.832 u knjigama (Upoznajte 100 najboljih u kategoriji knjiga) br. 160 u istra\u017eivanju uvezenog marketinga br. 366 u uvozu web marketinga<\/li>\n<li>160 U uvoznim marketin\u0161kim istra\u017eivanjima<\/li>\n<li>366 U uvezenom web marketingu<\/li>\n<li>Recenzije kupaca: 4,7 4,7 od 5 zvjezdica (21)<\/li>\n<\/ul><\/div>","protected":false},"excerpt":{"rendered":"<p>Ostanite ispred u marketin\u0161koj igri koriste\u0107i snagu marketinga umjetne inteligencije s umjetnom inteligencijom. For Dummies je va\u0161 uvod u revoluciju koja se doga\u0111a u marketin\u0161koj industriji, zahvaljuju\u0107i alatima umjetne inteligencije koji mogu stvoriti tekst, slike, audio, video, web stranice i izvan nje. Ova knjiga bilje\u017ei uvid vode\u0107ih rukovoditelja koji prodaju Shiv Single o tome kako \u0107e umjetna inteligencija promijeniti marketing, poma\u017eu\u0107i novim i iskusnim trgovcima da se pozabave marketin\u0161kim planovima umjetne inteligencije, sadr\u017eajem, kreativnim tehnologijama i silama optu\u017ebi te lokalizacijom.<span>Zavirite u unutarnje funkcioniranje marketin\u0161kih alata umjetne inteligencije kako biste vidjeli kako najbolje mo\u017eete iskoristiti njihove mogu\u0107nosti<\/span>Zavirite u unutarnje funkcioniranje marketin\u0161kih alata umjetne inteligencije kako biste vidjeli kako najbolje mo\u017eete iskoristiti njihove mogu\u0107nosti<span>Identificirajte kupce, stvorite sadr\u017eaj, prilagodite doseg i prilagodite korisni\u010dko iskustvo pomo\u0107u umjetne inteligencije<\/span>Identificirajte kupce, stvorite sadr\u017eaj, prilagodite doseg i prilagodite korisni\u010dko iskustvo pomo\u0107u umjetne inteligencije<span>Razmotrite kako se va\u0161 tim, odjel ili organizacija mogu vratiti u pogon u svijetu s omogu\u0107enom umjetnom inteligencijom<\/span>Razmotrite kako se va\u0161 tim, odjel ili organizacija mogu vratiti u pogon u svijetu s omogu\u0107enom umjetnom inteligencijom<span>U\u010dite iz vrijednih studija slu\u010daja koje pokazuju kako velike organizacije koriste umjetnu inteligenciju u svojim kampanjama<\/span>U\u010dite iz vrijednih studija slu\u010daja koje pokazuju kako velike organizacije koriste umjetnu inteligenciju u svojim kampanjama<br \/>Ovaj lako razumljivi vodi\u010d Dummies savr\u0161en je za marketin\u0161ke stru\u010dnjake na svim razinama, kao i za one koji samo povremeno nose marketin\u0161ki \u0161e\u0161ir. Bez obzira na va\u0161e profesionalno iskustvo, Marketing s AI For Dummies koristit \u0107e vas u budu\u0107nosti marketinga.<\/p>","protected":false},"featured_media":93579,"comment_status":"open","ping_status":"closed","template":"","meta":[],"product_cat":[1611,1595,1610],"product_tag":[],"class_list":{"0":"post-93579","1":"product","2":"type-product","3":"status-publish","4":"has-post-thumbnail","6":"product_brand-edicao-ingls-por-shiv-singh-autor","7":"product_cat-administracao-negocios-e-economia","8":"product_cat-livros","9":"product_cat-livros-internacionais","11":"first","12":"instock","13":"shipping-taxable","14":"purchasable","15":"product-type-simple"},"aioseo_notices":[],"_links":{"self":[{"href":"https:\/\/www.ecommerceupdate.com.br\/hr\/wp-json\/wp\/v2\/product\/93579","targetHints":{"allow":["GET"]}}],"collection":[{"href":"https:\/\/www.ecommerceupdate.com.br\/hr\/wp-json\/wp\/v2\/product"}],"about":[{"href":"https:\/\/www.ecommerceupdate.com.br\/hr\/wp-json\/wp\/v2\/types\/product"}],"replies":[{"embeddable":true,"href":"https:\/\/www.ecommerceupdate.com.br\/hr\/wp-json\/wp\/v2\/comments?post=93579"}],"wp:featuredmedia":[{"embeddable":true,"href":"https:\/\/www.ecommerceupdate.com.br\/hr\/wp-json\/wp\/v2\/product\/93579"}],"wp:attachment":[{"href":"https:\/\/www.ecommerceupdate.com.br\/hr\/wp-json\/wp\/v2\/media?parent=93579"}],"wp:term":[{"taxonomy":"product_cat","embeddable":true,"href":"https:\/\/www.ecommerceupdate.com.br\/hr\/wp-json\/wp\/v2\/product_cat?post=93579"},{"taxonomy":"product_tag","embeddable":true,"href":"https:\/\/www.ecommerceupdate.com.br\/hr\/wp-json\/wp\/v2\/product_tag?post=93579"}],"curies":[{"name":"wp","href":"https:\/\/api.w.org\/{rel}","templated":true}]}}