{"id":93592,"date":"2026-03-05T09:10:47","date_gmt":"2026-03-05T12:10:47","guid":{"rendered":"https:\/\/www.ecommerceupdate.com.br\/produto\/how-to-kickstart-an-online-marketplace-the-foundations-for-success\/"},"modified":"2026-03-13T15:38:47","modified_gmt":"2026-03-13T18:38:47","slug":"how-to-kickstart-an-online-marketplace-the-foundations-for-success","status":"publish","type":"product","link":"https:\/\/www.ecommerceupdate.com.br\/hr\/produto\/how-to-kickstart-an-online-marketplace-the-foundations-for-success\/","title":{"rendered":"Kako pokrenuti internetsko tr\u017ei\u0161te: temelji za uspjeh"},"content":{"rendered":"<div class=\"woocommerce-product-details\">\n<h3>Detalji proizvoda<\/h3>\n<ul>\n<li>ASIN: B0B4HTRFQP<\/li>\n<li>Izdava\u010d: Samostalno objavljeno<\/li>\n<li>Datum objave: 10. lipnja 2022<\/li>\n<li>Jezik: engleski<\/li>\n<li>Broj stranica : 98 stranica<\/li>\n<li>ISBN-13:979-8824401271<\/li>\n<li>Te\u017eina proizvoda: 163g<\/li>\n<li>Dimenzije: 12,7 x 0,64 x 20,32 cm<\/li>\n<li>Poredak najprodavanijih knjiga: br. 539 u Imported on New Ventures br. 2,368 u Imported on Enterprise<\/li>\n<li>2.368 u Uvezeno na Enterprise<\/li>\n<li>Recenzije kupaca: 4,0 4,0 od 5 zvjezdica (4)<\/li>\n<\/ul><\/div>","protected":false},"excerpt":{"rendered":"<p>\u017delite li pokrenuti uspje\u0161an posao na tr\u017ei\u0161tu? Kako pokrenuti internetsko tr\u017ei\u0161te: Temelji za uspjeh je mre\u017ea koja vrvi djelotvornim savjetima za svakoga tko \u017eeli pokrenuti i razviti novo internetsko tr\u017ei\u0161te. Svi savjeti ilustrirani su primjerima iz nekih radova, mo\u017eda \u010dak i internetskog tr\u017ei\u0161ta.Uber.<br \/>Pohvala za \u201cKako pokrenuti internetsko tr\u017ei\u0161te: Temelji za uspjeh\u201d TIMEly knjiga koja pru\u017ea prakti\u010dne savjete za osniva\u010de na temelju primjera iz stvarnog \u017eivota, Ako \u017eelite pokrenuti vlastiti online posao, ovo morate pro\u010ditati!\u201d<\/p>\n<p>~ Prof. dr. Stefan Diemer, profesor me\u0111unarodne poslovne komunikacije i digitalnog poslovanja na Sveu\u010dili\u0161tu primijenjenih znanosti u Trieru i direktor Instituta za me\u0111unarodno i digitalno poslovanje<\/p>\n<p>\u201ekompetentno napisana knjiga puna djelotvornih savjeta za svako novo prona\u0111eno tr\u017ei\u0161te koje treba razumjeti 0 prakse divova\u2018 kao \u0161to su Amazon, Airbnb ili Uber. Poduzetnici odmah profitiraju od znanja od ranog po\u010detka i osnivanja svog tr\u017ei\u0161ta do tvrtke koja radi.\u2019 <\/p>\n<p>~ Prof. dr. Klaus Rick, profesor korporativnog upravljanja, Sveu\u010dili\u0161te primijenjenih znanosti u Trieru<\/p>\n<p>Sadr\u017eaj:<\/p>\n<p>1 Uvod<br \/>1.1 Online kupnja<br \/>1.2 Gdje se odvija online kupnja<br \/>2 Definicija internetskog tr\u017ei\u0161ta<br \/>2.1 Klju\u010dna zna\u010dajka svakog internetskog tr\u017ei\u0161ta<br \/>2.2 Vrste internetskih tr\u017ei\u0161ta<br \/>2.3 Online tr\u017ei\u0161ta rada<br \/>3 Specifi\u010dni faktori uspjeha<br \/>3.1 Samostalni proizvod za jednu stranu tr\u017ei\u0161ta<br \/>3.2 Masivna izrada profila za opskrbnu stranu<br \/>3.3 Ograni\u010davanje tr\u017ei\u0161ta<br \/>3.4 Ciljanje podskupine koja se najvi\u0161e voli prijaviti<br \/>3.5 Subvencioniranje jedne strane tr\u017ei\u0161ta<br \/>3.6 Preklapanja izme\u0111u ponude i potra\u017enje<br \/>3.9 Vidljivost aktivnosti na tr\u017ei\u0161tu<br \/>3.10 Sprje\u010davanje disintermedijacije i vi\u0161estrukog zakupa<br \/>3.11 Nude\u0107i ekonomsku prednost<br \/>4 Op\u0107i \u010dimbenici uspjeha<br \/>4.1 Vrijeme<br \/>4.2 Vo\u017enja prometa do web stranice tr\u017ei\u0161ta<br \/>4.3 Odli\u010dno prvo korisni\u010dko iskustvo za poticanje usmene predaje<br \/>4.4 Razumijevanje ljudske psihologije<br \/>5 Zaklju\u010dci i izgledi<\/p>","protected":false},"featured_media":93592,"comment_status":"open","ping_status":"closed","template":"","meta":[],"product_cat":[1611,1595,1610],"product_tag":[],"class_list":{"0":"post-93592","1":"product","2":"type-product","3":"status-publish","4":"has-post-thumbnail","6":"product_brand-edicao-ingls-por-andrija-mihalic-autor","7":"product_cat-administracao-negocios-e-economia","8":"product_cat-livros","9":"product_cat-livros-internacionais","11":"first","12":"instock","13":"shipping-taxable","14":"purchasable","15":"product-type-simple"},"aioseo_notices":[],"_links":{"self":[{"href":"https:\/\/www.ecommerceupdate.com.br\/hr\/wp-json\/wp\/v2\/product\/93592","targetHints":{"allow":["GET"]}}],"collection":[{"href":"https:\/\/www.ecommerceupdate.com.br\/hr\/wp-json\/wp\/v2\/product"}],"about":[{"href":"https:\/\/www.ecommerceupdate.com.br\/hr\/wp-json\/wp\/v2\/types\/product"}],"replies":[{"embeddable":true,"href":"https:\/\/www.ecommerceupdate.com.br\/hr\/wp-json\/wp\/v2\/comments?post=93592"}],"wp:featuredmedia":[{"embeddable":true,"href":"https:\/\/www.ecommerceupdate.com.br\/hr\/wp-json\/wp\/v2\/product\/93592"}],"wp:attachment":[{"href":"https:\/\/www.ecommerceupdate.com.br\/hr\/wp-json\/wp\/v2\/media?parent=93592"}],"wp:term":[{"taxonomy":"product_cat","embeddable":true,"href":"https:\/\/www.ecommerceupdate.com.br\/hr\/wp-json\/wp\/v2\/product_cat?post=93592"},{"taxonomy":"product_tag","embeddable":true,"href":"https:\/\/www.ecommerceupdate.com.br\/hr\/wp-json\/wp\/v2\/product_tag?post=93592"}],"curies":[{"name":"wp","href":"https:\/\/api.w.org\/{rel}","templated":true}]}}