{"id":93672,"date":"2026-03-05T14:06:47","date_gmt":"2026-03-05T17:06:47","guid":{"rendered":"https:\/\/www.ecommerceupdate.com.br\/produto\/guia-afiliados-mercado-livre\/"},"modified":"2026-03-13T15:43:52","modified_gmt":"2026-03-13T18:43:52","slug":"guia-afiliados-mercado-livre","status":"publish","type":"product","link":"https:\/\/www.ecommerceupdate.com.br\/hr\/produto\/guia-afiliados-mercado-livre\/","title":{"rendered":"Slobodno tr\u017ei\u0161te affiliate vodi\u010d"},"content":{"rendered":"<div class=\"woocommerce-product-details\">\n<h3>Detalji proizvoda<\/h3>\n<ul>\n<li>ASIN: B0F9LP64RX<\/li>\n<li>Pristupa\u010dnost: Saznajte vi\u0161e<\/li>\n<li>Datum objave: 21. svibnja 2025<\/li>\n<li>Izdanje: 1a<\/li>\n<li>Jezik: portugalski<\/li>\n<li>Veli\u010dina datoteke: 317 KB<\/li>\n<li>\u010cita\u010d zaslona: Kompatibilan<\/li>\n<li>Konfiguracija fonta: Omogu\u0107eno<\/li>\n<li>Savjeti za rje\u010dnik: Nije omogu\u0107eno<\/li>\n<li>Broj stranica : 2 stranice<\/li>\n<li>Okretanje stranice: omogu\u0107eno<\/li>\n<li>Dob \u010ditanja: 10 18 godina<\/li>\n<\/ul><\/div>","protected":false},"excerpt":{"rendered":"<p>Mercado Livre Vodi\u010d za podru\u017enice<br \/>Kako odabrati idealan proizvod i uspje\u0161no prodati<br \/>Autor EuEmEvolution2.0 io@euemevolution2.0<\/p>\n<p>\u017delite li zaraditi novac promoviraju\u0107i proizvode bez potrebe za ulaganjem u inventar ili logistiku? Mercado Livre affiliate program nudi izvrsnu priliku za stvaranje prihoda online, a ovaj vodi\u010d je prvi korak do va\u0161eg uspjeha!<\/p>\n<p>U ovoj e-knjigi nau\u010dit \u0107ete:<\/p>\n<p>\u0161to je Mercado Livre Affiliate Program i kako to radi<br \/>kako odabrati prave proizvode za promicanje, na temelju potra\u017enje i ugleda<br \/>u\u010dinkovite strategije za pove\u0107anje prodaje kao podru\u017enice<br \/>osnovni alati za pobolj\u0161anje njegove diseminacije i pra\u0107enje rezultata<br \/>Uspje\u0161ni savjeti kako se istaknuti na tr\u017ei\u0161tu i generirati dosljedne provizije<\/p>\n<p>Idealan za po\u010detnike ili bilo koga ve\u0107 u affiliate svijetu, ovaj vodi\u010d pru\u017ea sve \u0161to vam je potrebno za po\u010detak prodaje u\u010dinkovito.Ako \u017eelite pretvoriti svoju strategiju digitalnog marketinga u stalni izvor profita, ova e-knjiga je za vas!<\/p>\n<p>Zapo\u010dnite sada i nau\u010dite kako odabrati najbolje proizvode i uspje\u0161no promovirati Idemo zajedno na ovo digitalno prodajno putovanje!<\/p>","protected":false},"featured_media":93672,"comment_status":"open","ping_status":"closed","template":"","meta":[],"product_cat":[1611,1595,1618],"product_tag":[],"class_list":{"0":"post-93672","1":"product","2":"type-product","3":"status-publish","4":"has-post-thumbnail","6":"product_brand-por-euem-evoluo2-0-autor-formato-ebook-kindle","7":"product_cat-administracao-negocios-e-economia","8":"product_cat-livros","9":"product_cat-marketing-e-vendas","11":"first","12":"instock","13":"shipping-taxable","14":"purchasable","15":"product-type-simple"},"aioseo_notices":[],"_links":{"self":[{"href":"https:\/\/www.ecommerceupdate.com.br\/hr\/wp-json\/wp\/v2\/product\/93672","targetHints":{"allow":["GET"]}}],"collection":[{"href":"https:\/\/www.ecommerceupdate.com.br\/hr\/wp-json\/wp\/v2\/product"}],"about":[{"href":"https:\/\/www.ecommerceupdate.com.br\/hr\/wp-json\/wp\/v2\/types\/product"}],"replies":[{"embeddable":true,"href":"https:\/\/www.ecommerceupdate.com.br\/hr\/wp-json\/wp\/v2\/comments?post=93672"}],"wp:featuredmedia":[{"embeddable":true,"href":"https:\/\/www.ecommerceupdate.com.br\/hr\/wp-json\/wp\/v2\/product\/93672"}],"wp:attachment":[{"href":"https:\/\/www.ecommerceupdate.com.br\/hr\/wp-json\/wp\/v2\/media?parent=93672"}],"wp:term":[{"taxonomy":"product_cat","embeddable":true,"href":"https:\/\/www.ecommerceupdate.com.br\/hr\/wp-json\/wp\/v2\/product_cat?post=93672"},{"taxonomy":"product_tag","embeddable":true,"href":"https:\/\/www.ecommerceupdate.com.br\/hr\/wp-json\/wp\/v2\/product_tag?post=93672"}],"curies":[{"name":"wp","href":"https:\/\/api.w.org\/{rel}","templated":true}]}}