{"id":93898,"date":"2026-03-06T07:21:58","date_gmt":"2026-03-06T10:21:58","guid":{"rendered":"https:\/\/www.ecommerceupdate.com.br\/produto\/aspectos-de-operacoes-multicanais-e-omnichannel\/"},"modified":"2026-03-13T15:49:55","modified_gmt":"2026-03-13T18:49:55","slug":"aspectos-de-operacoes-multicanais-e-omnichannel","status":"publish","type":"product","link":"https:\/\/www.ecommerceupdate.com.br\/hr\/produto\/aspectos-de-operacoes-multicanais-e-omnichannel\/","title":{"rendered":"Aspekti vi\u0161ekanalnih i vi\u0161ekanalnih operacija"},"content":{"rendered":"<div class=\"woocommerce-product-details\">\n<h3>Detalji proizvoda<\/h3>\n<ul>\n<li>Izdava\u010d: InterSaberes<\/li>\n<li>Datum objave: 28. velja\u010de 2022<\/li>\n<li>Izdanje: 1a<\/li>\n<li>Jezik: portugalski<\/li>\n<li>Broj stranica: 266 stranica<\/li>\n<li>ISBN-10:655517367X<\/li>\n<li>ISBN-13:978-6555173673<\/li>\n<li>Te\u017eina proizvoda: 300g<\/li>\n<li>Dimenzije: 14 x 1,4 x 21 cm<\/li>\n<li>Poredak najprodavanijih knjiga: br. 483.474 u knjigama (Upoznajte 100 najboljih u kategoriji knjiga) br. 316 u web marketingu br. 1.221 u marketingu br. 9.004 u upravljanju i vodstvu<\/li>\n<li>316 U web marketingu<\/li>\n<li>1.221 u marketingu<\/li>\n<li>9004 u upravljanju i vodstvu<\/li>\n<li>Ocjene kupaca: 5,0 5,0 od 5 zvjezdica (4)<\/li>\n<\/ul><\/div>","protected":false},"excerpt":{"rendered":"<p>Zamislite sljede\u0107u situaciju: nalazite se u trgovini, privla\u010di vas proizvod, ispitujete zna\u010dajke i, na kraju, odlu\u010dite da ga ne kupite. Kasnije, kada do\u0111ete ku\u0107i, \u017ealite \u0161to niste kupili proizvod, ali zapamtite da ta trgovina u kojoj ste bili ima online aplikaciju za prodaju.Lako, zar ne? Iz udobnosti svog doma kupujete onaj proizvod koji je ve\u0107 imao zadovoljstvo \u201cver s rukama\u201d i jo\u0161 uvijek ga mo\u017ee primiti bez napu\u0161tanja doma.Ovo potro\u0161a\u010dko iskustvo mo\u017ee se do\u017eivjeti samo u tvrtkama koje djeluju na nekoliko platformi (multichanalize), \u0161to mo\u017ee biti virtualna kupnja ili mo\u017ee biti medij.<\/p>","protected":false},"featured_media":0,"comment_status":"open","ping_status":"closed","template":"","meta":{"_aipt_faq_data":""},"product_cat":[1611,1595,1618],"product_tag":[],"class_list":{"0":"post-93898","1":"product","2":"type-product","3":"status-publish","5":"product_brand-por-las-ribeiro-autor-dayanna-dos-santos-costa-maciel-autor","6":"product_cat-administracao-negocios-e-economia","7":"product_cat-livros","8":"product_cat-marketing-e-vendas","10":"first","11":"instock","12":"sale","13":"shipping-taxable","14":"purchasable","15":"product-type-simple"},"aioseo_notices":[],"_links":{"self":[{"href":"https:\/\/www.ecommerceupdate.com.br\/hr\/wp-json\/wp\/v2\/product\/93898","targetHints":{"allow":["GET"]}}],"collection":[{"href":"https:\/\/www.ecommerceupdate.com.br\/hr\/wp-json\/wp\/v2\/product"}],"about":[{"href":"https:\/\/www.ecommerceupdate.com.br\/hr\/wp-json\/wp\/v2\/types\/product"}],"replies":[{"embeddable":true,"href":"https:\/\/www.ecommerceupdate.com.br\/hr\/wp-json\/wp\/v2\/comments?post=93898"}],"wp:attachment":[{"href":"https:\/\/www.ecommerceupdate.com.br\/hr\/wp-json\/wp\/v2\/media?parent=93898"}],"wp:term":[{"taxonomy":"product_cat","embeddable":true,"href":"https:\/\/www.ecommerceupdate.com.br\/hr\/wp-json\/wp\/v2\/product_cat?post=93898"},{"taxonomy":"product_tag","embeddable":true,"href":"https:\/\/www.ecommerceupdate.com.br\/hr\/wp-json\/wp\/v2\/product_tag?post=93898"}],"curies":[{"name":"wp","href":"https:\/\/api.w.org\/{rel}","templated":true}]}}