{"id":94354,"date":"2026-03-12T13:40:08","date_gmt":"2026-03-12T16:40:08","guid":{"rendered":"https:\/\/www.ecommerceupdate.com.br\/produto\/e-commerce-conceitos-implementacao-e-gestao\/"},"modified":"2026-03-13T15:57:10","modified_gmt":"2026-03-13T18:57:10","slug":"e-commerce-conceitos-implementacao-e-gestao","status":"publish","type":"product","link":"https:\/\/www.ecommerceupdate.com.br\/hr\/produto\/e-commerce-conceitos-implementacao-e-gestao\/","title":{"rendered":"E-trgovina: koncepti, implementacija i upravljanje"},"content":{"rendered":"<div class=\"woocommerce-product-details\">\n<h3>Detalji proizvoda<\/h3>\n<ul>\n<li>Izdava\u010d: InterSaberes<\/li>\n<li>Datum objave: 1. kolovoza 2016<\/li>\n<li>Izdanje: 1a<\/li>\n<li>Jezik: portugalski<\/li>\n<li>Broj stranica : 310 stranica<\/li>\n<li>ISBN-10:8559722084<\/li>\n<li>ISBN-13:978-8559722086<\/li>\n<li>Te\u017eina proizvoda: 350g<\/li>\n<li>Dob \u010ditanja: 12 godina i vi\u0161e<\/li>\n<li>Dimenzije: 20,8 x 14,2 x 1,6 cm<\/li>\n<li>Poredak najprodavanijih knjiga: 157.849 u knjigama (Upoznajte 100 najboljih u kategoriji knjiga) 3.428 u menad\u017ementu i vodstvu<\/li>\n<li>3428 u upravljanju i vodstvu<\/li>\n<li>Recenzije kupaca: 4,7 4,7 od 5 zvjezdica (34)<\/li>\n<\/ul><\/div>","protected":false},"excerpt":{"rendered":"<p>S ubrzanim napretkom informacijskih i komunikacijskih tehnologija, ovladavanje konceptima, strategijama i alatima koji \u010dine univerzum e-trgovine postalo je temeljno za sve one koji \u017eele posti\u0107i uspjeh u poslovnom okru\u017eenju Do\u0111ite razmisliti s nama o prednostima i izazovima koji se obi\u010dno nalaze u e-trgovini i bolje upoznajte djelovanje tehnologija uklju\u010denih u ovu aktivnost Na kraju ovog \u010ditanja mo\u0107i \u0107ete uo\u010diti aspekte koji razlikuju digitalno tr\u017ei\u0161te od tradicionalnog i mo\u017eete primijeniti to znanje u praksi va\u0161eg svakodnevnog rada.<\/p>","protected":false},"featured_media":94354,"comment_status":"open","ping_status":"closed","template":"","meta":[],"product_cat":[1611,1621,1595],"product_tag":[],"class_list":{"0":"post-94354","1":"product","2":"type-product","3":"status-publish","4":"has-post-thumbnail","6":"product_brand-edicao-portugus-por-nara-stefano-autor-izabel-cristina-zattar-autor","7":"product_cat-administracao-negocios-e-economia","8":"product_cat-gestao-e-lideranca","9":"product_cat-livros","11":"first","12":"instock","13":"sale","14":"shipping-taxable","15":"purchasable","16":"product-type-simple"},"aioseo_notices":[],"_links":{"self":[{"href":"https:\/\/www.ecommerceupdate.com.br\/hr\/wp-json\/wp\/v2\/product\/94354","targetHints":{"allow":["GET"]}}],"collection":[{"href":"https:\/\/www.ecommerceupdate.com.br\/hr\/wp-json\/wp\/v2\/product"}],"about":[{"href":"https:\/\/www.ecommerceupdate.com.br\/hr\/wp-json\/wp\/v2\/types\/product"}],"replies":[{"embeddable":true,"href":"https:\/\/www.ecommerceupdate.com.br\/hr\/wp-json\/wp\/v2\/comments?post=94354"}],"wp:featuredmedia":[{"embeddable":true,"href":"https:\/\/www.ecommerceupdate.com.br\/hr\/wp-json\/wp\/v2\/product\/94354"}],"wp:attachment":[{"href":"https:\/\/www.ecommerceupdate.com.br\/hr\/wp-json\/wp\/v2\/media?parent=94354"}],"wp:term":[{"taxonomy":"product_cat","embeddable":true,"href":"https:\/\/www.ecommerceupdate.com.br\/hr\/wp-json\/wp\/v2\/product_cat?post=94354"},{"taxonomy":"product_tag","embeddable":true,"href":"https:\/\/www.ecommerceupdate.com.br\/hr\/wp-json\/wp\/v2\/product_tag?post=94354"}],"curies":[{"name":"wp","href":"https:\/\/api.w.org\/{rel}","templated":true}]}}