{"id":94359,"date":"2026-03-12T13:41:33","date_gmt":"2026-03-12T16:41:33","guid":{"rendered":"https:\/\/www.ecommerceupdate.com.br\/produto\/gestao-e-operacao-de-e-commerce-da-estrategia-a-pratica\/"},"modified":"2026-03-13T15:57:38","modified_gmt":"2026-03-13T18:57:38","slug":"gestao-e-operacao-de-e-commerce-da-estrategia-a-pratica","status":"publish","type":"product","link":"https:\/\/www.ecommerceupdate.com.br\/hr\/produto\/gestao-e-operacao-de-e-commerce-da-estrategia-a-pratica\/","title":{"rendered":"Upravljanje i rad e-trgovine - od strategije do prakse"},"content":{"rendered":"<div class=\"woocommerce-product-details\">\n<h3>Detalji proizvoda<\/h3>\n<ul>\n<li>ASIN: B0F48PH9VJ<\/li>\n<li>Pristupa\u010dnost: Saznajte vi\u0161e<\/li>\n<li>Datum objave: 9. travnja 2025<\/li>\n<li>Jezik: portugalski<\/li>\n<li>Veli\u010dina datoteke: 176 KB<\/li>\n<li>\u010cita\u010d zaslona: Kompatibilan<\/li>\n<li>Konfiguracija fonta: Omogu\u0107eno<\/li>\n<li>Savjeti za rje\u010dnik: Nije omogu\u0107eno<\/li>\n<li>Broj stranica: 127 stranica<\/li>\n<li>Okretanje stranice: omogu\u0107eno<\/li>\n<li>Dob \u010ditanja: 15 18 godina<\/li>\n<li>Poredak najprodavanijih proizvoda: 77.693 u Kindle Storeu (Upoznajte 100 najboljih u kategoriji Kindle Store) 912 u ra\u010dunalstvu, internetu i digitalnim medijima 2.702 u poslovanju i ekonomiji<\/li>\n<li>912 U ra\u010dunalstvu, internetu i digitalnim medijima<\/li>\n<li>2.702 u poslovanju i ekonomiji<\/li>\n<li>Ocjene kupaca: 5,0 5,0 od 5 zvjezdica (2)<\/li>\n<\/ul><\/div>","protected":false},"excerpt":{"rendered":"<p>Upravljanje i rad e-trgovine - od strategije do prakse<\/p>\n<p>Pretvorite svoje znanje u stvarne rezultate u digitalnom svijetu!Ova knjiga je cjelovit i didakti\u010dki vodi\u010d za one koji \u017eele ovladati upravljanjem, radom i strategijama moderne i u\u010dinkovite e-trgovine.Napisano na prakti\u010dan i pristupa\u010dan na\u010din, Upravljanje i rad e-trgovine (Od strategije do prakse objedinjuje profesionalna iskustva, teorijske temelje i stvarne primjene za one koji \u017eele djelovati ili ve\u0107 djeluju na digitalnom tr\u017ei\u0161tu.Ako ste poduzetnik, menad\u017eer, student ili profesionalac marketinga, logistike ili administracije, ovdje \u0107ete prona\u0107i nezaobilazan materijal za svoj put u e-trgovini.<\/p>\n<p>\u0160to \u0107ete nau\u010diti u ovoj knjizi:\u2714 Upravljanje e-trgovinom wow Kako planirati, strukturirati i upravljati internetskim poslovanjem.\u2714 Digitalni marketing i prodaja \u2014 Prakti\u010dne strategije za privla\u010denje, pretvaranje i zadr\u017eavanje kupaca.\u2714 Logistika i slu\u017eba za korisnike \u2714 Dobre prakse i rje\u0161enja za pru\u017eanje vrijednosti i pozitivnog iskustva.\u2714 Financijsko i operativno upravljanje \u2714 Kontrola, analiza i strate\u0161ko dono\u0161enje odluka.\u2714 Iskustvo korisnika \u2714 Kako odu\u0161eviti i stvoriti trajan odnos u digitalnom okru\u017eenju.\u2714 Prakti\u010dni slu\u010dajevi, okviri obja\u0161njenja i grafika \u2714 Vizualni i izravni sadr\u017eaj za olak\u0161avanje u\u010denja.<\/p>\n<p>Za koga je ova knjiga?<\/p>\n<p><span>Poduzetnici koji \u017eele kreirati ili profesionalizirati svoju e-trgovinu.<\/span><\/p>\n<p>Poduzetnici koji \u017eele kreirati ili profesionalizirati svoju e-trgovinu.<\/p>\n<p><span>Studenti administracije, marketinga, logistike i poslovnog menad\u017ementa.<\/span><\/p>\n<p>Studenti administracije, marketinga, logistike i poslovnog menad\u017ementa.<\/p>\n<p><span>Profesionalci na digitalnom tr\u017ei\u0161tu koji tra\u017ee prakti\u010dno i teoretsko a\u017euriranje.<\/span><\/p>\n<p>Profesionalci na digitalnom tr\u017ei\u0161tu koji tra\u017ee prakti\u010dno i teoretsko a\u017euriranje.<\/p>\n<p><span>Ljudi koji \u017eele sigurno pokrenuti online poslovanje i planiraju.<\/p>\n<p><\/span><span class=\"a-text-bold\">Za\u0161to \u010ditati ovu knjigu?<\/span><\/p>\n<p><span>E-trgovina je jedan od najbr\u017ee rastu\u0107ih sektora u Brazilu iu svijetu. Me\u0111utim, mnoge tvrtke propadaju zbog nedostatka upravljanja, planiranja i u\u010dinkovitog rada.<\/span><\/p>\n<p><span>Ova je knjiga napisana kako bi popunila ovu prazninu i pru\u017eila cjelovit, a\u017euran materijal temeljen na praksi.<\/span><\/p>\n<p><span>U\u010dite od onih koji u praksi \u017eive digitalno Postanite e-commerce manager pripremljen za izazove i prilike nove ekonomije.<\/span><\/p>\n<p>Ljudi koji \u017eele sigurno pokrenuti online poslovanje i planiraju.<\/p>\n<p>Za\u0161to \u010ditati ovu knjigu?E-trgovina je jedan od najbr\u017ee rastu\u0107ih sektora u Brazilu i u svijetu.Me\u0111utim, mnoge tvrtke propadaju zbog nedostatka upravljanja, planiranja i u\u010dinkovitog rada.Ova knjiga je napisana kako bi popunila ovu prazninu i pru\u017eila cjelovit materijal, a\u017euriran i temeljen na tr\u017ei\u0161noj praksi.U\u010dite s onima koji \u017eive digitalno u praksi.Postanite menad\u017eer e-trgovine pripremljen za izazove i prilike nove ekonomije.<\/p>","protected":false},"featured_media":94359,"comment_status":"open","ping_status":"closed","template":"","meta":[],"product_cat":[1611,1608,1607],"product_tag":[],"class_list":{"0":"post-94359","1":"product","2":"type-product","3":"status-publish","4":"has-post-thumbnail","6":"product_brand-por-vincius-germano-autor-formato-ebook-kindle","7":"product_cat-administracao-negocios-e-economia","8":"product_cat-ebooks-kindle","9":"product_cat-loja-kindle","11":"first","12":"instock","13":"shipping-taxable","14":"purchasable","15":"product-type-simple"},"aioseo_notices":[],"_links":{"self":[{"href":"https:\/\/www.ecommerceupdate.com.br\/hr\/wp-json\/wp\/v2\/product\/94359","targetHints":{"allow":["GET"]}}],"collection":[{"href":"https:\/\/www.ecommerceupdate.com.br\/hr\/wp-json\/wp\/v2\/product"}],"about":[{"href":"https:\/\/www.ecommerceupdate.com.br\/hr\/wp-json\/wp\/v2\/types\/product"}],"replies":[{"embeddable":true,"href":"https:\/\/www.ecommerceupdate.com.br\/hr\/wp-json\/wp\/v2\/comments?post=94359"}],"wp:featuredmedia":[{"embeddable":true,"href":"https:\/\/www.ecommerceupdate.com.br\/hr\/wp-json\/wp\/v2\/product\/94359"}],"wp:attachment":[{"href":"https:\/\/www.ecommerceupdate.com.br\/hr\/wp-json\/wp\/v2\/media?parent=94359"}],"wp:term":[{"taxonomy":"product_cat","embeddable":true,"href":"https:\/\/www.ecommerceupdate.com.br\/hr\/wp-json\/wp\/v2\/product_cat?post=94359"},{"taxonomy":"product_tag","embeddable":true,"href":"https:\/\/www.ecommerceupdate.com.br\/hr\/wp-json\/wp\/v2\/product_tag?post=94359"}],"curies":[{"name":"wp","href":"https:\/\/api.w.org\/{rel}","templated":true}]}}