{"id":94371,"date":"2026-03-12T13:46:47","date_gmt":"2026-03-12T16:46:47","guid":{"rendered":"https:\/\/www.ecommerceupdate.com.br\/produto\/manual-do-ecommerce-para-lojas-fisicas\/"},"modified":"2026-03-12T13:46:48","modified_gmt":"2026-03-12T16:46:48","slug":"manual-do-ecommerce-para-lojas-fisicas","status":"publish","type":"product","link":"https:\/\/www.ecommerceupdate.com.br\/hr\/produto\/manual-do-ecommerce-para-lojas-fisicas\/","title":{"rendered":"Priru\u010dnik za e-trgovinu za fizi\u010dke trgovine"},"content":{"rendered":"<div class=\"woocommerce-product-details\">\n<h3>Detalji proizvoda<\/h3>\n<ul>\n<li>ASIN: B0DNBQV438<\/li>\n<li>Pristupa\u010dnost: Saznajte vi\u0161e<\/li>\n<li>Datum objave: 31. sije\u010dnja 2025<\/li>\n<li>Izdanje: 1a<\/li>\n<li>Jezik: portugalski<\/li>\n<li>Veli\u010dina datoteke: 2.8 MB<\/li>\n<li>\u010cita\u010d zaslona: Kompatibilan<\/li>\n<li>Konfiguracija fonta: Omogu\u0107eno<\/li>\n<li>Savjeti za rje\u010dnik: Nije omogu\u0107eno<\/li>\n<li>Broj stranica: 154 stranice<\/li>\n<li>Okretanje stranice: omogu\u0107eno<\/li>\n<li>Poredak najprodavanijih proizvoda: br. 390.394 u Kindle Storeu (Upoznajte 100 najboljih u kategoriji Kindle Store) br. 5.111 u ra\u010dunalstvu, internetu i digitalnim medijima br. 14.583 u poslovanju i ekonomiji<\/li>\n<li>5,111 u ra\u010dunarstvu, internetu i digitalnim medijima<\/li>\n<li>14.583 u poslovanju i ekonomiji<\/li>\n<\/ul><\/div>","protected":false},"excerpt":{"rendered":"<p>Priru\u010dnik za e-trgovinu za fizi\u010dke trgovine<br \/>Autor: Emerson Duarte<\/p>\n<p>\u201cS neizmjernim ponosom i rado\u0161\u0107u predstavljam Priru\u010dnik za e-trgovinu za fizi\u010dke trgovine, djelo koje je napisao briljantni Emerson Duarte, profesionalac kojeg sam imao \u010dast pratiti na njegovom putovanju kao studenta u Obuci konzultanata za e-trgovinu i kasnije kao partner konzultant u izazovnim projektima.Ovaj odnos me\u0111usobnog povjerenja izgra\u0111en je izvrsno\u0161\u0107u Emersona u svakom detalju njegova rada, a sada, on ovdje dijeli malo tog znanja, akumuliranog u godinama posve\u0107enosti e-trgovini.\u201d<br \/>Babi Tonhela Konzultant za e-trgovinu<\/p>\n<p>Otkrijte kako svoju fizi\u010dku trgovinu pretvoriti u uspje\u0161nu online operaciju uz Priru\u010dnik za e-trgovinu za fizi\u010dke trgovine. Ova je knjiga konzultantska tvrtka u formatu za \u010ditanje, prepuna prakti\u010dnih strategija i detaljnih smjernica koje poma\u017eu trgovcima da pro\u0161ire svoje poslovanje na digitalni svijet, ne zanemaruju\u0107i ono \u0161to njihove trgovine \u010dini jedinstvenima.<\/p>\n<p>Oslanjaju\u0107i se na dugogodi\u0161nje iskustvo savjetnika za e-trgovinu, Emerson Duarte dijeli dragocjene uvide o tome kako strukturirati operacije, identificirati tr\u017ei\u0161ne prilike i maksimizirati prodaju.Priru\u010dnik pokriva klju\u010dne teme kao \u0161to su<span>Izbor i integracija platformi za e-trgovinu i ERP-ova.<\/span>Izbor i integracija platformi za e-trgovinu i ERP-ova.<span>Strategije digitalnog marketinga i stvaranje online zajednica.<\/span>Strategije digitalnog marketinga i stvaranje online zajednica.<span>Optimizacija miksa proizvoda i cijena.<\/span>Optimizacija miksa proizvoda i cijena.<span>Logisti\u010dke operacije i korisni\u010dka slu\u017eba.<\/span>Logisti\u010dke operacije i korisni\u010dka slu\u017eba.<span>Prilagodba novom potro\u0161a\u010dkom kupovnom pona\u0161anju i novim tehnologijama.<\/span>Prilagodba novom potro\u0161a\u010dkom kupovnom pona\u0161anju i novim tehnologijama. U idealnom slu\u010daju za poduzetnike koji se \u017eele istaknuti u e-trgovini, ovaj vodi\u010d nudi nezamjenjive alate za postizanje pozitivnih rezultata na digitalnom tr\u017ei\u0161tu. Sadr\u017eaj tako\u0111er uklju\u010duje studije slu\u010daja, popise za provjeru i vrijedne savjete koji \u010ditanje pretvaraju u prakti\u010dno i privla\u010dno iskustvo.<\/p>\n<p>Bilo da ste po\u010detnik u e-trgovini ili iskusni poduzetnik koji tra\u017ei rast, ova je knjiga po\u010detna to\u010dka za postizanje sljede\u0107e razine u va\u0161oj online prodaji.<\/p>\n<p>Pripremite se za klju\u010dni zaokret u svom poslovanju i osvojite nove horizonte u digitalnoj maloprodaji.<\/p>\n<p>Nabavite ga sada i po\u010dnite transformirati svoje poslovanje!<\/p>","protected":false},"featured_media":0,"comment_status":"open","ping_status":"closed","template":"","meta":[],"product_cat":[1611,1608,1607],"product_tag":[],"class_list":{"0":"post-94371","1":"product","2":"type-product","3":"status-publish","5":"product_brand-por-emerson-duarte-autor-formato-ebook-kindle","6":"product_cat-administracao-negocios-e-economia","7":"product_cat-ebooks-kindle","8":"product_cat-loja-kindle","10":"first","11":"instock","12":"shipping-taxable","13":"purchasable","14":"product-type-simple"},"aioseo_notices":[],"_links":{"self":[{"href":"https:\/\/www.ecommerceupdate.com.br\/hr\/wp-json\/wp\/v2\/product\/94371","targetHints":{"allow":["GET"]}}],"collection":[{"href":"https:\/\/www.ecommerceupdate.com.br\/hr\/wp-json\/wp\/v2\/product"}],"about":[{"href":"https:\/\/www.ecommerceupdate.com.br\/hr\/wp-json\/wp\/v2\/types\/product"}],"replies":[{"embeddable":true,"href":"https:\/\/www.ecommerceupdate.com.br\/hr\/wp-json\/wp\/v2\/comments?post=94371"}],"wp:attachment":[{"href":"https:\/\/www.ecommerceupdate.com.br\/hr\/wp-json\/wp\/v2\/media?parent=94371"}],"wp:term":[{"taxonomy":"product_cat","embeddable":true,"href":"https:\/\/www.ecommerceupdate.com.br\/hr\/wp-json\/wp\/v2\/product_cat?post=94371"},{"taxonomy":"product_tag","embeddable":true,"href":"https:\/\/www.ecommerceupdate.com.br\/hr\/wp-json\/wp\/v2\/product_tag?post=94371"}],"curies":[{"name":"wp","href":"https:\/\/api.w.org\/{rel}","templated":true}]}}