{"id":94404,"date":"2026-03-13T08:58:28","date_gmt":"2026-03-13T11:58:28","guid":{"rendered":"https:\/\/www.ecommerceupdate.com.br\/produto\/pelicula-para-kindle-11a-geracao-2024-e-2022-rs23cv-e-c2v2l3-6-polegadas-antirreflexo-fosca\/"},"modified":"2026-03-13T16:01:09","modified_gmt":"2026-03-13T19:01:09","slug":"pelicula-para-kindle-11a-geracao-2024-e-2022-rs23cv-e-c2v2l3-6-polegadas-antirreflexo-fosca","status":"publish","type":"product","link":"https:\/\/www.ecommerceupdate.com.br\/hr\/produto\/pelicula-para-kindle-11a-geracao-2024-e-2022-rs23cv-e-c2v2l3-6-polegadas-antirreflexo-fosca\/","title":{"rendered":"Film za Kindle 11. generacije 2024. i 2022. (RS23CV i C2V2L3) 6\u2033 in\u010da i antirefleksni 2024. i 2022"},"content":{"rendered":"<div class=\"woocommerce-product-details\">\n<h3>Marka<\/h3>\n<div><img decoding=\"async\" src=\"https:\/\/m.media-amazon.com\/images\/S\/aplus-media-library-service-media\/c248faf5-b8a4-4f2f-9d05-4692cdf55ae9.__CR0,0,1464,625_PT0_SX1464_V1___.png\" alt=\"Slika marke\" style=\"max-width: 100%\"><\/div>\n<p>Kindle Case Mavife<\/p>\n<p> Obojene, strap-on, origami ili prozirne navlake u stilu TPU-a, koje kombiniraju za\u0161titu, stil i prakti\u010dnost za va\u0161 Kindle.<\/p>\n<div id=\"aplus_feature_div\" class=\"celwidget pd_rd_w-sZOhP pd_rd_r-41A6RBH7B2A4ZK3E04Q4 pd_rd_wg-O5GHa\" data-feature-name=\"aplus\" data-csa-c-type=\"widget\" data-csa-c-content-id=\"aplus\" data-csa-c-slot-id=\"aplus_feature_div\" data-csa-c-asin=\"\" data-csa-c-is-in-initial-active-row=\"false\">\n<div id=\"aplus\" class=\"a-section a-spacing-large bucket\">\n<h3 class=\"\">Opis proizvoda<\/h3>\n<div lang=\"pt_BR\">\n<div class=\"aplus-v2 desktop celwidget\">\n<div class=\"celwidget aplus-module premium-module-2-fullbackground-image aplus-premium\">\n<div class=\"a-section a-spacing-none premium-aplus premium-aplus-module-2\">\n<div class=\"a-section a-spacing-none premium-background-wrapper\">\n<div class=\"a-section a-spacing-none background-image\"> <img decoding=\"async\" alt=\"Kindle film\" src=\"https:\/\/m.media-amazon.com\/images\/S\/aplus-media-library-service-media\/0e96fd38-c98c-488c-9f77-9ce03f03f7e9.__CR0,0,1464,600_PT0_SX1464_V1___.png\" \/> <\/div>\n<\/p>\n<\/div>\n<\/div>\n<\/div>\n<div class=\"celwidget aplus-module premium-module-3-four-column-images aplus-premium\">\n<div class=\"a-section a-spacing-none premium-aplus premium-aplus-module-3 aplus-container-1\">\n<div class=\"a-section a-spacing-none premium-aplus-four-column\">\n<div class=\"a-section a-spacing-none premium-aplus-column\">\n<div class=\"a-section a-spacing-none {'column-image'}\"> <img decoding=\"async\" alt=\"Slika 1\" src=\"https:\/\/m.media-amazon.com\/images\/S\/aplus-media-library-service-media\/ac0b63d2-54c8-48cc-8471-8a93c8657693.__CR0,251,2008,1506_PT0_SX300_V1___.png\" \/> <\/div>\n<div class=\"a-section a-spacing-none column-heading\">\n<h1 class=\"aplus-h3 a-text-bold\"> 1 'Pove\u017eite zaslon <\/h1>\n<\/p>\n<\/div>\n<div class=\"a-section a-spacing-none column-description\">\n<p class=\"aplus-p3\"> Uklonite prljav\u0161tinu \u010distom krpom i alkoholom. <\/p>\n<\/p>\n<\/div>\n<\/div>\n<div class=\"a-section a-spacing-none premium-aplus-column\">\n<div class=\"a-section a-spacing-none {'column-image'}\"> <img decoding=\"async\" alt=\"slika 2\" src=\"https:\/\/m.media-amazon.com\/images\/S\/aplus-media-library-service-media\/c23ba00b-35b1-4102-8be8-3a58ac5d83a2.__CR0,250,1996,1497_PT0_SX300_V1___.png\" \/> <\/div>\n<div class=\"a-section a-spacing-none column-heading\">\n<h1 class=\"aplus-h3 a-text-bold\"> 2 ^ Uklonite crvenu naljepnicu <\/h1>\n<\/p>\n<\/div>\n<div class=\"a-section a-spacing-none column-description\">\n<p class=\"aplus-p3\"> Uklonite ljepljivi film i nanesite na zaslon <\/p>\n<\/p>\n<\/div>\n<\/div>\n<div class=\"a-section a-spacing-none premium-aplus-column\">\n<div class=\"a-section a-spacing-none {'column-image'}\"> <img decoding=\"async\" alt=\"Slika 3\" src=\"https:\/\/m.media-amazon.com\/images\/S\/aplus-media-library-service-media\/e8de632f-5c7d-417c-afa8-524ea3d604ba.__CR0,253,2024,1518_PT0_SX300_V1___.png\" \/> <\/div>\n<div class=\"a-section a-spacing-none column-heading\">\n<h1 class=\"aplus-h3 a-text-bold\"> 3 ^ Uklonite crno ljepilo <\/h1>\n<\/p>\n<\/div>\n<div class=\"a-section a-spacing-none column-description\">\n<p class=\"aplus-p3\"> Uklonite drugi ljepljivi film. <\/p>\n<\/p>\n<\/div>\n<\/div>\n<div class=\"a-section a-spacing-none premium-aplus-column\">\n<div class=\"a-section a-spacing-none {'column-image'}\"> <img decoding=\"async\" alt=\"Slika 4\" src=\"https:\/\/m.media-amazon.com\/images\/S\/aplus-media-library-service-media\/c26adb2a-42d7-4b00-a990-c1494ae910c5.__CR0,248,1980,1485_PT0_SX300_V1___.png\" \/> <\/div>\n<div class=\"a-section a-spacing-none column-heading\">\n<h1 class=\"aplus-h3 a-text-bold\"> 4 'Umirovite mjehuri\u0107e <\/h1>\n<\/p>\n<\/div>\n<div class=\"a-section a-spacing-none column-description\">\n<p class=\"aplus-p3\"> Koristite struga\u010d za uklanjanje mjehuri\u0107a zraka i tragova koje ostavlja alkohol. <\/p>\n<\/p>\n<\/div>\n<\/div>\n<\/div>\n<\/div>\n<\/div>\n<div class=\"celwidget aplus-module premium-module-8-hero-video aplus-premium\">\n<div class=\"a-section a-spacing-none premium-aplus premium-aplus-module-8\">\n<div class=\"a-section a-spacing-none premium-aplus-module-8-video\">\n<div class=\"a-section a-spacing-none video-container\">\n<div id=\"163ecb4e-7c63-493d-9e59-a4bf6bd27248\" style=\"width:100%;height:100%\">\n<div class=\"vse-airy-container vse-player-container none\">\n<div id=\"ive-aplus-22018-player-label-container\" data-element-id=\"ive-player-label-container\" class=\"a-section a-spacing-none ive-player-label-container\"><span class=\"a-declarative\" data-action=\"a-popover\" data-a-popover=\"{&quot;name&quot;:&quot;ive-aplus-22018-label-type-tooltip&quot;,&quot;width&quot;:&quot;300&quot;,&quot;position&quot;:&quot;triggerRight&quot;,&quot;dataStrategy&quot;:&quot;preload&quot;}\"><a href=\"\/hr\/void(0)\/\" role=\"button\" class=\"a-popover-trigger a-declarative ive-player-label-name aok-hidden\"><i class=\"a-icon a-icon-popover\"><\/i><\/a><\/span><\/p>\n<div class=\"a-popover-preload\" id=\"a-popover-ive-aplus-22018-label-type-tooltip\"><span class=\"ive-demo-label-tooltip ive-player-label-tooltip aok-hidden\">Video prikazuje proizvod u uporabi.<\/span><span class=\"ive-assembly-label-tooltip ive-player-label-tooltip aok-hidden\">Video vas vodi kroz konfiguraciju proizvoda.<\/span><span class=\"ive-comparison-label-tooltip ive-player-label-tooltip aok-hidden\">Video uspore\u0111uje razne proizvode.<\/span><span class=\"ive-unboxing-label-tooltip ive-player-label-tooltip aok-hidden\">Video prikazuje proizvod koji se raspakira.<\/span><\/div>\n<\/p><\/div>\n<\/p><\/div>\n<\/div>\n<\/div>\n<\/div>\n<\/div>\n<\/div>\n<div class=\"celwidget aplus-module premium-module-12-nav-carousel aplus-premium\">\n<div class=\"a-section a-spacing-none premium-aplus premium-aplus-module-12 premium-aplus-module-12--top-nav\">\n<div data-module-id=\"3\" class=\"a-section a-spacing-none aplus-carousel-container\">\n<div id=\"premium-aplus-12-carousel-3-id\" data-a-carousel-options=\"{&quot;peek_percentage&quot;:0,&quot;minimum_gutter_width&quot;:0,&quot;show_partial_next&quot;:false,&quot;name&quot;:&quot;premium-aplus-12-carousel-3&quot;}\" aria-label=\"Vrtuljak istaknutog sadr\u017eaja\" data-a-display-strategy=\"single\" data-a-transition-strategy=\"slideCircular\" role=\"group\" class=\"a-begin a-carousel-container a-carousel-static a-carousel-display-single a-carousel-transition-slideCircular aplus-image-carousel-container\">\n<div class=\"a-row a-carousel-controls a-carousel-row a-carousel-has-buttons a-carousel-overlay-buttons a-carousel-rounded-buttons\">\n<div class=\"a-carousel-row-inner\">\n<div class=\"a-carousel-col a-carousel-left\"><a class=\"a-carousel-goto-prevpage\" role=\"button\" href=\"#\"><i class=\"a-icon a-icon-previous-rounded\"><span class=\"a-icon-alt\">Prethodna stranica<\/span><\/i><\/a><\/div>\n<div class=\"a-carousel-col a-carousel-center\">\n<div class=\"a-carousel-viewport\" role=\"group\">\n<ol class=\"a-carousel\" role=\"list\">\n<li class=\"a-carousel-card aplus-carousel-card\">\n<div class=\"a-section a-spacing-none aplus-card-image\"> <img decoding=\"async\" alt=\"Visokokvalitetan materijal\" src=\"https:\/\/m.media-amazon.com\/images\/S\/aplus-media-library-service-media\/0e9d4f8e-f694-4e6f-b06b-19561b4a7a4f.__CR0,0,1464,600_PT0_SX1464_V1___.png\" \/> <\/div>\n<\/li>\n<li class=\"a-carousel-card aplus-carousel-card\">\n<div class=\"a-section a-spacing-none aplus-card-image\"> <img decoding=\"async\" alt=\"Anti-rizik\" src=\"https:\/\/m.media-amazon.com\/images\/S\/aplus-media-library-service-media\/35d7f37e-9cb9-46bb-acec-14c433cfe7ec.__CR0,0,1464,600_PT0_SX1464_V1___.png\" \/> <\/div>\n<\/li>\n<li class=\"a-carousel-card aplus-carousel-card\">\n<div class=\"a-section a-spacing-none aplus-card-image\"> <img decoding=\"async\" alt=\"Za\u0161tita\" src=\"https:\/\/m.media-amazon.com\/images\/S\/aplus-media-library-service-media\/f737e049-db59-437a-8853-2483b8a0a8f0.__CR0,0,1464,600_PT0_SX1464_V1___.png\" \/> <\/div>\n<\/li>\n<\/ol><\/div>\n<\/p><\/div>\n<div class=\"a-carousel-col a-carousel-right\"><a class=\"a-carousel-goto-nextpage\" role=\"button\" href=\"#\"><i class=\"a-icon a-icon-next-rounded\"><span class=\"a-icon-alt\">Sljede\u0107a stranica<\/span><\/i><\/a><\/div>\n<\/p><\/div>\n<\/p><\/div>\n<\/div>\n<\/div>\n<\/div>\n<\/div>\n<div class=\"celwidget aplus-module premium-module-13-carousel aplus-premium\">\n<div class=\"a-section a-spacing-none premium-aplus premium-aplus-module-13\">\n<h1 class=\"aplus-container-3 aplus-h1 a-text-bold\"> Mo\u017eda \u0107e vam se svidjeti: <\/h1>\n<div class=\"a-section a-spacing-none aplus-carousel-container\">\n<div id=\"premium-aplus-13-carousel-4-id\" data-a-carousel-options=\"{&quot;peek_percentage&quot;:0,&quot;minimum_gutter_width&quot;:0,&quot;show_partial_next&quot;:false,&quot;name&quot;:&quot;premium-aplus-13-carousel-4&quot;}\" aria-label=\"Vrtuljak istaknutog sadr\u017eaja\" data-a-display-strategy=\"single\" data-a-transition-strategy=\"slideCircular\" role=\"group\" class=\"a-begin a-carousel-container a-carousel-static a-carousel-display-single a-carousel-transition-slideCircular\">\n<div class=\"a-row a-carousel-controls a-carousel-row a-carousel-has-buttons a-carousel-overlay-buttons a-carousel-rounded-buttons\">\n<div class=\"a-carousel-row-inner\">\n<div class=\"a-carousel-col a-carousel-left\"><a class=\"a-carousel-goto-prevpage\" role=\"button\" href=\"#\"><i class=\"a-icon a-icon-previous-rounded\"><span class=\"a-icon-alt\">Prethodna stranica<\/span><\/i><\/a><\/div>\n<div class=\"a-carousel-col a-carousel-center\">\n<div class=\"a-carousel-viewport\" role=\"group\">\n<ol class=\"a-carousel\" role=\"list\">\n<li class=\"a-carousel-card aplus-carousel-element\">\n<div id=\"premium-aplus-13-carousel-4-slide-0\">\n<div class=\"a-section a-spacing-none aplus-card-image\"> <img decoding=\"async\" alt=\"CRNA\" src=\"https:\/\/m.media-amazon.com\/images\/S\/aplus-media-library-service-media\/8f1029ce-f1ce-47e1-a4fb-9765c6849c02.__CR0,0,1464,600_PT0_SX1464_V1___.png\" \/> <\/div>\n<div class=\"a-section a-spacing-none aplus-card-description-wrapper\">\n<div class=\"a-section a-spacing-none aplus-card-description aplus-container-1-2\">\n<div class=\"a-section a-spacing-none aplus-card-table-cell\">\n<div class=\"a-section a-spacing-none aplus-text-background aplus-container-1\">\n<div class=\"a-section a-spacing-none aplus-card-title\">\n<h1 class=\"aplus-h2 a-text-bold\"> Kutija za zapaljivanje generacije 11 (C2V2L3 i RS23CV) crna <\/h1>\n<\/p>\n<\/div>\n<div class=\"a-section a-spacing-none aplus-card-body\">\n<p class=\"aplus-p3\"> Potpuna za\u0161tita s funkcijom automatske hibernacije i magnetskim senzorom. Svugdje sigurno ponesite svoj Kindle. <\/p>\n<\/p>\n<\/div>\n<div class=\"a-section a-spacing-none aplus-card-link-button\"> <span class=\"a-button a-button-toggle aplus-comparison-table-carousel-link-button\"><span class=\"a-button-inner\"><a href=\"\/hr\/dp\/B0DBFKYYBP\/?ref=emc_p_m_13_b\" aria-label=\"Saznajte vi\u0161e o proizvodu: Kindle ku\u0107i\u0161te 11. generacije (C2V2L3 i RS23CV) crno\" class=\"a-button-text\"> Vi\u0161e info <\/a><\/span><\/span> <\/div>\n<\/p>\n<\/div>\n<\/div>\n<\/div>\n<\/div>\n<\/div>\n<\/li>\n<li class=\"a-carousel-card aplus-carousel-element\">\n<div id=\"premium-aplus-13-carousel-4-slide-1\">\n<div class=\"a-section a-spacing-none aplus-card-image\"> <img decoding=\"async\" alt=\"Mornarsko plava\" src=\"https:\/\/m.media-amazon.com\/images\/S\/aplus-media-library-service-media\/78612073-1335-442f-9e4a-96fefa745a54.__CR0,0,1464,600_PT0_SX1464_V1___.png\" \/> <\/div>\n<div class=\"a-section a-spacing-none aplus-card-description-wrapper\">\n<div class=\"a-section a-spacing-none aplus-card-description aplus-container-1-2\">\n<div class=\"a-section a-spacing-none aplus-card-table-cell\">\n<div class=\"a-section a-spacing-none aplus-text-background aplus-container-1\">\n<div class=\"a-section a-spacing-none aplus-card-title\">\n<h1 class=\"aplus-h2 a-text-bold\"> 11 generacija Kindle Case (C2V2L3 i RS23CV) plava <\/h1>\n<\/p>\n<\/div>\n<div class=\"a-section a-spacing-none aplus-card-body\">\n<p class=\"aplus-p3\"> Potpuna za\u0161tita s funkcijom automatske hibernacije i magnetskim senzorom. Svugdje sigurno ponesite svoj Kindle. <\/p>\n<\/p>\n<\/div>\n<div class=\"a-section a-spacing-none aplus-card-link-button\"> <span class=\"a-button a-button-toggle aplus-comparison-table-carousel-link-button\"><span class=\"a-button-inner\"><a href=\"\/hr\/dp\/B0DBFK2LLD\/?ref=emc_p_m_13_b\" aria-label=\"Saznajte vi\u0161e o proizvodu: 11th Generation Kindle Case (C2V2L3 i RS23CV) Blue\" class=\"a-button-text\"> Vi\u0161e info <\/a><\/span><\/span> <\/div>\n<\/p>\n<\/div>\n<\/div>\n<\/div>\n<\/div>\n<\/div>\n<\/li>\n<li class=\"a-carousel-card aplus-carousel-element\">\n<div id=\"premium-aplus-13-carousel-4-slide-2\">\n<div class=\"a-section a-spacing-none aplus-card-image\"> <img decoding=\"async\" alt=\"Rose\" src=\"https:\/\/m.media-amazon.com\/images\/S\/aplus-media-library-service-media\/74576a5d-9b4b-4e13-b110-60731da13da3.__CR0,0,1464,600_PT0_SX1464_V1___.png\" \/> <\/div>\n<div class=\"a-section a-spacing-none aplus-card-description-wrapper\">\n<div class=\"a-section a-spacing-none aplus-card-description aplus-container-1-2\">\n<div class=\"a-section a-spacing-none aplus-card-table-cell\">\n<div class=\"a-section a-spacing-none aplus-text-background aplus-container-1\">\n<div class=\"a-section a-spacing-none aplus-card-title\">\n<h1 class=\"aplus-h2 a-text-bold\"> Kutija za zapaljivanje generacije 11 (C2V2L3 i RS23CV) ru\u017ei\u010dasta <\/h1>\n<\/p>\n<\/div>\n<div class=\"a-section a-spacing-none aplus-card-body\">\n<p class=\"aplus-p3\"> Potpuna za\u0161tita s funkcijom automatske hibernacije i magnetskim senzorom. Svugdje sigurno ponesite svoj Kindle. <\/p>\n<\/p>\n<\/div>\n<div class=\"a-section a-spacing-none aplus-card-link-button\"> <span class=\"a-button a-button-toggle aplus-comparison-table-carousel-link-button\"><span class=\"a-button-inner\"><a href=\"\/hr\/dp\/B0DBFLD6WG\/?ref=emc_p_m_13_b\" aria-label=\"Saznajte vi\u0161e o proizvodu: Pink Kindle Case 11. generacije (C2V2L3 i RS23CV)\" class=\"a-button-text\"> Vi\u0161e info <\/a><\/span><\/span> <\/div>\n<\/p>\n<\/div>\n<\/div>\n<\/div>\n<\/div>\n<\/div>\n<\/li>\n<li class=\"a-carousel-card aplus-carousel-element\">\n<div id=\"premium-aplus-13-carousel-4-slide-3\">\n<div class=\"a-section a-spacing-none aplus-card-image\"> <img decoding=\"async\" alt=\"CRNA\" src=\"https:\/\/m.media-amazon.com\/images\/S\/aplus-media-library-service-media\/596f6351-3480-4eb4-ae2d-371a04b1d4e8.__CR0,0,1464,600_PT0_SX1464_V1___.png\" \/> <\/div>\n<div class=\"a-section a-spacing-none aplus-card-description-wrapper\">\n<div class=\"a-section a-spacing-none aplus-card-description aplus-container-1-2\">\n<div class=\"a-section a-spacing-none aplus-card-table-cell\">\n<div class=\"a-section a-spacing-none aplus-text-background aplus-container-1\">\n<div class=\"a-section a-spacing-none aplus-card-title\">\n<h1 class=\"aplus-h2 a-text-bold\"> 11 Generation Kindle Case (C2V2L3 i RS23CV) Origami <\/h1>\n<\/p>\n<\/div>\n<div class=\"a-section a-spacing-none aplus-card-body\">\n<p class=\"aplus-p3\"> Potpuna za\u0161tita s funkcijom automatske hibernacije i magnetskim senzorom. Svugdje sigurno ponesite svoj Kindle. <\/p>\n<\/p>\n<\/div>\n<div class=\"a-section a-spacing-none aplus-card-link-button\"> <span class=\"a-button a-button-toggle aplus-comparison-table-carousel-link-button\"><span class=\"a-button-inner\"><a href=\"\/hr\/dp\/B0DKV79YJK\/?ref=emc_p_m_13_b\" aria-label=\"Saznajte vi\u0161e o proizvodu: Origami 11th Generation Kindle Case (C2V2L3 i RS23CV)\" class=\"a-button-text\"> Vi\u0161e info <\/a><\/span><\/span> <\/div>\n<\/p>\n<\/div>\n<\/div>\n<\/div>\n<\/div>\n<\/div>\n<\/li>\n<li class=\"a-carousel-card aplus-carousel-element\">\n<div id=\"premium-aplus-13-carousel-4-slide-4\">\n<div class=\"a-section a-spacing-none aplus-card-image\"> <img decoding=\"async\" alt=\"Zvjezdana no\u0107\" src=\"https:\/\/m.media-amazon.com\/images\/S\/aplus-media-library-service-media\/c0fde90a-a3ab-45eb-9e4a-ccdfea109c05.__CR0,0,1464,600_PT0_SX1464_V1___.png\" \/> <\/div>\n<div class=\"a-section a-spacing-none aplus-card-description-wrapper\">\n<div class=\"a-section a-spacing-none aplus-card-description aplus-container-1-2\">\n<div class=\"a-section a-spacing-none aplus-card-table-cell\">\n<div class=\"a-section a-spacing-none aplus-text-background aplus-container-1\">\n<div class=\"a-section a-spacing-none aplus-card-title\">\n<h1 class=\"aplus-h2 a-text-bold\"> Van Goghova torbica za potpalu 11. generacije (C2V2L3 i RS23CV) <\/h1>\n<\/p>\n<\/div>\n<div class=\"a-section a-spacing-none aplus-card-body\">\n<p class=\"aplus-p3\"> Potpuna za\u0161tita s funkcijom automatske hibernacije i magnetskim senzorom. Svugdje sigurno ponesite svoj Kindle. <\/p>\n<\/p>\n<\/div>\n<div class=\"a-section a-spacing-none aplus-card-link-button\"> <span class=\"a-button a-button-toggle aplus-comparison-table-carousel-link-button\"><span class=\"a-button-inner\"><a href=\"\/hr\/dp\/B0DBLZ3QBY\/?ref=emc_p_m_13_b\" aria-label=\"Saznajte vi\u0161e o proizvodu: Van Gogh 11th Generation Kindle Case (C2V2L3 i RS23CV)\" class=\"a-button-text\"> Vi\u0161e info <\/a><\/span><\/span> <\/div>\n<\/p>\n<\/div>\n<\/div>\n<\/div>\n<\/div>\n<\/div>\n<\/li>\n<\/ol><\/div>\n<\/p><\/div>\n<div class=\"a-carousel-col a-carousel-right\"><a class=\"a-carousel-goto-nextpage\" role=\"button\" href=\"#\"><i class=\"a-icon a-icon-next-rounded\"><span class=\"a-icon-alt\">Sljede\u0107a stranica<\/span><\/i><\/a><\/div>\n<\/p><\/div>\n<\/p><\/div>\n<\/div>\n<div class=\"a-section a-spacing-none aplus-pagination-wrapper\">\n<div class=\"aplus-mantle aplus-module\">\n<div class=\"aplus-carousel-nav\">\n<ul id=\"aplus-pagination-group-4-premium-aplus-13-carousel-4\" class=\"aplus-pagination-dots\" aria-label=\"tablist-sekcija\" role=\"tablist\">\n<li class=\"aplus-pagination-dot\"> <\/li>\n<li class=\"aplus-pagination-dot\"> <\/li>\n<li class=\"aplus-pagination-dot\"> <\/li>\n<li class=\"aplus-pagination-dot\"> <\/li>\n<li class=\"aplus-pagination-dot\"> <\/li>\n<\/ul>\n<\/div>\n<\/div>\n<\/div>\n<\/div>\n<\/div>\n<\/div>\n<div class=\"celwidget aplus-module premium-module-11-faq aplus-premium\">\n<div class=\"a-section a-spacing-none premium-aplus premium-aplus-module-11\">\n<div data-faq-block=\"5\" class=\"a-section a-spacing-none aplus-container-2 faqs-container 5\">\n<ul class=\"faq-list\">\n<li id=\"faq-qa-pair-0\" class=\"faq-block\">\n<h3> <span data-faq-question role=\"button\" aria-controls=\"faq-0\" aria-expanded=\"false\"> <\/p>\n<p class=\"aplus-question aplus-p1\"> Kako prona\u0107i model mog Kindlea? <\/p>\n<p> <\/span> <\/h3>\n<p class=\"aplus-answer aplus-p2\"> Na pole\u0111ini ure\u0111aja, sitnim slovima, mo\u017eete prona\u0107i BROJ MODELA: C2V2L3 ili RS23CV (model 2022 i 2024), \u0161to zna\u010di da se radi o Kindleu 11. generacije kompatibilnom s ovim filmom. <\/p>\n<\/li>\n<li id=\"faq-qa-pair-1\" class=\"faq-block\">\n<h3> <span data-faq-question role=\"button\" aria-controls=\"faq-1\" aria-expanded=\"false\"> <\/p>\n<p class=\"aplus-question aplus-p1\"> Je li film jednostavno ukloniti? <\/p>\n<p> <\/span> <\/h3>\n<p class=\"aplus-answer aplus-p2\"> Da, dizajn sa zaobljenim kutovima olak\u0161ava nano\u0161enje, kao i uklanjanje. <\/p>\n<\/li>\n<li id=\"faq-qa-pair-2\" class=\"faq-block\">\n<h3> <span data-faq-question role=\"button\" aria-controls=\"faq-2\" aria-expanded=\"false\"> <\/p>\n<p class=\"aplus-question aplus-p1\"> Postoje li opcije pokri\u0107a za moj Kindle? <\/p>\n<p> <\/span> <\/h3>\n<p class=\"aplus-answer aplus-p2\"> Da, nudimo razne mogu\u0107nosti pokrivanja, uklju\u010duju\u0107i modele s jasnim TPU dizajnom, remenima i poklopcima Posjetite na\u0161u trgovinu kako biste provjerili sve dostupne proizvode. <\/p>\n<\/li>\n<li id=\"faq-qa-pair-3\" class=\"faq-block\">\n<h3> <span data-faq-question role=\"button\" aria-controls=\"faq-3\" aria-expanded=\"false\"> <\/p>\n<p class=\"aplus-question aplus-p1\"> Kada \u0107e se izvr\u0161iti isporuka? <\/p>\n<p> <\/span> <\/h3>\n<p class=\"aplus-answer aplus-p2\"> Molimo provjerite predvi\u0111enu isporuku u trenutku kupnje.Na\u0161e proizvode skladi\u0161ti i \u0161alje Amazon, \u0161to vam osigurava iznimno brzu isporuku i izvrsnu uslugu. <\/p>\n<\/li>\n<\/ul>\n<\/div>\n<\/div>\n<\/div>\n<\/div>\n<\/div>\n<\/div>\n<\/div>\n<table id=\"productDetails_techSpec_section_1\" class=\"a-keyvalue prodDetTable\">\n<tr>\n<th class=\"a-color-secondary a-size-base prodDetSectionEntry\"> Certificiranje <\/th>\n<td class=\"a-size-base prodDetAttrValue\"> Nije primjenjivo <\/td>\n<\/tr>\n<tr>\n<th class=\"a-color-secondary a-size-base prodDetSectionEntry\"> Posebne karakteristike <\/th>\n<td class=\"a-size-base prodDetAttrValue\"> Antirefleksni, zaobljeni rub, otporan na mrlje, otporan na ogrebotine, osjetljiv na dodir <\/td>\n<\/tr>\n<tr>\n<th class=\"a-color-secondary a-size-base prodDetSectionEntry\"> Vertikalna veli\u010dina zaslona <\/th>\n<td class=\"a-size-base prodDetAttrValue\"> 6 in\u010da <\/td>\n<\/tr>\n<tr>\n<th class=\"a-color-secondary a-size-base prodDetSectionEntry\"> Boja <\/th>\n<td class=\"a-size-base prodDetAttrValue\"> Transparentno <\/td>\n<\/tr>\n<tr>\n<th class=\"a-color-secondary a-size-base prodDetSectionEntry\"> Uklju\u010dene komponente <\/th>\n<td class=\"a-size-base prodDetAttrValue\"> Kindle film 11. generacije <\/td>\n<\/tr>\n<tr>\n<th class=\"a-color-secondary a-size-base prodDetSectionEntry\"> Broj jedinica <\/th>\n<td class=\"a-size-base prodDetAttrValue\"> 1 <\/td>\n<\/tr>\n<tr>\n<th class=\"a-color-secondary a-size-base prodDetSectionEntry\"> Materijal <\/th>\n<td class=\"a-size-base prodDetAttrValue\"> Termoplasti\u010dni poliuretan <\/td>\n<\/tr>\n<tr>\n<th class=\"a-color-secondary a-size-base prodDetSectionEntry\"> Kompatibilni modeli <\/th>\n<td class=\"a-size-base prodDetAttrValue\"> Kindle 6 in\u010da 2022. i 2024 <\/td>\n<\/tr>\n<tr>\n<th class=\"a-color-secondary a-size-base prodDetSectionEntry\"> Te\u017eina proizvoda <\/th>\n<td class=\"a-size-base prodDetAttrValue\"> 20 G <\/td>\n<\/tr>\n<tr>\n<th class=\"a-color-secondary a-size-base prodDetSectionEntry\"> Dimenzije proizvoda <\/th>\n<td class=\"a-size-base prodDetAttrValue\"> 12 X 9 x 1,27 cm; 20g <\/td>\n<\/tr>\n<tr>\n<th class=\"a-color-secondary a-size-base prodDetSectionEntry\"> Marka <\/th>\n<td class=\"a-size-base prodDetAttrValue\"> Mavife <\/td>\n<\/tr>\n<tr>\n<th class=\"a-color-secondary a-size-base prodDetSectionEntry\"> Radi li baterija ili baterija? <\/th>\n<td class=\"a-size-base prodDetAttrValue\"> Ne <\/td>\n<\/tr>\n<\/table><\/div>","protected":false},"excerpt":{"rendered":"<ul>\n<li> Kompatibilnost: Precizno dizajniran da bude kompatibilan s Kindle 11th Generation (2024. i 2022.) 6\" in\u010da  <\/li>\n<li> Perfect Fit: Ultra-precizna tehnika rezanja za savr\u0161eno obrezivanje, nudi maksimalnu za\u0161titu s potpunom pokriveno\u0161\u0107u od ruba do ruba.  <\/li>\n<li> Antirefleksno: Matirano povr\u0161ina sprje\u010dava tragove prstiju i mrlje, smanjuje refleksije i nudi ugodno \u010ditanje.  <\/li>\n<li> Premium materijal: Izra\u0111en od visokokvalitetnog materijala, ovaj za\u0161titnik ne ostavlja ostatke kada se ukloni.  <\/li>\n<li> Savr\u0161ena za\u0161tita: Za\u0161titite zaslon od ogrebotina, pra\u0161ine i svakodnevnog no\u0161enja.  <\/li>\n<\/ul>","protected":false},"featured_media":94404,"comment_status":"open","ping_status":"closed","template":"","meta":[],"product_cat":[1897,1898,1896],"product_tag":[],"class_list":{"0":"post-94404","1":"product","2":"type-product","3":"status-publish","4":"has-post-thumbnail","6":"product_brand-visite-a-loja-mavife","7":"product_cat-acessorios","8":"product_cat-acessorios-para-tablets","9":"product_cat-computadores-e-informatica","11":"first","12":"instock","13":"sale","14":"shipping-taxable","15":"purchasable","16":"product-type-simple"},"aioseo_notices":[],"_links":{"self":[{"href":"https:\/\/www.ecommerceupdate.com.br\/hr\/wp-json\/wp\/v2\/product\/94404","targetHints":{"allow":["GET"]}}],"collection":[{"href":"https:\/\/www.ecommerceupdate.com.br\/hr\/wp-json\/wp\/v2\/product"}],"about":[{"href":"https:\/\/www.ecommerceupdate.com.br\/hr\/wp-json\/wp\/v2\/types\/product"}],"replies":[{"embeddable":true,"href":"https:\/\/www.ecommerceupdate.com.br\/hr\/wp-json\/wp\/v2\/comments?post=94404"}],"wp:featuredmedia":[{"embeddable":true,"href":"https:\/\/www.ecommerceupdate.com.br\/hr\/wp-json\/wp\/v2\/product\/94404"}],"wp:attachment":[{"href":"https:\/\/www.ecommerceupdate.com.br\/hr\/wp-json\/wp\/v2\/media?parent=94404"}],"wp:term":[{"taxonomy":"product_cat","embeddable":true,"href":"https:\/\/www.ecommerceupdate.com.br\/hr\/wp-json\/wp\/v2\/product_cat?post=94404"},{"taxonomy":"product_tag","embeddable":true,"href":"https:\/\/www.ecommerceupdate.com.br\/hr\/wp-json\/wp\/v2\/product_tag?post=94404"}],"curies":[{"name":"wp","href":"https:\/\/api.w.org\/{rel}","templated":true}]}}