{"id":94499,"date":"2026-03-15T14:17:35","date_gmt":"2026-03-15T17:17:35","guid":{"rendered":"https:\/\/www.ecommerceupdate.com.br\/produto\/o-novo-radar-dos-negocios-aprenda-a-lucrar-com-as-estrategias-chinesas-que-estao-dominando-o-mercado-brasileiro\/"},"modified":"2026-03-15T14:17:40","modified_gmt":"2026-03-15T17:17:40","slug":"o-novo-radar-dos-negocios-aprenda-a-lucrar-com-as-estrategias-chinesas-que-estao-dominando-o-mercado-brasileiro","status":"publish","type":"product","link":"https:\/\/www.ecommerceupdate.com.br\/hr\/produto\/o-novo-radar-dos-negocios-aprenda-a-lucrar-com-as-estrategias-chinesas-que-estao-dominando-o-mercado-brasileiro\/","title":{"rendered":"Novi poslovni radar: Nau\u010dite kako profitirati od kineskih strategija koje dominiraju brazilskim tr\u017ei\u0161tem"},"content":{"rendered":"<div class=\"woocommerce-product-details\"><\/div>","protected":false},"excerpt":{"rendered":"<p>Dekodirati kineski ekosustav, ponovno promisliti svoju strategiju i pozicionirati svoj brend kao protagonista nove maloprodaje! Dok mnoge tvrtke jo\u0161 uvijek posluju sa sporim modelima, globalno tr\u017ei\u0161te vode kineski ekosustavi koji ujedinjuju podatke, zabavu, prakti\u010dnost i brzinu: igra u kojoj se pravila svakodnevno mijenjaju, ali ovo nije knjiga o Kini, to je knjiga o Brazilu danas \u017eivite u novom poslovnom radaru Fabio Neto otkriva kako dekodirati kinesku logiku i primijeniti je na brazilske tvrtke, Iz originalnog pristupa nau\u010dit \u0107ete kako prilagoditi svoju strategiju kako biste se natjecali u okru\u017eenju u kojem potro\u0161a\u010d, oblikovan digitalnim iskustvima, zahtjevima, agilno\u0161\u0107u, agilno\u0161\u0107u i relevantno\u0161\u0107u.<span>Shvatite za\u0161to je Kina postala novi centar globalnih inovacija i izabrala Brazil kao svoj najve\u0107i laboratorij;<\/span>Shvatite za\u0161to je Kina postala novi centar globalnih inovacija i izabrala Brazil kao svoj najve\u0107i laboratorij;<span>Nau\u010dite identificirati strategije i poslovne modele koje koriste kineski divovi, kako biste dobili razmjere i pa\u017enju;<\/span>Nau\u010dite identificirati strategije i poslovne modele koje koriste kineski divovi, kako biste dobili razmjere i pa\u017enju;<span>Provesti pet koraka u praksi, kao \u0161to su brza prilagodba i stalno eksperimentiranje, kako bi se ubrzale odluke i provele stvarne promjene;<\/span>Provesti pet koraka u praksi, kao \u0161to su brza prilagodba i stalno eksperimentiranje, kako bi se ubrzale odluke i provele stvarne promjene;<span>Stvorite putovanja potro\u0161a\u010da bez trenja s potpunim fokusom na korisni\u010dko iskustvo;<\/span>Stvorite putovanja potro\u0161a\u010da bez trenja s potpunim fokusom na korisni\u010dko iskustvo;<span>Pretvorite podatke i pona\u0161anje u strate\u0161ku prednost pomo\u0107u umjetne inteligencije i algoritama personalizacije.<\/span>Pretvorite podatke i pona\u0161anje u strate\u0161ku prednost pomo\u0107u umjetne inteligencije i algoritama personalizacije.<\/p>","protected":false},"featured_media":94499,"comment_status":"open","ping_status":"closed","template":"","meta":[],"product_cat":[1611,1629,1595],"product_tag":[],"class_list":{"0":"post-94499","1":"product","2":"type-product","3":"status-publish","4":"has-post-thumbnail","6":"product_brand-por-fabio-neto-autor","7":"product_cat-administracao-negocios-e-economia","8":"product_cat-desenvolvimento-de-negocios-e-empreendedorismo","9":"product_cat-livros","11":"first","12":"instock","13":"sale","14":"shipping-taxable","15":"purchasable","16":"product-type-simple"},"aioseo_notices":[],"_links":{"self":[{"href":"https:\/\/www.ecommerceupdate.com.br\/hr\/wp-json\/wp\/v2\/product\/94499","targetHints":{"allow":["GET"]}}],"collection":[{"href":"https:\/\/www.ecommerceupdate.com.br\/hr\/wp-json\/wp\/v2\/product"}],"about":[{"href":"https:\/\/www.ecommerceupdate.com.br\/hr\/wp-json\/wp\/v2\/types\/product"}],"replies":[{"embeddable":true,"href":"https:\/\/www.ecommerceupdate.com.br\/hr\/wp-json\/wp\/v2\/comments?post=94499"}],"wp:featuredmedia":[{"embeddable":true,"href":"https:\/\/www.ecommerceupdate.com.br\/hr\/wp-json\/wp\/v2\/product\/94499"}],"wp:attachment":[{"href":"https:\/\/www.ecommerceupdate.com.br\/hr\/wp-json\/wp\/v2\/media?parent=94499"}],"wp:term":[{"taxonomy":"product_cat","embeddable":true,"href":"https:\/\/www.ecommerceupdate.com.br\/hr\/wp-json\/wp\/v2\/product_cat?post=94499"},{"taxonomy":"product_tag","embeddable":true,"href":"https:\/\/www.ecommerceupdate.com.br\/hr\/wp-json\/wp\/v2\/product_tag?post=94499"}],"curies":[{"name":"wp","href":"https:\/\/api.w.org\/{rel}","templated":true}]}}