{"id":400,"date":"2024-06-24T21:21:22","date_gmt":"2024-06-24T21:21:22","guid":{"rendered":"https:\/\/www.ecommerceupdate.com.br\/?page_id=400"},"modified":"2025-02-24T10:17:53","modified_gmt":"2025-02-24T13:17:53","slug":"sobre","status":"publish","type":"page","link":"https:\/\/www.ecommerceupdate.com.br\/hu\/sobre\/","title":{"rendered":"valaminek a tetej\u00e9n"},"content":{"rendered":"<p>Az E-Commerce Update egy referenciav\u00e1llalat a brazil piacon, amely kiv\u00e1l\u00f3 min\u0151s\u00e9g\u0171 tartalmak el\u0151\u00e1ll\u00edt\u00e1s\u00e1ra \u00e9s terjeszt\u00e9s\u00e9re szakosodott az e-kereskedelmi szektorban. Az e-kereskedelem n\u00f6veked\u00e9s\u00e9nek \u00e9s fejl\u0151d\u00e9s\u00e9nek el\u0151seg\u00edt\u00e9se \u00e9rdek\u00e9ben az orsz\u00e1gban a v\u00e1llalat elk\u00f6telezett a az ehhez a szegmenshez kapcsol\u00f3d\u00f3 legv\u00e1ltozatosabb t\u00e9m\u00e1k nemzeti \u00e9s nemzetk\u00f6zi szinten egyar\u00e1nt.<\/p>\n\n\n\n<p>M\u00e9lyrehat\u00f3 cikkeken, piacelemz\u00e9sen, szak\u00e9rt\u0151kkel k\u00e9sz\u00edtett interj\u00fakon, valamint a f\u0151bb esem\u00e9nyekr\u0151l \u00e9s trendekr\u0151l sz\u00f3l\u00f3 tud\u00f3s\u00edt\u00e1sokon kereszt\u00fcl az E-Commerce Update gazdag, friss\u00edtett \u00e9s relev\u00e1ns tartalmat k\u00edn\u00e1l olvas\u00f3inak. A v\u00e1llalat nemcsak t\u00e1j\u00e9koztat\u00e1sra, hanem k\u00e9pz\u00e9sre \u00e9s inspir\u00e1ci\u00f3ra is t\u00f6rekszik szakemberek, v\u00e1llalkoz\u00f3k \u00e9s e-kereskedelem szerelmesei, hozz\u00e1j\u00e1rulva egy robusztusabb \u00e9s innovat\u00edvabb e-kereskedelmi \u00f6kosziszt\u00e9ma kialak\u00edt\u00e1s\u00e1hoz Braz\u00edli\u00e1ban \u00e9s vil\u00e1gszerte.<\/p>\n\n\n\n<p>Az E-Commerce Update kiemelkedik szerkeszt\u0151i min\u0151s\u00e9g\u00e9vel \u00e9s az e-kereskedelemmel kapcsolatos t\u00e9m\u00e1k \u00e1tfog\u00f3 megk\u00f6zel\u00edt\u00e9s\u00e9vel A digit\u00e1lis marketing strat\u00e9gi\u00e1kt\u00f3l, logisztik\u00e1t\u00f3l, fizet\u00e9si m\u00f3dszerekt\u0151l \u00e9s felhaszn\u00e1l\u00f3i \u00e9lm\u00e9nyt\u0151l kezdve a technol\u00f3giai innov\u00e1ci\u00f3kig, sikert\u00f6rt\u00e9netekig \u00e9s ipar\u00e1gi kih\u00edv\u00e1sokig a v\u00e1llalat c\u00e9lja, hogy lefedje az e-kereskedelem siker\u00e9hez elengedhetetlen \u00f6sszes szempontot.<\/p>\n\n\n\n<p>Az\u00e1ltal, hogy megszil\u00e1rd\u00edtja mag\u00e1t az e-kereskedelemmel kapcsolatos tartalom megb\u00edzhat\u00f3 \u00e9s inspir\u00e1l\u00f3 forr\u00e1sak\u00e9nt, az E-Commerce Update egyre ink\u00e1bb referenciapontt\u00e1 v\u00e1lt azon szakemberek \u00e9s v\u00e1llalatok sz\u00e1m\u00e1ra, akik naprak\u00e9szek akarnak maradni, jav\u00edtani k\u00edv\u00e1nj\u00e1k strat\u00e9gi\u00e1ikat \u00e9s kihaszn\u00e1lni az e folyamatosan b\u0151v\u00fcl\u0151 piac k\u00edn\u00e1lta lehet\u0151s\u00e9geket, az e-kereskedelem braz\u00edliai \u00e9s vil\u00e1gm\u00e9ret\u0171 el\u0151mozd\u00edt\u00e1sa ir\u00e1nti elk\u00f6telezetts\u00e9g\u00e9vel a v\u00e1llalat kulcsszerepet j\u00e1tszik az \u00e1gazat \u00edg\u00e9retes j\u00f6v\u0151j\u00e9nek \u00e9p\u00edt\u00e9s\u00e9ben.<\/p>","protected":false},"excerpt":{"rendered":"<p>A E-Commerce Update \u00e9 uma empresa de refer\u00eancia no mercado brasileiro, especializada em produzir e disseminar conte\u00fado de alta qualidade sobre o setor de com\u00e9rcio eletr\u00f4nico. Com o objetivo de fomentar o crescimento e a evolu\u00e7\u00e3o do e-commerce no pa\u00eds, a empresa se dedica a abordar os mais variados temas relacionados a esse segmento, tanto [&hellip;]<\/p>\n","protected":false},"author":1,"featured_media":0,"parent":0,"menu_order":0,"comment_status":"closed","ping_status":"closed","template":"","meta":{"footnotes":""},"class_list":["post-400","page","type-page","status-publish"],"aioseo_notices":[],"_links":{"self":[{"href":"https:\/\/www.ecommerceupdate.com.br\/hu\/wp-json\/wp\/v2\/pages\/400","targetHints":{"allow":["GET"]}}],"collection":[{"href":"https:\/\/www.ecommerceupdate.com.br\/hu\/wp-json\/wp\/v2\/pages"}],"about":[{"href":"https:\/\/www.ecommerceupdate.com.br\/hu\/wp-json\/wp\/v2\/types\/page"}],"author":[{"embeddable":true,"href":"https:\/\/www.ecommerceupdate.com.br\/hu\/wp-json\/wp\/v2\/users\/1"}],"replies":[{"embeddable":true,"href":"https:\/\/www.ecommerceupdate.com.br\/hu\/wp-json\/wp\/v2\/comments?post=400"}],"version-history":[{"count":0,"href":"https:\/\/www.ecommerceupdate.com.br\/hu\/wp-json\/wp\/v2\/pages\/400\/revisions"}],"wp:attachment":[{"href":"https:\/\/www.ecommerceupdate.com.br\/hu\/wp-json\/wp\/v2\/media?parent=400"}],"curies":[{"name":"wp","href":"https:\/\/api.w.org\/{rel}","templated":true}]}}