{"id":91545,"date":"2026-02-06T15:20:22","date_gmt":"2026-02-06T18:20:22","guid":{"rendered":"https:\/\/www.ecommerceupdate.org\/?post_type=product&#038;p=91545"},"modified":"2026-03-14T19:52:19","modified_gmt":"2026-03-14T22:52:19","slug":"marketplace-best-practices-transforming-commerce-in-the-platform-economy-english-edition","status":"publish","type":"product","link":"https:\/\/www.ecommerceupdate.com.br\/hu\/produto\/marketplace-best-practices-transforming-commerce-in-the-platform-economy-english-edition\/","title":{"rendered":"Piact\u00e9r legjobb gyakorlatai: A kereskedelem \u00e1talak\u00edt\u00e1sa a platformgazdas\u00e1gban (angol kiad\u00e1s)"},"content":{"rendered":"<div class=\"woocommerce-product-details\">\n<h3>Term\u00e9k r\u00e9szletek<\/h3>\n<ul>\n<li>ASIN: B08TJ3VZYX<\/li>\n<li>Kiad\u00f3: McFadyen Digital<\/li>\n<li>Hozz\u00e1f\u00e9rhet\u0151s\u00e9g: Tudjon meg t\u00f6bbet<\/li>\n<li>Megjelen\u00e9s d\u00e1tuma: 2021. janu\u00e1r 26<\/li>\n<li>Kiad\u00e1s: 1a<\/li>\n<li>Nyelv: Angol<\/li>\n<li>F\u00e1jlm\u00e9ret: 35.2 MB<\/li>\n<li>K\u00e9perny\u0151olvas\u00f3: Kompatibilis<\/li>\n<li>Bet\u0171t\u00edpus konfigur\u00e1ci\u00f3ja: Enged\u00e9lyezve<\/li>\n<li>R\u00f6ntgen: Nincs enged\u00e9lyezve<\/li>\n<li>Sz\u00f3kincs tippek: Enged\u00e9lyezve<\/li>\n<li>Oldalak sz\u00e1ma 534 oldal<\/li>\n<li>ISBN-13:979-8597910260<\/li>\n<li>Oldalfeldob\u00e1s: Enged\u00e9lyezve<\/li>\n<li>Legjobb elad\u00f3k rangsorol\u00e1sa: 221 437 a Kindle Store-ban (Tal\u00e1lkozzon a Top 100-zal a Kindle Store kateg\u00f3ri\u00e1ban) 41. a Shopping &amp; Commerce Reference Books No 126 in Imported under Electronic Commerce No 3 332 in Business &amp; Economics<\/li>\n<li>41 In Shopping &amp; Trade Reference Books<\/li>\n<li>126 Az elektronikus kereskedelembe import\u00e1lt<\/li>\n<li>3332 Business &amp; Economics angol nyelven<\/li>\n<li>V\u00e1s\u00e1rl\u00f3i v\u00e9lem\u00e9nyek: 4,6 4,6\/5 csillag (88)<\/li>\n<\/ul>\n<\/div>","protected":false},"excerpt":{"rendered":"<p>A Marketplace Best Practices egy \u00faj k\u00f6nyv, amely az online piacot t\u00e1rja fel, mint egy e-kereskedelmi v\u00e1llalkoz\u00e1s platformj\u00e1nak eszk\u00f6z\u00e9t. Tom McFadyen \u00edrta, \u00e9s az online piact\u00e9r megvitatja, mi\u00e9rt fedik le az online piac mit, kit \u00e9s hogyanj\u00e1t azokt\u00f3l, akiket l\u00e9trehoztak, nem pedig az \u00fczletet, kiv\u00e9ve az \u00fczletet.<\/p>","protected":false},"featured_media":91545,"comment_status":"open","ping_status":"closed","template":"","meta":[],"product_cat":[1608,1628,1607],"product_tag":[],"class_list":{"0":"post-91545","1":"product","2":"type-product","3":"status-publish","4":"has-post-thumbnail","6":"product_brand-edicao-ingls-por-tom-mcfadyen-autor-formato-ebook-kindle","7":"product_cat-ebooks-kindle","8":"product_cat-ingles-e-outras-linguas","9":"product_cat-loja-kindle","11":"first","12":"instock","13":"shipping-taxable","14":"purchasable","15":"product-type-simple"},"aioseo_notices":[],"_links":{"self":[{"href":"https:\/\/www.ecommerceupdate.com.br\/hu\/wp-json\/wp\/v2\/product\/91545","targetHints":{"allow":["GET"]}}],"collection":[{"href":"https:\/\/www.ecommerceupdate.com.br\/hu\/wp-json\/wp\/v2\/product"}],"about":[{"href":"https:\/\/www.ecommerceupdate.com.br\/hu\/wp-json\/wp\/v2\/types\/product"}],"replies":[{"embeddable":true,"href":"https:\/\/www.ecommerceupdate.com.br\/hu\/wp-json\/wp\/v2\/comments?post=91545"}],"wp:featuredmedia":[{"embeddable":true,"href":"https:\/\/www.ecommerceupdate.com.br\/hu\/wp-json\/wp\/v2\/product\/91545"}],"wp:attachment":[{"href":"https:\/\/www.ecommerceupdate.com.br\/hu\/wp-json\/wp\/v2\/media?parent=91545"}],"wp:term":[{"taxonomy":"product_cat","embeddable":true,"href":"https:\/\/www.ecommerceupdate.com.br\/hu\/wp-json\/wp\/v2\/product_cat?post=91545"},{"taxonomy":"product_tag","embeddable":true,"href":"https:\/\/www.ecommerceupdate.com.br\/hu\/wp-json\/wp\/v2\/product_tag?post=91545"}],"curies":[{"name":"wp","href":"https:\/\/api.w.org\/{rel}","templated":true}]}}