{"id":91660,"date":"2026-02-07T12:37:33","date_gmt":"2026-02-07T15:37:33","guid":{"rendered":"https:\/\/www.ecommerceupdate.org\/produto\/logistica-de-e-commerce\/"},"modified":"2026-03-13T15:23:37","modified_gmt":"2026-03-13T18:23:37","slug":"logistica-de-e-commerce","status":"publish","type":"product","link":"https:\/\/www.ecommerceupdate.com.br\/hu\/produto\/logistica-de-e-commerce\/","title":{"rendered":"E-kereskedelem Logisztika"},"content":{"rendered":"<div class=\"woocommerce-product-details\"><\/div>","protected":false},"excerpt":{"rendered":"<p>Kedves (a) hallgat\u00f3 (a), E-kereskedelem \u00e1talak\u00edtotta a m\u00f3dj\u00e1t, hogy az emberek viszonyulnak a v\u00e1llalatokhoz, Ha miel\u0151tt sz\u00fcks\u00e9g\u00fck volt, hogy k\u00f6lt\u00f6zz\u00f6n a l\u00e9tes\u00edtm\u00e9ny, hogy a v\u00e1s\u00e1rl\u00e1s, ma b\u00e1rki okostelefon internet-hozz\u00e1f\u00e9r\u00e9ssel lehet, minden k\u00e9nyelemmel, hogy a v\u00e1s\u00e1rl\u00e1s \u00e9s nyomon k\u00f6vetni az \u00e1llapot\u00e1t az \u00d6n online rendel\u00e9s Egyr\u00e9szt a fogyaszt\u00f3 t\u00f6bb hatalom \u00e9s k\u00e9nyelem a kapcsolatot a v\u00e1llalattal; m\u00e1sr\u00e9szt, be\u00e9p\u00fclt az \u00fczleti mindennapi \u00e9letben egy hatalmas kih\u00edv\u00e1s a menedzsment a teljes ell\u00e1t\u00e1si l\u00e1nc Rem\u00e9lem, hogy a term\u00e9k sz\u00e1ll\u00edtott a leggyorsabb csatorna, a legr\u00f6videbb id\u0151 alatt, a megfelel\u0151 helyen \u00e9s \u00f6sszhangban az \u00fcgyf\u00e9l k\u00e9r\u00e9s\u00e9nek Ez a munka kih\u00edv\u00e1st jelent, figyelembe v\u00e9ve a menedzsment, rem\u00e9lem, hogy \u00fagy j\u00e1r el, mint egy \u00fczleti, minden \u00fczleti, lesz az \u00fczlet, a legt\u00f6bb.<\/p>","protected":false},"featured_media":91660,"comment_status":"open","ping_status":"closed","template":"","meta":[],"product_cat":[1653,1595],"product_tag":[],"class_list":{"0":"post-91660","1":"product","2":"type-product","3":"status-publish","4":"has-post-thumbnail","6":"product_brand-por-elson-hazelski-teixeira-autor","7":"product_cat-educacao-referencia-e-didaticos","8":"product_cat-livros","10":"first","11":"instock","12":"shipping-taxable","13":"purchasable","14":"product-type-simple"},"aioseo_notices":[],"_links":{"self":[{"href":"https:\/\/www.ecommerceupdate.com.br\/hu\/wp-json\/wp\/v2\/product\/91660","targetHints":{"allow":["GET"]}}],"collection":[{"href":"https:\/\/www.ecommerceupdate.com.br\/hu\/wp-json\/wp\/v2\/product"}],"about":[{"href":"https:\/\/www.ecommerceupdate.com.br\/hu\/wp-json\/wp\/v2\/types\/product"}],"replies":[{"embeddable":true,"href":"https:\/\/www.ecommerceupdate.com.br\/hu\/wp-json\/wp\/v2\/comments?post=91660"}],"wp:featuredmedia":[{"embeddable":true,"href":"https:\/\/www.ecommerceupdate.com.br\/hu\/wp-json\/wp\/v2\/product\/91660"}],"wp:attachment":[{"href":"https:\/\/www.ecommerceupdate.com.br\/hu\/wp-json\/wp\/v2\/media?parent=91660"}],"wp:term":[{"taxonomy":"product_cat","embeddable":true,"href":"https:\/\/www.ecommerceupdate.com.br\/hu\/wp-json\/wp\/v2\/product_cat?post=91660"},{"taxonomy":"product_tag","embeddable":true,"href":"https:\/\/www.ecommerceupdate.com.br\/hu\/wp-json\/wp\/v2\/product_tag?post=91660"}],"curies":[{"name":"wp","href":"https:\/\/api.w.org\/{rel}","templated":true}]}}