{"id":91664,"date":"2026-02-07T12:40:16","date_gmt":"2026-02-07T15:40:16","guid":{"rendered":"https:\/\/www.ecommerceupdate.org\/produto\/e-commerce-na-pratica\/"},"modified":"2026-03-13T15:23:55","modified_gmt":"2026-03-13T18:23:55","slug":"e-commerce-na-pratica","status":"publish","type":"product","link":"https:\/\/www.ecommerceupdate.com.br\/hu\/produto\/e-commerce-na-pratica\/","title":{"rendered":"E-kereskedelem a gyakorlatban"},"content":{"rendered":"<div class=\"woocommerce-product-details\">\n<h3>Term\u00e9k r\u00e9szletek<\/h3>\n<ul>\n<li>ASIN: B09W35JWMQ<\/li>\n<li>Kiad\u00f3: Szerz\u0151k Klubja<\/li>\n<li>Megjelen\u00e9s d\u00e1tuma: 2022. m\u00e1rcius 15<\/li>\n<li>Nyelv: portug\u00e1l<\/li>\n<li>Oldalak sz\u00e1ma 190 oldal<\/li>\n<li>Term\u00e9k s\u00falya: 240g<\/li>\n<li>Legkeresettebb helyez\u00e9s: 343 633 a k\u00f6nyvekben (Tal\u00e1lkozzon a legjobb 100-zal a k\u00f6nyvek kateg\u00f3ri\u00e1ban) 18 379 az \u00fczleti \u00e9letben, az \u00fczleti \u00e9letben \u00e9s a k\u00f6zgazdas\u00e1gtanban (k\u00f6nyvek)<\/li>\n<li>18 379 in \u00dczlet, \u00fczlet \u00e9s k\u00f6zgazdas\u00e1gtan (K\u00f6nyvek)<\/li>\n<\/ul><\/div>","protected":false},"excerpt":{"rendered":"<p>Az internetes \u00e1ruh\u00e1z fel\u00e1ll\u00edt\u00e1sa lehet az es\u00e9lye arra, hogy nagyszer\u0171 \u00fczletet k\u00f6ss\u00f6n, \u00e9s versenyezzen a piac legnagyobb v\u00e1llalataival, ez a c\u00e9lk\u00f6z\u00f6ns\u00e9g szegment\u00e1l\u00e1s\u00e1nak egyszer\u0171s\u00e9ge \u00e9s a csoport ig\u00e9nyeinek pontos k\u00edn\u00e1lata miatt lehets\u00e9ges, ez a k\u00f6nyv egy \u00fatmutat\u00f3 tele friss\u00edtett inform\u00e1ci\u00f3kkal a virtu\u00e1lis kiskereskedelemr\u0151l, a k\u00f6z\u00f6ss\u00e9gi m\u00e9di\u00e1r\u00f3l, a logisztik\u00e1r\u00f3l \u00e9s a technol\u00f3gi\u00e1r\u00f3l.<\/p>","protected":false},"featured_media":0,"comment_status":"open","ping_status":"closed","template":"","meta":[],"product_cat":[1611,1595],"product_tag":[],"class_list":{"0":"post-91664","1":"product","2":"type-product","3":"status-publish","5":"product_brand-edicao-portugus-por-roberto-de-jesus-oliveira-autor","6":"product_cat-administracao-negocios-e-economia","7":"product_cat-livros","9":"first","10":"instock","11":"shipping-taxable","12":"purchasable","13":"product-type-simple"},"aioseo_notices":[],"_links":{"self":[{"href":"https:\/\/www.ecommerceupdate.com.br\/hu\/wp-json\/wp\/v2\/product\/91664","targetHints":{"allow":["GET"]}}],"collection":[{"href":"https:\/\/www.ecommerceupdate.com.br\/hu\/wp-json\/wp\/v2\/product"}],"about":[{"href":"https:\/\/www.ecommerceupdate.com.br\/hu\/wp-json\/wp\/v2\/types\/product"}],"replies":[{"embeddable":true,"href":"https:\/\/www.ecommerceupdate.com.br\/hu\/wp-json\/wp\/v2\/comments?post=91664"}],"wp:attachment":[{"href":"https:\/\/www.ecommerceupdate.com.br\/hu\/wp-json\/wp\/v2\/media?parent=91664"}],"wp:term":[{"taxonomy":"product_cat","embeddable":true,"href":"https:\/\/www.ecommerceupdate.com.br\/hu\/wp-json\/wp\/v2\/product_cat?post=91664"},{"taxonomy":"product_tag","embeddable":true,"href":"https:\/\/www.ecommerceupdate.com.br\/hu\/wp-json\/wp\/v2\/product_tag?post=91664"}],"curies":[{"name":"wp","href":"https:\/\/api.w.org\/{rel}","templated":true}]}}