{"id":91687,"date":"2026-02-07T21:28:38","date_gmt":"2026-02-08T00:28:38","guid":{"rendered":"https:\/\/www.ecommerceupdate.org\/produto\/plataformas-e-sistemas-de-gestao-para-e-commerce\/"},"modified":"2026-05-13T10:09:58","modified_gmt":"2026-05-13T13:09:58","slug":"plataformas-e-sistemas-de-gestao-para-e-commerce","status":"publish","type":"product","link":"https:\/\/www.ecommerceupdate.com.br\/hu\/produto\/plataformas-e-sistemas-de-gestao-para-e-commerce\/","title":{"rendered":"Platformok \u00e9s ir\u00e1ny\u00edt\u00e1si rendszerek az e-kereskedelemhez"},"content":{"rendered":"<div class=\"woocommerce-product-details\"><\/div>","protected":false},"excerpt":{"rendered":"<p>Alak\u00edtsa \u00e1t e-kereskedelme ir\u00e1ny\u00edt\u00e1s\u00e1t egy integr\u00e1lt platformmal, amely n\u00f6veli a hat\u00e9konys\u00e1got, cs\u00f6kkenti a m\u0171k\u00f6d\u00e9si hib\u00e1kat \u00e9s gyors d\u00f6nt\u00e9seket k\u00edn\u00e1l val\u00f3s idej\u0171 adatokkal Ez az oktat\u00e1sra \u00e9s didaktikai hivatkoz\u00e1sra \u00f6sszpontos\u00edt\u00f3 k\u00f6nyv gyakorlati \u00fatmutat\u00f3kat hoz a k\u00e9szletintegr\u00e1ci\u00f3r\u00f3l, a rendel\u00e9sek automatiz\u00e1l\u00e1s\u00e1r\u00f3l \u00e9s az analitikai ir\u00e1ny\u00edt\u00f3pultokr\u00f3l, amelyek \u00e1ra R$ 59.00. Olvassa el, hogy meg\u00e9rtse, hogyan alkalmazhatja ezeket a fogalmakat az \u00d6n v\u00e1llalkoz\u00e1s\u00e1ban, n\u00f6velheti a m\u0171k\u00f6d\u00e9si hat\u00e9konys\u00e1got \u00e9s \u00e1talak\u00edthatja az eredm\u00e9nyeket.<\/p>","protected":false},"featured_media":91687,"comment_status":"open","ping_status":"closed","template":"","meta":[],"product_cat":[1653,1595],"product_tag":[2726,2725,2727],"class_list":{"0":"post-91687","1":"product","2":"type-product","3":"status-publish","4":"has-post-thumbnail","5":"product_brand-por-rodrigo-vincius-sartori-autor","6":"product_cat-educacao-referencia-e-didaticos","7":"product_cat-livros","8":"product_tag-guia-erp-para-e-commerce-gestao-de-pedidos","9":"product_tag-livro-plataformas-de-gestao-para-lojas-virtuais","10":"product_tag-manual-de-plataformas-de-gestao-para-e-commerce-integracao-com-marketplaces","12":"first","13":"instock","14":"shipping-taxable","15":"purchasable","16":"product-type-simple"},"aioseo_notices":[],"_links":{"self":[{"href":"https:\/\/www.ecommerceupdate.com.br\/hu\/wp-json\/wp\/v2\/product\/91687","targetHints":{"allow":["GET"]}}],"collection":[{"href":"https:\/\/www.ecommerceupdate.com.br\/hu\/wp-json\/wp\/v2\/product"}],"about":[{"href":"https:\/\/www.ecommerceupdate.com.br\/hu\/wp-json\/wp\/v2\/types\/product"}],"replies":[{"embeddable":true,"href":"https:\/\/www.ecommerceupdate.com.br\/hu\/wp-json\/wp\/v2\/comments?post=91687"}],"wp:featuredmedia":[{"embeddable":true,"href":"https:\/\/www.ecommerceupdate.com.br\/hu\/wp-json\/wp\/v2\/product\/91687"}],"wp:attachment":[{"href":"https:\/\/www.ecommerceupdate.com.br\/hu\/wp-json\/wp\/v2\/media?parent=91687"}],"wp:term":[{"taxonomy":"product_cat","embeddable":true,"href":"https:\/\/www.ecommerceupdate.com.br\/hu\/wp-json\/wp\/v2\/product_cat?post=91687"},{"taxonomy":"product_tag","embeddable":true,"href":"https:\/\/www.ecommerceupdate.com.br\/hu\/wp-json\/wp\/v2\/product_tag?post=91687"}],"curies":[{"name":"wp","href":"https:\/\/api.w.org\/{rel}","templated":true}]}}