{"id":93228,"date":"2026-03-01T09:32:48","date_gmt":"2026-03-01T12:32:48","guid":{"rendered":"https:\/\/www.ecommerceupdate.com.br\/produto\/universo-do-e-commerce-portuguese-edition\/"},"modified":"2026-04-14T18:41:48","modified_gmt":"2026-04-14T21:41:48","slug":"universo-do-e-commerce-portuguese-edition","status":"publish","type":"product","link":"https:\/\/www.ecommerceupdate.com.br\/hu\/produto\/universo-do-e-commerce-portuguese-edition\/","title":{"rendered":"Az e-kereskedelem univerzuma (portug\u00e1l kiad\u00e1s)"},"content":{"rendered":"<div class=\"woocommerce-product-details\">\n<h3>Term\u00e9k r\u00e9szletek<\/h3>\n<ul>\n<li>ASIN: B09S61Z23C<\/li>\n<li>Kiad\u00f3: F\u00fcggetlen kiad\u00e1s<\/li>\n<li>Megjelen\u00e9s d\u00e1tuma: 2022. janu\u00e1r 13<\/li>\n<li>Nyelv: portug\u00e1l<\/li>\n<li>Oldalak sz\u00e1ma 284 oldal<\/li>\n<li>ISBN-13:979-8401405098<\/li>\n<li>Term\u00e9k s\u00falya: 494g<\/li>\n<li>M\u00e9retek: 15,24 x 1,63 x 22,86 cm<\/li>\n<li>Legkeresettebb rangsor: 123. a kutat\u00e1sban \u00e9s oktat\u00e1sban, 301. a szakmai \u00e9s m\u0171szaki fejleszt\u00e9sben<\/li>\n<li>301 Szakmai \u00e9s m\u0171szaki fejleszt\u00e9s<\/li>\n<li>V\u00e1s\u00e1rl\u00f3i v\u00e9lem\u00e9nyek: 4,3 4,3\/5 csillag (20)<\/li>\n<\/ul><\/div>","protected":false},"excerpt":{"rendered":"<p>Az E-kereskedelmi Univerzum azoknak \u00edr\u00f3dott, akik \u00e9rdekl\u0151dnek az e-kereskedelem ir\u00e1nt, vagy akik m\u00e1r digit\u00e1lis csatorn\u00e1kkal m\u0171k\u00f6dnek, \u00e9s \u00faj technik\u00e1kat \u00e9s fogalmakat szeretn\u00e9nek megismerni. Ennek a k\u00f6nyvnek a tud\u00e1st \u00fatmutat\u00f3k\u00e9nt m\u0171k\u00f6d\u0151 m\u00f3don kell tov\u00e1bb\u00edtania, hogy makr\u00f3 k\u00e9pet ny\u00fajtson mindarr\u00f3l, ami az e-kereskedelemmel kapcsolatos, az \u00fczleti modellekkel \u00e9s m\u0171k\u00f6d\u00e9ssel, marketingpontokkal, szolg\u00e1ltat\u00e1ssal \u00e9s logisztik\u00e1val kapcsolatos t\u00e9m\u00e1k megsemmis\u00edt\u00e9se, valamint a technol\u00f3gi\u00e1val, rendszerekkel \u00e9s integr\u00e1ci\u00f3kkal, az inform\u00e1ci\u00f3k hozz\u00e1f\u00e9rhet\u0151s\u00e9g\u00e9vel \u00e9s biztons\u00e1g\u00e1val kapcsolatos t\u00e9m\u00e1k is. A tapasztaltabb olvas\u00f3k sz\u00e1m\u00e1ra ez a k\u00f6nyv konzult\u00e1ci\u00f3s csatornak\u00e9nt szolg\u00e1lhat, ahol minden fejezet konkr\u00e9t k\u00e9rd\u00e9sekkel \u00e9s m\u0171k\u00f6d\u00e9s\u00e9vel kapcsolatos t\u00e9m\u00e1kkal foglalkozhat Azoknak az olvas\u00f3knak, akik elindulnak az utaz\u00e1son ebben a vil\u00e1gban, pozit\u00edvan kihaszn\u00e1lhatj\u00e1k az e-kereskedelem el\u0151nyeit, a vil\u00e1g kezdete miatt, sokkal t\u00f6bbet haszn\u00e1lhatnak.<\/p>","protected":false},"featured_media":93228,"comment_status":"open","ping_status":"closed","template":"","meta":{"_aipt_faq_data":""},"product_cat":[1653,1730,1595],"product_tag":[],"class_list":{"0":"post-93228","1":"product","2":"type-product","3":"status-publish","4":"has-post-thumbnail","6":"product_brand-por-fellipe-guimares-autor","7":"product_cat-educacao-referencia-e-didaticos","8":"product_cat-escolas-e-ensino","9":"product_cat-livros","11":"first","12":"instock","13":"shipping-taxable","14":"purchasable","15":"product-type-simple"},"aioseo_notices":[],"_links":{"self":[{"href":"https:\/\/www.ecommerceupdate.com.br\/hu\/wp-json\/wp\/v2\/product\/93228","targetHints":{"allow":["GET"]}}],"collection":[{"href":"https:\/\/www.ecommerceupdate.com.br\/hu\/wp-json\/wp\/v2\/product"}],"about":[{"href":"https:\/\/www.ecommerceupdate.com.br\/hu\/wp-json\/wp\/v2\/types\/product"}],"replies":[{"embeddable":true,"href":"https:\/\/www.ecommerceupdate.com.br\/hu\/wp-json\/wp\/v2\/comments?post=93228"}],"wp:featuredmedia":[{"embeddable":true,"href":"https:\/\/www.ecommerceupdate.com.br\/hu\/wp-json\/wp\/v2\/product\/93228"}],"wp:attachment":[{"href":"https:\/\/www.ecommerceupdate.com.br\/hu\/wp-json\/wp\/v2\/media?parent=93228"}],"wp:term":[{"taxonomy":"product_cat","embeddable":true,"href":"https:\/\/www.ecommerceupdate.com.br\/hu\/wp-json\/wp\/v2\/product_cat?post=93228"},{"taxonomy":"product_tag","embeddable":true,"href":"https:\/\/www.ecommerceupdate.com.br\/hu\/wp-json\/wp\/v2\/product_tag?post=93228"}],"curies":[{"name":"wp","href":"https:\/\/api.w.org\/{rel}","templated":true}]}}