{"id":93372,"date":"2026-03-03T23:00:48","date_gmt":"2026-03-04T02:00:48","guid":{"rendered":"https:\/\/www.ecommerceupdate.com.br\/produto\/marketplace-teoria-e-pratica-2\/"},"modified":"2026-03-13T15:28:34","modified_gmt":"2026-03-13T18:28:34","slug":"marketplace-teoria-e-pratica-2","status":"publish","type":"product","link":"https:\/\/www.ecommerceupdate.com.br\/hu\/produto\/marketplace-teoria-e-pratica-2\/","title":{"rendered":"Piact\u00e9r: elm\u00e9let \u00e9s gyakorlat"},"content":{"rendered":"<div class=\"woocommerce-product-details\">\n<h3>Term\u00e9k r\u00e9szletek<\/h3>\n<ul>\n<li>ASIN: B0BY5DPNLS<\/li>\n<li>Kiad\u00f3: Alexandre Villar\/Soul Kiad\u00f3<\/li>\n<li>Hozz\u00e1f\u00e9rhet\u0151s\u00e9g: Tudjon meg t\u00f6bbet<\/li>\n<li>Megjelen\u00e9s d\u00e1tuma: 2023. m\u00e1rcius 10<\/li>\n<li>Kiad\u00e1s: 2nd<\/li>\n<li>Nyelv: portug\u00e1l<\/li>\n<li>F\u00e1jlm\u00e9ret: 2.1 MB<\/li>\n<li>K\u00e9perny\u0151olvas\u00f3: Kompatibilis<\/li>\n<li>Bet\u0171t\u00edpus konfigur\u00e1ci\u00f3ja: Enged\u00e9lyezve<\/li>\n<li>Sz\u00f3kincs tippek: Nincs enged\u00e9lyezve<\/li>\n<li>Oldalak sz\u00e1ma 282 oldal<\/li>\n<li>ISBN-13:978-6586178906<\/li>\n<li>Oldalfeldob\u00e1s: Enged\u00e9lyezve<\/li>\n<li>Olvas\u00e1si kor: 13 18 \u00e9v<\/li>\n<li>Legjobb elad\u00f3k rangsorol\u00e1sa: 278 659 a Kindle Store-ban (Tal\u00e1lkozzon a Top 100-zal a Kindle Store kateg\u00f3ri\u00e1ban) 124. az \u00fcgyf\u00e9lszolg\u00e1latban 294. a webmarketingben 1720. a marketingben \u00e9s \u00e9rt\u00e9kes\u00edt\u00e9sben<\/li>\n<li>124 Az \u00dcgyf\u00e9lszolg\u00e1latban<\/li>\n<li>294 A webmarketingben<\/li>\n<li>1720 a marketing \u00e9s \u00e9rt\u00e9kes\u00edt\u00e9s ter\u00fclet\u00e9n<\/li>\n<\/ul><\/div>","protected":false},"excerpt":{"rendered":"<p>Az innov\u00e1ci\u00f3kkal teli vil\u00e1ggal \u00e9s az \u00e9rt\u00e9kes\u00edt\u00e9s \u00faj ir\u00e1nyait keres\u0151 kiskereskedelmi piaccal szembes\u00fclve a piaci \u00e9rt\u00e9kes\u00edt\u00e9s nagyon \u00e9rdekes \u00fatt\u00e1 v\u00e1lt t\u00f6bb ezer v\u00e1llalat sz\u00e1m\u00e1ra. Kihaszn\u00e1lva a nagy port\u00e1lok \u00fcgyf\u00e9lszerz\u00e9si l\u00e1that\u00f3s\u00e1g\u00e1t, az innovat\u00edv piacra val\u00f3 bel\u00e9p\u00e9snek megvannak a maga hasznai \u00e9s kock\u00e1zatai. A piac minden r\u00e9szlet\u00e9nek \u00e9s neh\u00e9zs\u00e9geinek meg\u00e9rt\u00e9se sokkal k\u00f6nnyebb\u00e9 teszi a dolg\u00e1t. Ebben a k\u00f6nyvben t\u00f6bbre is megtal\u00e1lhatja a megold\u00e1st, \u00e9s sikeres v\u00e1llalkoz\u00f3v\u00e1 v\u00e1lhat.<\/p>","protected":false},"featured_media":93372,"comment_status":"open","ping_status":"closed","template":"","meta":[],"product_cat":[1611,1613,1595],"product_tag":[],"class_list":{"0":"post-93372","1":"product","2":"type-product","3":"status-publish","4":"has-post-thumbnail","6":"product_brand-por-alexandre-villar-autor-formato-ebook-kindle","7":"product_cat-administracao-negocios-e-economia","8":"product_cat-industrias-e-profissoes","9":"product_cat-livros","11":"first","12":"instock","13":"shipping-taxable","14":"purchasable","15":"product-type-simple"},"aioseo_notices":[],"_links":{"self":[{"href":"https:\/\/www.ecommerceupdate.com.br\/hu\/wp-json\/wp\/v2\/product\/93372","targetHints":{"allow":["GET"]}}],"collection":[{"href":"https:\/\/www.ecommerceupdate.com.br\/hu\/wp-json\/wp\/v2\/product"}],"about":[{"href":"https:\/\/www.ecommerceupdate.com.br\/hu\/wp-json\/wp\/v2\/types\/product"}],"replies":[{"embeddable":true,"href":"https:\/\/www.ecommerceupdate.com.br\/hu\/wp-json\/wp\/v2\/comments?post=93372"}],"wp:featuredmedia":[{"embeddable":true,"href":"https:\/\/www.ecommerceupdate.com.br\/hu\/wp-json\/wp\/v2\/product\/93372"}],"wp:attachment":[{"href":"https:\/\/www.ecommerceupdate.com.br\/hu\/wp-json\/wp\/v2\/media?parent=93372"}],"wp:term":[{"taxonomy":"product_cat","embeddable":true,"href":"https:\/\/www.ecommerceupdate.com.br\/hu\/wp-json\/wp\/v2\/product_cat?post=93372"},{"taxonomy":"product_tag","embeddable":true,"href":"https:\/\/www.ecommerceupdate.com.br\/hu\/wp-json\/wp\/v2\/product_tag?post=93372"}],"curies":[{"name":"wp","href":"https:\/\/api.w.org\/{rel}","templated":true}]}}