{"id":93561,"date":"2026-03-04T20:18:42","date_gmt":"2026-03-04T23:18:42","guid":{"rendered":"https:\/\/www.ecommerceupdate.com.br\/produto\/como-ter-um-e-commerce-de-sucesso-na-shopee\/"},"modified":"2026-03-13T15:36:23","modified_gmt":"2026-03-13T18:36:23","slug":"como-ter-um-e-commerce-de-sucesso-na-shopee","status":"publish","type":"product","link":"https:\/\/www.ecommerceupdate.com.br\/hu\/produto\/como-ter-um-e-commerce-de-sucesso-na-shopee\/","title":{"rendered":"Hogyan lehet sikeres e-kereskedelem a Shopee-n\u00e1l"},"content":{"rendered":"<div class=\"woocommerce-product-details\">\n<h3>Term\u00e9k r\u00e9szletek<\/h3>\n<ul>\n<li>ASIN: B0CR65S4P4<\/li>\n<li>Hozz\u00e1f\u00e9rhet\u0151s\u00e9g: Tudjon meg t\u00f6bbet<\/li>\n<li>Megjelen\u00e9s d\u00e1tuma: 2023. december 28<\/li>\n<li>Nyelv: portug\u00e1l<\/li>\n<li>F\u00e1jlm\u00e9ret: 3.3 MB<\/li>\n<li>K\u00e9perny\u0151olvas\u00f3: Kompatibilis<\/li>\n<li>Bet\u0171t\u00edpus konfigur\u00e1ci\u00f3ja: Enged\u00e9lyezve<\/li>\n<li>Sz\u00f3kincs tippek: Nincs enged\u00e9lyezve<\/li>\n<li>Oldalak sz\u00e1ma 53 oldal<\/li>\n<li>Oldalfeldob\u00e1s: Enged\u00e9lyezve<\/li>\n<li>Olvas\u00e1si kor: 14 18 \u00e9v<\/li>\n<li>Legjobb elad\u00f3k rangsora: 76 521 a Kindle Store-ban (Tal\u00e1lkozzon a Top 100-zal a Kindle Store kateg\u00f3ri\u00e1ban) 42. az 54. sz\u00e1m\u00fa \u00fczlet megnyit\u00e1s\u00e1ban az e-kereskedelemben, a 102. helyen a webmarketingben<\/li>\n<li>42 A v\u00e1llalkoz\u00e1s megnyit\u00e1s\u00e1ban<\/li>\n<li>54 Az elektronikus kereskedelemben<\/li>\n<li>102 A webmarketingben<\/li>\n<li>V\u00e1s\u00e1rl\u00f3i v\u00e9lem\u00e9nyek: 4,1 4,1\/5 csillag (3)<\/li>\n<\/ul><\/div>","protected":false},"excerpt":{"rendered":"<p>Fedezze fel az e-kereskedelem siker\u00e9hez vezet\u0151 utat a k\u00f6vetkez\u0151vel: \u201cHogyan lehet sikeres e-kereskedelem a Shopee\u201d-ben, amely n\u00e9lk\u00fcl\u00f6zhetetlen \u00fatmutat\u00f3 azok sz\u00e1m\u00e1ra, akik meg akarj\u00e1k h\u00f3d\u00edtani a Shopee-i ter\u00fcket, amely a vil\u00e1g egyik legnagyobb e-kereskedelmi platformja.54 oldal tele van gyakorlati betekint\u00e9sekkel \u00e9s bev\u00e1lt strat\u00e9gi\u00e1kkal, ez az e-k\u00f6nyv az \u00d6n jegye az online kereskedelem leny\u0171g\u00f6z\u0151 \u00e9s j\u00f6vedelmez\u0151 vil\u00e1g\u00e1ba. Guilherme Ribeiro, egy fiatal v\u00e1llalkoz\u00f3 \u00e9s digit\u00e1lis piactud\u00f3s szak\u00e9rtelme alapj\u00e1n megtanulja:<span>V\u00e1lassza ki a megfelel\u0151 piaci r\u00e9st e-kereskedelm\u00e9hez.<\/span>V\u00e1lassza ki a megfelel\u0151 piaci r\u00e9st e-kereskedelm\u00e9hez.<span>Fejlesszen ki egy er\u0151s \u00e9s vonz\u00f3 m\u00e1rk\u00e1t.<\/span>Fejlesszen ki egy er\u0151s \u00e9s vonz\u00f3 m\u00e1rk\u00e1t.<span>Hozzon l\u00e9tre list\u00e1kat az \u00e9rt\u00e9kes\u00edtett term\u00e9kekr\u0151l.<\/span>Hozzon l\u00e9tre list\u00e1kat az \u00e9rt\u00e9kes\u00edtett term\u00e9kekr\u0151l.<span>Digit\u00e1lis marketing \u00e9s SEO strat\u00e9gi\u00e1k v\u00e9grehajt\u00e1sa a l\u00e1that\u00f3s\u00e1g \u00e9s az el\u00e9r\u00e9s n\u00f6vel\u00e9se \u00e9rdek\u00e9ben.<\/span>Digit\u00e1lis marketing \u00e9s SEO strat\u00e9gi\u00e1k v\u00e9grehajt\u00e1sa a l\u00e1that\u00f3s\u00e1g \u00e9s az el\u00e9r\u00e9s n\u00f6vel\u00e9se \u00e9rdek\u00e9ben.<span>Hat\u00e9konyan kezelheti a logisztik\u00e1t \u00e9s az \u00fcgyf\u00e9lszolg\u00e1latot az \u00fcgyf\u00e9lh\u0171s\u00e9g kialak\u00edt\u00e1sa \u00e9rdek\u00e9ben.<\/span>Hat\u00e9konyan kezelje a logisztik\u00e1t \u00e9s az \u00fcgyf\u00e9lszolg\u00e1latot az \u00fcgyf\u00e9lh\u0171s\u00e9g kialak\u00edt\u00e1sa \u00e9rdek\u00e9ben Ez az e-k\u00f6nyv nem csak egy k\u00e9zik\u00f6nyv, hanem egy digit\u00e1lis mentor, amely val\u00f3di esettanulm\u00e1nyokat, gyakorlati tippeket \u00e9s tan\u00e1csokat k\u00edn\u00e1l, amelyeket azonnal elkezdhet alkalmazni. Ak\u00e1r kezd\u0151 v\u00e1llalkoz\u00f3, ak\u00e1r tapasztalt \u00e9rt\u00e9kes\u00edt\u0151, aki b\u0151v\u00edteni szeretn\u00e9 online jelenl\u00e9t\u00e9t, \u201cHogyan lehet sikeres e-kereskedelem a Shopee\u201d-n\u00e9l a t\u00f6k\u00e9letes v\u00e1laszt\u00e1s v\u00e1llalkoz\u00e1sa fellend\u00edt\u00e9s\u00e9hez.Most el\u00e9rhet\u0151 az Amazonn\u00e1l.V\u00e1ltsa val\u00f3ra \u00fczleti elk\u00e9pzel\u00e9s\u00e9t!<\/p>","protected":false},"featured_media":93561,"comment_status":"open","ping_status":"closed","template":"","meta":[],"product_cat":[1611,1613,1595],"product_tag":[],"class_list":{"0":"post-93561","1":"product","2":"type-product","3":"status-publish","4":"has-post-thumbnail","6":"product_brand-por-guilherme-ribeiro-autor-formato-ebook-kindle","7":"product_cat-administracao-negocios-e-economia","8":"product_cat-industrias-e-profissoes","9":"product_cat-livros","11":"first","12":"instock","13":"shipping-taxable","14":"purchasable","15":"product-type-simple"},"aioseo_notices":[],"_links":{"self":[{"href":"https:\/\/www.ecommerceupdate.com.br\/hu\/wp-json\/wp\/v2\/product\/93561","targetHints":{"allow":["GET"]}}],"collection":[{"href":"https:\/\/www.ecommerceupdate.com.br\/hu\/wp-json\/wp\/v2\/product"}],"about":[{"href":"https:\/\/www.ecommerceupdate.com.br\/hu\/wp-json\/wp\/v2\/types\/product"}],"replies":[{"embeddable":true,"href":"https:\/\/www.ecommerceupdate.com.br\/hu\/wp-json\/wp\/v2\/comments?post=93561"}],"wp:featuredmedia":[{"embeddable":true,"href":"https:\/\/www.ecommerceupdate.com.br\/hu\/wp-json\/wp\/v2\/product\/93561"}],"wp:attachment":[{"href":"https:\/\/www.ecommerceupdate.com.br\/hu\/wp-json\/wp\/v2\/media?parent=93561"}],"wp:term":[{"taxonomy":"product_cat","embeddable":true,"href":"https:\/\/www.ecommerceupdate.com.br\/hu\/wp-json\/wp\/v2\/product_cat?post=93561"},{"taxonomy":"product_tag","embeddable":true,"href":"https:\/\/www.ecommerceupdate.com.br\/hu\/wp-json\/wp\/v2\/product_tag?post=93561"}],"curies":[{"name":"wp","href":"https:\/\/api.w.org\/{rel}","templated":true}]}}