{"id":93568,"date":"2026-03-04T20:20:48","date_gmt":"2026-03-04T23:20:48","guid":{"rendered":"https:\/\/www.ecommerceupdate.com.br\/produto\/direitos-do-consumidor-no-e-commerce-dicas-e-orientacoes-para-empresas\/"},"modified":"2026-03-13T15:37:26","modified_gmt":"2026-03-13T18:37:26","slug":"direitos-do-consumidor-no-e-commerce-dicas-e-orientacoes-para-empresas","status":"publish","type":"product","link":"https:\/\/www.ecommerceupdate.com.br\/hu\/produto\/direitos-do-consumidor-no-e-commerce-dicas-e-orientacoes-para-empresas\/","title":{"rendered":"Fogyaszt\u00f3i jogok az e-kereskedelemben: Tippek \u00e9s ir\u00e1nyelvek v\u00e1llalatok sz\u00e1m\u00e1ra"},"content":{"rendered":"<div class=\"woocommerce-product-details\">\n<h3>Term\u00e9k r\u00e9szletek<\/h3>\n<ul>\n<li>ASIN: B08MWVN6R7<\/li>\n<li>Hozz\u00e1f\u00e9rhet\u0151s\u00e9g: Tudjon meg t\u00f6bbet<\/li>\n<li>Megjelen\u00e9s d\u00e1tuma: 2020. november 5<\/li>\n<li>Kiad\u00e1s: 1a<\/li>\n<li>Nyelv: portug\u00e1l<\/li>\n<li>F\u00e1jlm\u00e9ret: 1.4 MB<\/li>\n<li>K\u00e9perny\u0151olvas\u00f3: Kompatibilis<\/li>\n<li>Bet\u0171t\u00edpus konfigur\u00e1ci\u00f3ja: Enged\u00e9lyezve<\/li>\n<li>Sz\u00f3kincs tippek: Nincs enged\u00e9lyezve<\/li>\n<li>Oldalak sz\u00e1ma 83 oldal<\/li>\n<li>ISBN-13:978-6500119480<\/li>\n<li>Oldalfeldob\u00e1s: Enged\u00e9lyezve<\/li>\n<li>Legjobb elad\u00f3k rangsorol\u00e1sa: 379 865 a Kindle Store-ban (Tal\u00e1lkozzon a Top 100-zal a Kindle Store kateg\u00f3ri\u00e1ban) 216. az elektronikus kereskedelemben, 8 206. a jogban (Kindle Store) 14 178. az \u00fczleti \u00e9s k\u00f6zgazdas\u00e1gi ter\u00fcleten<\/li>\n<li>216 Az elektronikus kereskedelemben<\/li>\n<li>8,206 in Law (Kindle Store)<\/li>\n<li>14 178 az \u00fczleti \u00e9letben \u00e9s a k\u00f6zgazdas\u00e1gtanban<\/li>\n<li>V\u00e1s\u00e1rl\u00f3i v\u00e9lem\u00e9nyek: 4,0 4,0\/5 csillag (1)<\/li>\n<\/ul><\/div>","protected":false},"excerpt":{"rendered":"<p>E-k\u00f6nyv el\u0151n\u00e9zet: <\/p>\n<p>Olvasson el n\u00e9h\u00e1ny oldalt a term\u00e9k megv\u00e1s\u00e1rl\u00e1sa el\u0151tt <\/p>\n<p>\u00d6sszegezve <\/p>\n<p>Projektr\u0151l: <\/p>\n<p>A \u201cLetartozott t\u00f6rv\u00e9ny laikusoknak\u201d projekt t\u00f6bb olyan k\u00e9rd\u00e9s miatt mer\u00fclt fel, amelyeket szakmai teljes\u00edtm\u00e9ny\u00fcnk sor\u00e1n naponta kapunk, valamint fogyaszt\u00f3i tapasztalataink miatt. <\/p>\n<p>Ezen t\u00falmen\u0151en tudjuk, hogy a lakoss\u00e1gnak milyen neh\u00e9zs\u00e9gei vannak a jog meg\u00e9rt\u00e9s\u00e9ben \u00e9s meg\u00e9rt\u00e9s\u00e9ben, ak\u00e1r a k\u00fcl\u00f6nf\u00e9le saj\u00e1toss\u00e1gok, n\u00f3menklat\u00far\u00e1k, elm\u00e9letek \u00e9s felfog\u00e1sok miatt, ak\u00e1r egyszer\u0171en a helyes inform\u00e1ci\u00f3khoz val\u00f3 hozz\u00e1f\u00e9r\u00e9s hi\u00e1nya miatt. <\/p>\n<p>Tudjuk, hogy sz\u00e1mos figyelemre m\u00e9lt\u00f3 min\u0151s\u00e9g\u0171 m\u0171 l\u00e9tezik a t\u00f6rv\u00e9nyr\u0151l, k\u00fcl\u00f6n\u00f6sen a fogyaszt\u00f3i jogokr\u00f3l. E munk\u00e1k t\u00f6bbs\u00e9ge azonban a jogi ter\u00fcleten dolgoz\u00f3 tudom\u00e1nyos vagy akt\u00edv k\u00f6z\u00f6ns\u00e9get c\u00e9lozza meg, ez\u00e9rt m\u00e9lys\u00e9ge \u00e9s \u00f6sszetetts\u00e9ge nagyon nagy a jogi ter\u00fcleten nem tev\u00e9kenyked\u0151 egy\u00e9n sz\u00e1m\u00e1ra. <\/p>\n<p>Ez\u00e9rt \u00fagy d\u00f6nt\u00f6tt\u00fcnk, hogy megpr\u00f3b\u00e1ljuk egyszer\u0171s\u00edteni \u00e9s egyszer\u0171v\u00e9 tenni a t\u00f6rv\u00e9nyt, hogy a jogi k\u00e9pzetts\u00e9ggel nem rendelkez\u0151 szem\u00e9lyek megismerhess\u00e9k, meg\u00e9rts\u00e9k \u00e9s alkalmazhass\u00e1k jogaikat. <\/p>\n<p>T\u00e1rsadalmunk m\u00e9lyrehat\u00f3 v\u00e1ltoz\u00e1son megy kereszt\u00fcl, ha ismerj\u00fck \u00e9s alkalmazzuk jogainkat, valamint teljes\u00edtj\u00fck k\u00f6teless\u00e9geinket. <\/p>\n<p>K\u00f6vesse teh\u00e1t projekt\u00fcnket, k\u00fcldj\u00f6n k\u00e9rd\u00e9seket, megjegyz\u00e9seket, kritik\u00e1kat \u00e9s javaslatokat, seg\u00edtsen nek\u00fcnk abban, hogy a Jogi Vil\u00e1ggal kapcsolatban tov\u00e1bbra is ne bonyol\u00edtsuk le a Vil\u00e1giak Jog\u00e1t. <\/p>\n<p>Egy nagy \u00f6lel\u00e9s \u00e9s j\u00f3 olvas\u00e1s! <\/p>\n<p>Ana Carolina Matos \u00e9s Stephen Matos <\/p>\n<p>A szerz\u0151kr\u0151l: <\/p>\n<p>Ana Carolina Matos: A Dom Helder Camara Superior School-ban v\u00e9gzett. Sz\u00e9les k\u00f6r\u0171 \u00e9rz\u00e9kszervi specializ\u00e1ci\u00f3val rendelkezik a t\u00e1rsadalombiztos\u00edt\u00e1si jog ter\u00fclet\u00e9n. A t\u00e1rsadalombiztos\u00edt\u00e1si jog, a fogyaszt\u00f3v\u00e9delmi jog \u00e9s a munkajog ter\u00fclet\u00e9n dolgoz\u00f3 \u00fcgyv\u00e9d. Versenyekre felk\u00e9sz\u00edt\u0151 tanfolyamok nyomon k\u00f6vet\u00e9se. <\/p>\n<p>Stephen Matos: A Dom Helder Camara Superior School-ban v\u00e9gzett. Sz\u00e9les k\u00f6r\u0171 sensu szakir\u00e1nya van a munkajog \u00e9s a munkaelj\u00e1r\u00e1s ter\u00fclet\u00e9n. A t\u00e1rsadalombiztos\u00edt\u00e1si jog, a k\u00f6zigazgat\u00e1si jog, a fogyaszt\u00f3v\u00e9delmi jog \u00e9s a polg\u00e1ri jog ter\u00fclet\u00e9n dolgoz\u00f3 \u00fcgyv\u00e9d. Versenyekre felk\u00e9sz\u00edt\u0151 tanfolyamok monitoroz\u00e1sa. Curvelo \u00f6nkorm\u00e1nyzat\u00e1nak \u00f6nkorm\u00e1nyzati \u00fcgyv\u00e9dje. <\/p>\n<p>K\u00f6nyvadatok: <\/p>\n<p>^N\u00e9v: Fogyaszt\u00f3i jogok az e-kereskedelemben, valamint tippek \u00e9s ir\u00e1nyelvek az \u00fczleti \u00e9lethez <\/p>\n<p>szerz\u0151k: Ana Carolina Matos \u00e9s Stephen Matos <\/p>\n<p>1. kiad\u00e1s, \u00e1tdolgozva, friss\u00edtve \u00e9s b\u0151v\u00edtve. <\/p>\n<p>2020-as megjelen\u00e9si \u00e9v. <\/p>\n<p>80 oldal. <\/p>\n<p>ISBN: 978-65-00-11948-0 <\/p>\n<p>3 Form\u00e1tum: PDF. <\/p>\n<p>1,30 Mb m\u00e9ret.<\/p>","protected":false},"featured_media":93568,"comment_status":"open","ping_status":"closed","template":"","meta":[],"product_cat":[1611,1613,1595],"product_tag":[],"class_list":{"0":"post-93568","1":"product","2":"type-product","3":"status-publish","4":"has-post-thumbnail","6":"product_brand-por-ana-carolina-matos-autor-estevo-matos-autor-formato-ebook-kindle","7":"product_cat-administracao-negocios-e-economia","8":"product_cat-industrias-e-profissoes","9":"product_cat-livros","11":"first","12":"instock","13":"shipping-taxable","14":"purchasable","15":"product-type-simple"},"aioseo_notices":[],"_links":{"self":[{"href":"https:\/\/www.ecommerceupdate.com.br\/hu\/wp-json\/wp\/v2\/product\/93568","targetHints":{"allow":["GET"]}}],"collection":[{"href":"https:\/\/www.ecommerceupdate.com.br\/hu\/wp-json\/wp\/v2\/product"}],"about":[{"href":"https:\/\/www.ecommerceupdate.com.br\/hu\/wp-json\/wp\/v2\/types\/product"}],"replies":[{"embeddable":true,"href":"https:\/\/www.ecommerceupdate.com.br\/hu\/wp-json\/wp\/v2\/comments?post=93568"}],"wp:featuredmedia":[{"embeddable":true,"href":"https:\/\/www.ecommerceupdate.com.br\/hu\/wp-json\/wp\/v2\/product\/93568"}],"wp:attachment":[{"href":"https:\/\/www.ecommerceupdate.com.br\/hu\/wp-json\/wp\/v2\/media?parent=93568"}],"wp:term":[{"taxonomy":"product_cat","embeddable":true,"href":"https:\/\/www.ecommerceupdate.com.br\/hu\/wp-json\/wp\/v2\/product_cat?post=93568"},{"taxonomy":"product_tag","embeddable":true,"href":"https:\/\/www.ecommerceupdate.com.br\/hu\/wp-json\/wp\/v2\/product_tag?post=93568"}],"curies":[{"name":"wp","href":"https:\/\/api.w.org\/{rel}","templated":true}]}}