{"id":93876,"date":"2026-03-06T03:28:33","date_gmt":"2026-03-06T06:28:33","guid":{"rendered":"https:\/\/www.ecommerceupdate.com.br\/produto\/amazon-marketplace-part-1\/"},"modified":"2026-03-13T15:47:50","modified_gmt":"2026-03-13T18:47:50","slug":"amazon-marketplace-part-1","status":"publish","type":"product","link":"https:\/\/www.ecommerceupdate.com.br\/hu\/produto\/amazon-marketplace-part-1\/","title":{"rendered":"Amazon piact\u00e9r 1. r\u00e9sz"},"content":{"rendered":"<div class=\"woocommerce-product-details\">\n<h3>Term\u00e9k r\u00e9szletek<\/h3>\n<ul>\n<li>Kiad\u00f3: F\u00fcggetlen kiad\u00e1s<\/li>\n<li>Megjelen\u00e9s d\u00e1tuma: 2018. janu\u00e1r 29<\/li>\n<li>Nyelv: Angol<\/li>\n<li>Oldalak sz\u00e1ma 58 oldal<\/li>\n<li>ISBN-10:1977034888<\/li>\n<li>ISBN-13:978-1977034885<\/li>\n<li>Term\u00e9k s\u00falya: 141g<\/li>\n<li>M\u00e9retek: 15,24 x 0,38 x 22,86 cm<\/li>\n<\/ul><\/div>","protected":false},"excerpt":{"rendered":"<p>Az Amazon, az e-kereskedelmi \u00f3ri\u00e1s az egyik legr\u00e9gebbi keresked\u0151 az interneten, \u00e9s vil\u00e1gszerte t\u00f6bb mint 200 milli\u00f3 \u00fcgyfele van. Az Amazon a p\u00e1ratlan piact\u00e9r a term\u00e9kek online \u00e9rt\u00e9kes\u00edt\u00e9s\u00e9re. Kiv\u00e1l\u00f3 platformot biztos\u00edt az online \u00fczletvitelhez, \u00e9s mind az Amazon piacai, mind az elad\u00f3k sz\u00e1m\u00e1ra el\u0151nyt jelent.<\/p>","protected":false},"featured_media":93876,"comment_status":"open","ping_status":"closed","template":"","meta":[],"product_cat":[1653,1595,1610],"product_tag":[],"class_list":{"0":"post-93876","1":"product","2":"type-product","3":"status-publish","4":"has-post-thumbnail","6":"product_brand-edicao-ingls-por-mayur-sharma-autor","7":"product_cat-educacao-referencia-e-didaticos","8":"product_cat-livros","9":"product_cat-livros-internacionais","11":"first","12":"instock","13":"shipping-taxable","14":"purchasable","15":"product-type-simple"},"aioseo_notices":[],"_links":{"self":[{"href":"https:\/\/www.ecommerceupdate.com.br\/hu\/wp-json\/wp\/v2\/product\/93876","targetHints":{"allow":["GET"]}}],"collection":[{"href":"https:\/\/www.ecommerceupdate.com.br\/hu\/wp-json\/wp\/v2\/product"}],"about":[{"href":"https:\/\/www.ecommerceupdate.com.br\/hu\/wp-json\/wp\/v2\/types\/product"}],"replies":[{"embeddable":true,"href":"https:\/\/www.ecommerceupdate.com.br\/hu\/wp-json\/wp\/v2\/comments?post=93876"}],"wp:featuredmedia":[{"embeddable":true,"href":"https:\/\/www.ecommerceupdate.com.br\/hu\/wp-json\/wp\/v2\/product\/93876"}],"wp:attachment":[{"href":"https:\/\/www.ecommerceupdate.com.br\/hu\/wp-json\/wp\/v2\/media?parent=93876"}],"wp:term":[{"taxonomy":"product_cat","embeddable":true,"href":"https:\/\/www.ecommerceupdate.com.br\/hu\/wp-json\/wp\/v2\/product_cat?post=93876"},{"taxonomy":"product_tag","embeddable":true,"href":"https:\/\/www.ecommerceupdate.com.br\/hu\/wp-json\/wp\/v2\/product_tag?post=93876"}],"curies":[{"name":"wp","href":"https:\/\/api.w.org\/{rel}","templated":true}]}}