{"id":93880,"date":"2026-03-06T03:30:35","date_gmt":"2026-03-06T06:30:35","guid":{"rendered":"https:\/\/www.ecommerceupdate.com.br\/produto\/guia-completo-como-comecar-a-vender-na-amazon\/"},"modified":"2026-05-13T10:38:22","modified_gmt":"2026-05-13T13:38:22","slug":"guia-completo-como-comecar-a-vender-na-amazon","status":"publish","type":"product","link":"https:\/\/www.ecommerceupdate.com.br\/hu\/produto\/guia-completo-como-comecar-a-vender-na-amazon\/","title":{"rendered":"Teljes \u00fatmutat\u00f3 Hogyan kezdj\u00fcnk el \u00e9rt\u00e9kes\u00edteni az Amazonon"},"content":{"rendered":"<div class=\"woocommerce-product-details\"><\/div>","protected":false},"excerpt":{"rendered":"<p>Az Amazonon t\u00f6rt\u00e9n\u0151 \u00e9rt\u00e9kes\u00edt\u00e9s az egyik legj\u00f6vedelmez\u0151bb m\u00f3dja az online v\u00e1llalkoz\u00e1s elind\u00edt\u00e1s\u00e1nak, lehet\u0151v\u00e9 t\u00e9ve, hogy b\u00e1rki alacsony befektet\u00e9ssel \u00e9s nagy n\u00f6veked\u00e9si potenci\u00e1llal ind\u00edtson v\u00e1llalkoz\u00e1st. A piac robusztus strukt\u00far\u00e1t, glob\u00e1lis el\u00e9r\u00e9st \u00e9s napi akt\u00edv \u00fcgyfelek milli\u00f3it k\u00edn\u00e1lja.<\/p>\n<p>Ezzel az e-k\u00f6nyvvel b\u00e1rki sk\u00e1l\u00e1zhat\u00f3 \u00e9s fenntarthat\u00f3 bev\u00e9teli forr\u00e1ss\u00e1 v\u00e1ltoztathatja az Amazont a piac ural\u00e1s\u00e1val \u00e9s a p\u00e9nz\u00fcgyi szabads\u00e1g el\u00e9r\u00e9s\u00e9vel<\/p>","protected":false},"featured_media":93880,"comment_status":"open","ping_status":"closed","template":"","meta":[],"product_cat":[1611,1608,1607],"product_tag":[],"class_list":{"0":"post-93880","1":"product","2":"type-product","3":"status-publish","4":"has-post-thumbnail","5":"product_brand-por-allan-paixo-autor-formato-ebook-kindle","6":"product_cat-administracao-negocios-e-economia","7":"product_cat-ebooks-kindle","8":"product_cat-loja-kindle","10":"first","11":"instock","12":"shipping-taxable","13":"purchasable","14":"product-type-simple"},"aioseo_notices":[],"_links":{"self":[{"href":"https:\/\/www.ecommerceupdate.com.br\/hu\/wp-json\/wp\/v2\/product\/93880","targetHints":{"allow":["GET"]}}],"collection":[{"href":"https:\/\/www.ecommerceupdate.com.br\/hu\/wp-json\/wp\/v2\/product"}],"about":[{"href":"https:\/\/www.ecommerceupdate.com.br\/hu\/wp-json\/wp\/v2\/types\/product"}],"replies":[{"embeddable":true,"href":"https:\/\/www.ecommerceupdate.com.br\/hu\/wp-json\/wp\/v2\/comments?post=93880"}],"wp:featuredmedia":[{"embeddable":true,"href":"https:\/\/www.ecommerceupdate.com.br\/hu\/wp-json\/wp\/v2\/product\/93880"}],"wp:attachment":[{"href":"https:\/\/www.ecommerceupdate.com.br\/hu\/wp-json\/wp\/v2\/media?parent=93880"}],"wp:term":[{"taxonomy":"product_cat","embeddable":true,"href":"https:\/\/www.ecommerceupdate.com.br\/hu\/wp-json\/wp\/v2\/product_cat?post=93880"},{"taxonomy":"product_tag","embeddable":true,"href":"https:\/\/www.ecommerceupdate.com.br\/hu\/wp-json\/wp\/v2\/product_tag?post=93880"}],"curies":[{"name":"wp","href":"https:\/\/api.w.org\/{rel}","templated":true}]}}