{"id":93901,"date":"2026-03-06T07:22:36","date_gmt":"2026-03-06T10:22:36","guid":{"rendered":"https:\/\/www.ecommerceupdate.com.br\/produto\/omnichannel-o-futuro-do-varejo-1-edicao\/"},"modified":"2026-03-13T15:50:15","modified_gmt":"2026-03-13T18:50:15","slug":"omnichannel-o-futuro-do-varejo-1-edicao","status":"publish","type":"product","link":"https:\/\/www.ecommerceupdate.com.br\/hu\/produto\/omnichannel-o-futuro-do-varejo-1-edicao\/","title":{"rendered":"Omnichannel A kiskereskedelem j\u00f6v\u0151je: 1 ^"},"content":{"rendered":"<div class=\"woocommerce-product-details\">\n<h3>Term\u00e9k r\u00e9szletek<\/h3>\n<ul>\n<li>ASIN: B07VCMK3BF<\/li>\n<li>Kiad\u00f3: Eder LA Souza<\/li>\n<li>Hozz\u00e1f\u00e9rhet\u0151s\u00e9g: Tudjon meg t\u00f6bbet<\/li>\n<li>Megjelen\u00e9s d\u00e1tuma: 2019. j\u00falius 17<\/li>\n<li>Nyelv: portug\u00e1l<\/li>\n<li>F\u00e1jlm\u00e9ret: 885 KB<\/li>\n<li>K\u00e9perny\u0151olvas\u00f3: Kompatibilis<\/li>\n<li>Bet\u0171t\u00edpus konfigur\u00e1ci\u00f3ja: Enged\u00e9lyezve<\/li>\n<li>Sz\u00f3kincs tippek: Nincs enged\u00e9lyezve<\/li>\n<li>Oldalak sz\u00e1ma 72 oldal<\/li>\n<li>Oldalfeldob\u00e1s: Enged\u00e9lyezve<\/li>\n<li>Legkeresettebb helyez\u00e9s: 573 141 a Kindle Store-ban (Tal\u00e1lkozzon a Top 100-zal a Kindle Store kateg\u00f3ri\u00e1ban) 592. a Sz\u00e1m\u00edt\u00f3g\u00e9pek \u00e9s technol\u00f3gia az iskol\u00e1kban \u00e9s a tan\u00edt\u00e1s 960. a tanulm\u00e1nyi \u00fatmutat\u00f3k 1075. sz\u00e1m\u00e1ban az oktat\u00e1si k\u00f6nyvekben \u00e9s referenciak\u00f6nyvekben<\/li>\n<li>592 Sz\u00e1m\u00edt\u00f3g\u00e9pek \u00e9s technol\u00f3gia az iskol\u00e1kban \u00e9s a tan\u00edt\u00e1sban<\/li>\n<li>960 In Tanulm\u00e1nyi \u00fatmutat\u00f3k<\/li>\n<li>1,075 in Oktat\u00e1si k\u00f6nyvek \u00e9s seg\u00e9dk\u00f6nyvek<\/li>\n<li>V\u00e1s\u00e1rl\u00f3i \u00e9rt\u00e9kel\u00e9sek: 3,5 3,5\/5 csillag (5)<\/li>\n<\/ul><\/div>","protected":false},"excerpt":{"rendered":"<p>OMNICHANNEL - A KISKERESKEDELEM J\u00d6V\u0150JE <br \/>1 ^ Kiad\u00e1s <br \/>Van egy c\u00e9ged, a szolg\u00e1ltat\u00e1sok min\u0151s\u00e9g\u00e9t c\u00e9lozza meg, hamarosan hallott\u00e1l az omnichannelr\u0151l, \u00e9s ha nem, akkor t\u00f6bbet kell tudnod. El\u0151sz\u00f6r is, az omnichannel nem eszk\u00f6z, hanem trend, v\u00e1llalati modell, amelynek c\u00e9lja, hogy az \u00f6sszes csatorn\u00e1dat egyetlen ponthoz konverg\u00e1lja. Az offline, online, k\u00f6z\u00f6ss\u00e9gi h\u00e1l\u00f3zatok \u00e9s szolg\u00e1ltat\u00e1sok mind \u00f6sszekapcsol\u00f3dnak, hogy megk\u00f6nny\u00edts\u00e9k \u00fcgyfele \u00e9let\u00e9t. Id\u00e9zek 20 motiv\u00e1ci\u00f3s kifejez\u00e9st err\u0151l a modellr\u0151l, okokat, hogy jobban gondolja, hogy alkalmazza a c\u00e9g\u00e9ben. <\/p>\n<p>Szerz\u0151: Eder Souza<\/p>","protected":false},"featured_media":93901,"comment_status":"open","ping_status":"closed","template":"","meta":[],"product_cat":[1608,1607,1785],"product_tag":[],"class_list":{"0":"post-93901","1":"product","2":"type-product","3":"status-publish","4":"has-post-thumbnail","6":"product_brand-por-der-l-a-souza-autor-formato-ebook-kindle","7":"product_cat-ebooks-kindle","8":"product_cat-loja-kindle","9":"product_cat-sociedade-e-ciencias-sociais","11":"first","12":"instock","13":"shipping-taxable","14":"purchasable","15":"product-type-simple"},"aioseo_notices":[],"_links":{"self":[{"href":"https:\/\/www.ecommerceupdate.com.br\/hu\/wp-json\/wp\/v2\/product\/93901","targetHints":{"allow":["GET"]}}],"collection":[{"href":"https:\/\/www.ecommerceupdate.com.br\/hu\/wp-json\/wp\/v2\/product"}],"about":[{"href":"https:\/\/www.ecommerceupdate.com.br\/hu\/wp-json\/wp\/v2\/types\/product"}],"replies":[{"embeddable":true,"href":"https:\/\/www.ecommerceupdate.com.br\/hu\/wp-json\/wp\/v2\/comments?post=93901"}],"wp:featuredmedia":[{"embeddable":true,"href":"https:\/\/www.ecommerceupdate.com.br\/hu\/wp-json\/wp\/v2\/product\/93901"}],"wp:attachment":[{"href":"https:\/\/www.ecommerceupdate.com.br\/hu\/wp-json\/wp\/v2\/media?parent=93901"}],"wp:term":[{"taxonomy":"product_cat","embeddable":true,"href":"https:\/\/www.ecommerceupdate.com.br\/hu\/wp-json\/wp\/v2\/product_cat?post=93901"},{"taxonomy":"product_tag","embeddable":true,"href":"https:\/\/www.ecommerceupdate.com.br\/hu\/wp-json\/wp\/v2\/product_tag?post=93901"}],"curies":[{"name":"wp","href":"https:\/\/api.w.org\/{rel}","templated":true}]}}