{"id":94288,"date":"2026-03-11T13:14:44","date_gmt":"2026-03-11T16:14:44","guid":{"rendered":"https:\/\/www.ecommerceupdate.com.br\/produto\/gestao-de-midias-sociais\/"},"modified":"2026-03-13T15:56:08","modified_gmt":"2026-03-13T18:56:08","slug":"gestao-de-midias-sociais","status":"publish","type":"product","link":"https:\/\/www.ecommerceupdate.com.br\/hu\/produto\/gestao-de-midias-sociais\/","title":{"rendered":"K\u00f6z\u00f6ss\u00e9gi m\u00e9dia menedzsment"},"content":{"rendered":"<div class=\"woocommerce-product-details\">\n<h3>Term\u00e9k r\u00e9szletek<\/h3>\n<ul>\n<li>Kiad\u00f3: InterSaberes<\/li>\n<li>Megjelen\u00e9s d\u00e1tuma: 2017. okt\u00f3ber 1<\/li>\n<li>Kiad\u00e1s: 1a<\/li>\n<li>Nyelv: portug\u00e1l<\/li>\n<li>Oldalak sz\u00e1ma 284 oldal<\/li>\n<li>ISBN-10:8559725261<\/li>\n<li>ISBN-13:978-8559725261<\/li>\n<li>Term\u00e9k s\u00falya: 320g<\/li>\n<li>M\u00e9retek: 21 x 14,2 x 1,6 cm<\/li>\n<li>Legkeresettebb helyez\u00e9s: 90 944 a k\u00f6nyvekben (Tal\u00e1lkozzon a legjobb 100-zal a k\u00f6nyvek kateg\u00f3ri\u00e1ban) 1 847 a szociol\u00f3giai referenciak\u00f6nyvekben<\/li>\n<li>1,847 in Reference Books on Sociology<\/li>\n<li>V\u00e1s\u00e1rl\u00f3i v\u00e9lem\u00e9nyek: 3,6 3,6\/5 csillag (10)<\/li>\n<\/ul><\/div>","protected":false},"excerpt":{"rendered":"<p>Amellett, hogy rendk\u00edv\u00fcl figyelmes az \u00faj trendek megjelen\u00e9s\u00e9re, a k\u00f6z\u00f6ss\u00e9gi m\u00e9di\u00e1val foglalkoz\u00f3 szakembernek gyorsan alkalmazkodnia kell a c\u00e9lk\u00f6z\u00f6ns\u00e9g ig\u00e9nyeinek \u00e9s \u00e9rdekeinek \u00e1lland\u00f3 v\u00e1ltoz\u00e1saihoz. Annak \u00e9rdek\u00e9ben, hogy seg\u00edtsen azonos\u00edtani \u00e9s fejleszteni a k\u00f6z\u00f6ss\u00e9gi m\u00e9di\u00e1val val\u00f3 egy\u00fcttm\u0171k\u00f6d\u00e9s alapvet\u0151 tulajdons\u00e1gait menedzsment, ebben a munk\u00e1ban felt\u00e1rjuk azokat a f\u0151bb elm\u00e9leteket \u00e9s koncepci\u00f3kat, amelyek al\u00e1t\u00e1masztj\u00e1k az e ter\u00fcleten v\u00e9gzett tanulm\u00e1nyokat, \u00e9s konkr\u00e9t \u00e9s alkalmazott m\u00f3don megmutatjuk mindazt, amit tudnia kell a k\u00f6z\u00f6ss\u00e9gi m\u00e9dia menedzsment terv\u00e9nek kidolgoz\u00e1s\u00e1hoz.<\/p>","protected":false},"featured_media":94288,"comment_status":"open","ping_status":"closed","template":"","meta":[],"product_cat":[1638,1595,1637],"product_tag":[],"class_list":{"0":"post-94288","1":"product","2":"type-product","3":"status-publish","4":"has-post-thumbnail","6":"product_brand-edicao-portugus-por-camila-gino-almeida-costa-autor","7":"product_cat-ciencias-sociais","8":"product_cat-livros","9":"product_cat-politica-filosofia-e-ciencias-sociais","11":"first","12":"instock","13":"sale","14":"shipping-taxable","15":"purchasable","16":"product-type-simple"},"aioseo_notices":[],"_links":{"self":[{"href":"https:\/\/www.ecommerceupdate.com.br\/hu\/wp-json\/wp\/v2\/product\/94288","targetHints":{"allow":["GET"]}}],"collection":[{"href":"https:\/\/www.ecommerceupdate.com.br\/hu\/wp-json\/wp\/v2\/product"}],"about":[{"href":"https:\/\/www.ecommerceupdate.com.br\/hu\/wp-json\/wp\/v2\/types\/product"}],"replies":[{"embeddable":true,"href":"https:\/\/www.ecommerceupdate.com.br\/hu\/wp-json\/wp\/v2\/comments?post=94288"}],"wp:featuredmedia":[{"embeddable":true,"href":"https:\/\/www.ecommerceupdate.com.br\/hu\/wp-json\/wp\/v2\/product\/94288"}],"wp:attachment":[{"href":"https:\/\/www.ecommerceupdate.com.br\/hu\/wp-json\/wp\/v2\/media?parent=94288"}],"wp:term":[{"taxonomy":"product_cat","embeddable":true,"href":"https:\/\/www.ecommerceupdate.com.br\/hu\/wp-json\/wp\/v2\/product_cat?post=94288"},{"taxonomy":"product_tag","embeddable":true,"href":"https:\/\/www.ecommerceupdate.com.br\/hu\/wp-json\/wp\/v2\/product_tag?post=94288"}],"curies":[{"name":"wp","href":"https:\/\/api.w.org\/{rel}","templated":true}]}}