{"id":94356,"date":"2026-03-12T13:40:36","date_gmt":"2026-03-12T16:40:36","guid":{"rendered":"https:\/\/www.ecommerceupdate.com.br\/produto\/vantagens-competitivas-no-e-commerce-atravea-da-logistica\/"},"modified":"2026-03-13T15:57:27","modified_gmt":"2026-03-13T18:57:27","slug":"vantagens-competitivas-no-e-commerce-atravea-da-logistica","status":"publish","type":"product","link":"https:\/\/www.ecommerceupdate.com.br\/hu\/produto\/vantagens-competitivas-no-e-commerce-atravea-da-logistica\/","title":{"rendered":"Versenyel\u0151ny az e-kereskedelemben Atravea da Logistica"},"content":{"rendered":"<div class=\"woocommerce-product-details\">\n<h3>Term\u00e9k r\u00e9szletek<\/h3>\n<ul>\n<li>Kiad\u00f3: Lexia<\/li>\n<li>Megjelen\u00e9s d\u00e1tuma: 2010. janu\u00e1r 1<\/li>\n<li>Nyelv: portug\u00e1l<\/li>\n<li>Oldalak sz\u00e1ma 91 oldal<\/li>\n<li>ISBN-10:8563557246<\/li>\n<li>ISBN-13:978-8563557247<\/li>\n<li>Term\u00e9k s\u00falya: 171g<\/li>\n<\/ul><\/div>","protected":false},"excerpt":{"rendered":"<p>Term\u00e9k adatai Kiad\u00f3 : Lexia Megjelen\u00e9s d\u00e1tuma 2010. janu\u00e1r 1. Nyelv: Angol Oldalak sz\u00e1ma : 91 oldal ISBN-10 : 8563557246 ISBN-13 : 978-8563557247 Term\u00e9k s\u00falya : 171g<\/p>","protected":false},"featured_media":0,"comment_status":"open","ping_status":"closed","template":"","meta":[],"product_cat":[1641,1642,1595],"product_tag":[],"class_list":{"0":"post-94356","1":"product","2":"type-product","3":"status-publish","5":"product_brand-edicao-portugus-por-felippi-perez-autor","6":"product_cat-computacao-informatica-e-midias-digitais","7":"product_cat-internet-e-redes-sociais","8":"product_cat-livros","10":"first","11":"instock","12":"shipping-taxable","13":"purchasable","14":"product-type-simple"},"aioseo_notices":[],"_links":{"self":[{"href":"https:\/\/www.ecommerceupdate.com.br\/hu\/wp-json\/wp\/v2\/product\/94356","targetHints":{"allow":["GET"]}}],"collection":[{"href":"https:\/\/www.ecommerceupdate.com.br\/hu\/wp-json\/wp\/v2\/product"}],"about":[{"href":"https:\/\/www.ecommerceupdate.com.br\/hu\/wp-json\/wp\/v2\/types\/product"}],"replies":[{"embeddable":true,"href":"https:\/\/www.ecommerceupdate.com.br\/hu\/wp-json\/wp\/v2\/comments?post=94356"}],"wp:attachment":[{"href":"https:\/\/www.ecommerceupdate.com.br\/hu\/wp-json\/wp\/v2\/media?parent=94356"}],"wp:term":[{"taxonomy":"product_cat","embeddable":true,"href":"https:\/\/www.ecommerceupdate.com.br\/hu\/wp-json\/wp\/v2\/product_cat?post=94356"},{"taxonomy":"product_tag","embeddable":true,"href":"https:\/\/www.ecommerceupdate.com.br\/hu\/wp-json\/wp\/v2\/product_tag?post=94356"}],"curies":[{"name":"wp","href":"https:\/\/api.w.org\/{rel}","templated":true}]}}