{"id":94499,"date":"2026-03-15T14:17:35","date_gmt":"2026-03-15T17:17:35","guid":{"rendered":"https:\/\/www.ecommerceupdate.com.br\/produto\/o-novo-radar-dos-negocios-aprenda-a-lucrar-com-as-estrategias-chinesas-que-estao-dominando-o-mercado-brasileiro\/"},"modified":"2026-03-15T14:17:40","modified_gmt":"2026-03-15T17:17:40","slug":"o-novo-radar-dos-negocios-aprenda-a-lucrar-com-as-estrategias-chinesas-que-estao-dominando-o-mercado-brasileiro","status":"publish","type":"product","link":"https:\/\/www.ecommerceupdate.com.br\/hu\/produto\/o-novo-radar-dos-negocios-aprenda-a-lucrar-com-as-estrategias-chinesas-que-estao-dominando-o-mercado-brasileiro\/","title":{"rendered":"Az \u00faj \u00fczleti radar: Ismerje meg, hogyan profit\u00e1lhat a brazil piacot ural\u00f3 k\u00ednai strat\u00e9gi\u00e1kb\u00f3l"},"content":{"rendered":"<div class=\"woocommerce-product-details\"><\/div>","protected":false},"excerpt":{"rendered":"<p>Dek\u00f3dolja a k\u00ednai \u00f6kosziszt\u00e9m\u00e1t, gondolja \u00e1t strat\u00e9gi\u00e1j\u00e1t \u00e9s poz\u00edcion\u00e1lja m\u00e1rk\u00e1j\u00e1t az \u00faj kiskereskedelem f\u0151szerepl\u0151jek\u00e9nt! Mik\u00f6zben sok v\u00e1llalat m\u00e9g mindig lass\u00fa modellekkel m\u0171k\u00f6dik, a glob\u00e1lis piacot az adatokat, a sz\u00f3rakoz\u00e1st, a k\u00e9nyelmet \u00e9s a sebess\u00e9get egyes\u00edt\u0151 k\u00ednai \u00f6kosziszt\u00e9m\u00e1k ir\u00e1ny\u00edtj\u00e1k: egy j\u00e1t\u00e9k, amelyben a szab\u00e1lyok naponta v\u00e1ltoznak, De ez nem egy k\u00f6nyv K\u00edn\u00e1r\u00f3l, ez egy k\u00f6nyv Braz\u00edli\u00e1r\u00f3l, amelyet ma \u00e9lsz Az \u00faj \u00fczleti radarban Fabio Neto felfedi, hogyan kell dek\u00f3dolni a k\u00ednai logik\u00e1t \u00e9s alkalmazni a brazil v\u00e1llalkoz\u00e1sokra Eredeti megk\u00f6zel\u00edt\u00e9sb\u0151l megtanulod, hogyan igaz\u00edtsd strat\u00e9gi\u00e1dat, hogy versenyezz egy olyan k\u00f6rnyezetben, ahol a fogyaszt\u00f3, a digit\u00e1lis \u00e9lm\u00e9nyek, ig\u00e9nyek, agilit\u00e1s, agilit\u00e1s \u00e9s relevancia \u00e1ltal form\u00e1lva.<span>\u00c9rtse meg, mi\u00e9rt v\u00e1lt K\u00edna a glob\u00e1lis innov\u00e1ci\u00f3 \u00faj k\u00f6zpontj\u00e1v\u00e1, \u00e9s mi\u00e9rt v\u00e1lasztotta Braz\u00edli\u00e1t legnagyobb laborat\u00f3rium\u00e1nak;<\/span>\u00c9rtse meg, mi\u00e9rt v\u00e1lt K\u00edna a glob\u00e1lis innov\u00e1ci\u00f3 \u00faj k\u00f6zpontj\u00e1v\u00e1, \u00e9s mi\u00e9rt v\u00e1lasztotta Braz\u00edli\u00e1t legnagyobb laborat\u00f3rium\u00e1nak;<span>Tanulja meg azonos\u00edtani a k\u00ednai \u00f3ri\u00e1sok \u00e1ltal haszn\u00e1lt strat\u00e9gi\u00e1kat \u00e9s \u00fczleti modelleket, hogy m\u00e9reteket \u00e9s figyelmet szerezzen;<\/span>Tanulja meg azonos\u00edtani a k\u00ednai \u00f3ri\u00e1sok \u00e1ltal haszn\u00e1lt strat\u00e9gi\u00e1kat \u00e9s \u00fczleti modelleket, hogy m\u00e9reteket \u00e9s figyelmet szerezzen;<span>\u00d6t l\u00e9p\u00e9st \u00fcltessen \u00e1t a gyakorlatba, p\u00e9ld\u00e1ul gyors alkalmazkod\u00e1st \u00e9s \u00e1lland\u00f3 k\u00eds\u00e9rletez\u00e9st a d\u00f6nt\u00e9sek felgyors\u00edt\u00e1sa \u00e9s a val\u00f3di v\u00e1ltoz\u00e1s v\u00e9grehajt\u00e1sa \u00e9rdek\u00e9ben;<\/span>\u00d6t l\u00e9p\u00e9st \u00fcltessen \u00e1t a gyakorlatba, p\u00e9ld\u00e1ul gyors alkalmazkod\u00e1st \u00e9s \u00e1lland\u00f3 k\u00eds\u00e9rletez\u00e9st a d\u00f6nt\u00e9sek felgyors\u00edt\u00e1sa \u00e9s a val\u00f3di v\u00e1ltoz\u00e1s v\u00e9grehajt\u00e1sa \u00e9rdek\u00e9ben;<span>S\u00farl\u00f3d\u00e1smentes fogyaszt\u00f3i utaz\u00e1sok l\u00e9trehoz\u00e1sa az \u00fcgyf\u00e9l\u00e9lm\u00e9nyre \u00f6sszpontos\u00edtva;<\/span>S\u00farl\u00f3d\u00e1smentes fogyaszt\u00f3i utaz\u00e1sok l\u00e9trehoz\u00e1sa az \u00fcgyf\u00e9l\u00e9lm\u00e9nyre \u00f6sszpontos\u00edtva;<span>Alak\u00edtsa \u00e1t az adatokat \u00e9s a viselked\u00e9st strat\u00e9giai el\u0151ny\u00f6kk\u00e9 mesters\u00e9ges intelligencia \u00e9s szem\u00e9lyre szab\u00e1si algoritmusok seg\u00edts\u00e9g\u00e9vel.<\/span>Alak\u00edtsa \u00e1t az adatokat \u00e9s a viselked\u00e9st strat\u00e9giai el\u0151ny\u00f6kk\u00e9 mesters\u00e9ges intelligencia \u00e9s szem\u00e9lyre szab\u00e1si algoritmusok seg\u00edts\u00e9g\u00e9vel.<\/p>","protected":false},"featured_media":94499,"comment_status":"open","ping_status":"closed","template":"","meta":[],"product_cat":[1611,1629,1595],"product_tag":[],"class_list":{"0":"post-94499","1":"product","2":"type-product","3":"status-publish","4":"has-post-thumbnail","6":"product_brand-por-fabio-neto-autor","7":"product_cat-administracao-negocios-e-economia","8":"product_cat-desenvolvimento-de-negocios-e-empreendedorismo","9":"product_cat-livros","11":"first","12":"instock","13":"sale","14":"shipping-taxable","15":"purchasable","16":"product-type-simple"},"aioseo_notices":[],"_links":{"self":[{"href":"https:\/\/www.ecommerceupdate.com.br\/hu\/wp-json\/wp\/v2\/product\/94499","targetHints":{"allow":["GET"]}}],"collection":[{"href":"https:\/\/www.ecommerceupdate.com.br\/hu\/wp-json\/wp\/v2\/product"}],"about":[{"href":"https:\/\/www.ecommerceupdate.com.br\/hu\/wp-json\/wp\/v2\/types\/product"}],"replies":[{"embeddable":true,"href":"https:\/\/www.ecommerceupdate.com.br\/hu\/wp-json\/wp\/v2\/comments?post=94499"}],"wp:featuredmedia":[{"embeddable":true,"href":"https:\/\/www.ecommerceupdate.com.br\/hu\/wp-json\/wp\/v2\/product\/94499"}],"wp:attachment":[{"href":"https:\/\/www.ecommerceupdate.com.br\/hu\/wp-json\/wp\/v2\/media?parent=94499"}],"wp:term":[{"taxonomy":"product_cat","embeddable":true,"href":"https:\/\/www.ecommerceupdate.com.br\/hu\/wp-json\/wp\/v2\/product_cat?post=94499"},{"taxonomy":"product_tag","embeddable":true,"href":"https:\/\/www.ecommerceupdate.com.br\/hu\/wp-json\/wp\/v2\/product_tag?post=94499"}],"curies":[{"name":"wp","href":"https:\/\/api.w.org\/{rel}","templated":true}]}}