{"id":94504,"date":"2026-03-15T14:20:58","date_gmt":"2026-03-15T17:20:58","guid":{"rendered":"https:\/\/www.ecommerceupdate.com.br\/produto\/crie-seu-e-commerce-sua-loja-virtual-um-canal-de-vendas-poderoso-on-line-e-aberto-24h\/"},"modified":"2026-03-15T14:21:00","modified_gmt":"2026-03-15T17:21:00","slug":"crie-seu-e-commerce-sua-loja-virtual-um-canal-de-vendas-poderoso-on-line-e-aberto-24h","status":"publish","type":"product","link":"https:\/\/www.ecommerceupdate.com.br\/hu\/produto\/crie-seu-e-commerce-sua-loja-virtual-um-canal-de-vendas-poderoso-on-line-e-aberto-24h\/","title":{"rendered":"Hozza l\u00e9tre e-kereskedelm\u00e9t, online \u00e1ruh\u00e1z\u00e1t: hat\u00e9kony, online \u00e9s nyitott 24 \u00f3r\u00e1s \u00e9rt\u00e9kes\u00edt\u00e9si csatorna"},"content":{"rendered":"<div class=\"woocommerce-product-details\"><\/div>","protected":false},"excerpt":{"rendered":"<p>TECHNIK\u00c1K V\u00c1LLALKOZ\u00c1SA ON-LINES M\u00d3DON T\u00d6RT\u00c9N\u0150 L\u00c9TREHOZ\u00c1S\u00c1HOZ VAGY PROFESSZIONALIZ\u00c1L\u00c1S\u00c1HOZ, \u00e9s m\u00e1r van fizikai v\u00e1llalkoz\u00e1sa, online m\u00f3don is egy\u00fctt kell lennie v\u00e1llalkoz\u00e1s\u00e1val.<br \/>Online \u00e1ruh\u00e1za kieg\u00e9sz\u00edtheti sz\u00e1ml\u00e1z\u00e1s\u00e1t vagy f\u0151 v\u00e1llalkoz\u00e1s\u00e1t.<br \/>Ennek az e-k\u00f6nyvnek az elolvas\u00e1s\u00e1val v\u00e1laszt kap k\u00e9rd\u00e9seire, \u00e9s megszervezi \u00f6tlet\u00e9t minden olyan t\u00e9m\u00e1ban, amelyet minden online v\u00e1llalkoz\u00f3nak tudnia kell ahhoz, hogy \u00e9szak legyen, \u00e9s eld\u00f6ntse, mit \u00e9s hogyan tegyen.<\/p>","protected":false},"featured_media":94504,"comment_status":"open","ping_status":"closed","template":"","meta":[],"product_cat":[1611,1613,1595],"product_tag":[],"class_list":{"0":"post-94504","1":"product","2":"type-product","3":"status-publish","4":"has-post-thumbnail","6":"product_brand-por-srgio-ladeia-autor-formato-ebook-kindle","7":"product_cat-administracao-negocios-e-economia","8":"product_cat-industrias-e-profissoes","9":"product_cat-livros","11":"first","12":"instock","13":"shipping-taxable","14":"purchasable","15":"product-type-simple"},"aioseo_notices":[],"_links":{"self":[{"href":"https:\/\/www.ecommerceupdate.com.br\/hu\/wp-json\/wp\/v2\/product\/94504","targetHints":{"allow":["GET"]}}],"collection":[{"href":"https:\/\/www.ecommerceupdate.com.br\/hu\/wp-json\/wp\/v2\/product"}],"about":[{"href":"https:\/\/www.ecommerceupdate.com.br\/hu\/wp-json\/wp\/v2\/types\/product"}],"replies":[{"embeddable":true,"href":"https:\/\/www.ecommerceupdate.com.br\/hu\/wp-json\/wp\/v2\/comments?post=94504"}],"wp:featuredmedia":[{"embeddable":true,"href":"https:\/\/www.ecommerceupdate.com.br\/hu\/wp-json\/wp\/v2\/product\/94504"}],"wp:attachment":[{"href":"https:\/\/www.ecommerceupdate.com.br\/hu\/wp-json\/wp\/v2\/media?parent=94504"}],"wp:term":[{"taxonomy":"product_cat","embeddable":true,"href":"https:\/\/www.ecommerceupdate.com.br\/hu\/wp-json\/wp\/v2\/product_cat?post=94504"},{"taxonomy":"product_tag","embeddable":true,"href":"https:\/\/www.ecommerceupdate.com.br\/hu\/wp-json\/wp\/v2\/product_tag?post=94504"}],"curies":[{"name":"wp","href":"https:\/\/api.w.org\/{rel}","templated":true}]}}