{"id":94511,"date":"2026-03-15T16:43:28","date_gmt":"2026-03-15T19:43:28","guid":{"rendered":"https:\/\/www.ecommerceupdate.com.br\/produto\/wordpress-descomplicado-do-basico-ao-e-commerce\/"},"modified":"2026-03-24T19:48:49","modified_gmt":"2026-03-24T22:48:49","slug":"wordpress-descomplicado-do-basico-ao-e-commerce","status":"publish","type":"product","link":"https:\/\/www.ecommerceupdate.com.br\/hu\/produto\/wordpress-descomplicado-do-basico-ao-e-commerce\/","title":{"rendered":"WordPress egyszer\u0171: az alapokt\u00f3l az e-kereskedelemig"},"content":{"rendered":"<div class=\"woocommerce-product-details\">\n<h3>Term\u00e9k r\u00e9szletek<\/h3>\n<ul>\n<li>ASIN: B08C35YMMJ<\/li>\n<li>Hozz\u00e1f\u00e9rhet\u0151s\u00e9g: Tudjon meg t\u00f6bbet<\/li>\n<li>Megjelen\u00e9s d\u00e1tuma: 2020. j\u00fanius 29<\/li>\n<li>Kiad\u00e1s: 1a<\/li>\n<li>Nyelv: portug\u00e1l<\/li>\n<li>F\u00e1jlm\u00e9ret: 21.3 MB<\/li>\n<li>K\u00e9perny\u0151olvas\u00f3: Kompatibilis<\/li>\n<li>Bet\u0171t\u00edpus konfigur\u00e1ci\u00f3ja: Enged\u00e9lyezve<\/li>\n<li>Sz\u00f3kincs tippek: Nincs enged\u00e9lyezve<\/li>\n<li>Oldalak sz\u00e1ma 50 oldal<\/li>\n<li>Oldalfeldob\u00e1s: Enged\u00e9lyezve<\/li>\n<li>Legkeresettebb helyez\u00e9s: 237 191 a Kindle Store-ban (Tal\u00e1lkozzon a Top 100-zal a Kindle Store kateg\u00f3ri\u00e1ban) 14. az Oracle Databases No 3 115-ben a sz\u00e1m\u00edt\u00e1stechnik\u00e1ban, az interneten \u00e9s a digit\u00e1lis m\u00e9di\u00e1ban<\/li>\n<li>14 Az Oracle adatb\u00e1zisokban<\/li>\n<li>3115 a sz\u00e1m\u00edt\u00e1stechnik\u00e1ban, az interneten \u00e9s a digit\u00e1lis m\u00e9di\u00e1ban<\/li>\n<li>V\u00e1s\u00e1rl\u00f3i v\u00e9lem\u00e9nyek: 3,4 3,4\/5 csillag (7)<\/li>\n<\/ul><\/div>","protected":false},"excerpt":{"rendered":"<p>A WordPress egy ingyenes tartalomkezel\u0151 rendszer az internethez, ez a vil\u00e1gon a leggyakrabban haszn\u00e1lt A wordpress n\u00e9pszer\u0171s\u00edt\u00e9se els\u0151sorban a k\u00f6nny\u0171 haszn\u00e1lhat\u00f3s\u00e1gnak, sokoldal\u00fas\u00e1g\u00e1nak \u00e9s az \u00e1ltala fejleszthet\u0151 projektek sokf\u00e9les\u00e9g\u00e9nek k\u00f6sz\u00f6nhet\u0151 T\u00f6bb c\u00e9g \u00e9s ember haszn\u00e1lja a WordPress-t szem\u00e9lyes oldalaik, \u00fczleti oldalaik, magazinjaik, portf\u00f3li\u00f3iik, menedzselt projektjeik, esem\u00e9ny\u00fctemez\u0151i \u00e9s ak\u00e1r e-kereskedelmi term\u00e9keik \u00e9s szolg\u00e1ltat\u00e1saik fejleszt\u00e9s\u00e9re, b\u0151v\u00edtm\u00e9nyekkel \u00e9s v\u00e1ltozatos t\u00e9m\u00e1kkal val\u00f3 b\u0151v\u00edt\u00e9si k\u00e9pess\u00e9ge miatt Ebben a munk\u00e1ban a WordPress-szel val\u00f3 kezd\u00e9s l\u00e9p\u00e9seit k\u00f6veti, egyszer\u0171 oldalfejleszt\u00e9sk\u00e9nt indulva, a tanfolyamon bemutatjuk, hogyan lehet professzion\u00e1lisabban testreszabni, \u00e9s a v\u00e9g\u00e9n egy elektronikus \u00e1ruh\u00e1z fejleszt\u00e9s\u00e9t.<\/p>","protected":false},"featured_media":94511,"comment_status":"open","ping_status":"closed","template":"","meta":[],"product_cat":[1691,1641,1595],"product_tag":[],"class_list":{"0":"post-94511","1":"product","2":"type-product","3":"status-publish","4":"has-post-thumbnail","6":"product_brand-por-luiz-gallerani-autor-formato-ebook-kindle","7":"product_cat-base-de-dados","8":"product_cat-computacao-informatica-e-midias-digitais","9":"product_cat-livros","11":"first","12":"instock","13":"shipping-taxable","14":"purchasable","15":"product-type-simple"},"aioseo_notices":[],"_links":{"self":[{"href":"https:\/\/www.ecommerceupdate.com.br\/hu\/wp-json\/wp\/v2\/product\/94511","targetHints":{"allow":["GET"]}}],"collection":[{"href":"https:\/\/www.ecommerceupdate.com.br\/hu\/wp-json\/wp\/v2\/product"}],"about":[{"href":"https:\/\/www.ecommerceupdate.com.br\/hu\/wp-json\/wp\/v2\/types\/product"}],"replies":[{"embeddable":true,"href":"https:\/\/www.ecommerceupdate.com.br\/hu\/wp-json\/wp\/v2\/comments?post=94511"}],"wp:featuredmedia":[{"embeddable":true,"href":"https:\/\/www.ecommerceupdate.com.br\/hu\/wp-json\/wp\/v2\/product\/94511"}],"wp:attachment":[{"href":"https:\/\/www.ecommerceupdate.com.br\/hu\/wp-json\/wp\/v2\/media?parent=94511"}],"wp:term":[{"taxonomy":"product_cat","embeddable":true,"href":"https:\/\/www.ecommerceupdate.com.br\/hu\/wp-json\/wp\/v2\/product_cat?post=94511"},{"taxonomy":"product_tag","embeddable":true,"href":"https:\/\/www.ecommerceupdate.com.br\/hu\/wp-json\/wp\/v2\/product_tag?post=94511"}],"curies":[{"name":"wp","href":"https:\/\/api.w.org\/{rel}","templated":true}]}}