{"id":93398,"date":"2026-03-04T08:04:15","date_gmt":"2026-03-04T11:04:15","guid":{"rendered":"https:\/\/www.ecommerceupdate.com.br\/produto\/aspectos-juridicos-do-e-commerce\/"},"modified":"2026-03-13T15:29:29","modified_gmt":"2026-03-13T18:29:29","slug":"aspectos-juridicos-do-e-commerce","status":"publish","type":"product","link":"https:\/\/www.ecommerceupdate.com.br\/id\/produto\/aspectos-juridicos-do-e-commerce\/","title":{"rendered":"Aspek Hukum E-commerce"},"content":{"rendered":"<div class=\"woocommerce-product-details\">\n<div id=\"aplus_feature_div\" class=\"celwidget\" data-feature-name=\"aplus\" data-csa-c-type=\"widget\" data-csa-c-content-id=\"aplus\" data-csa-c-slot-id=\"aplus_feature_div\" data-csa-c-asin=\"\" data-csa-c-is-in-initial-active-row=\"false\">\n<div id=\"aplus\" class=\"a-section a-spacing-large bucket\">\n<h3 class=\"\">Dari penerbit<\/h3>\n<div lang=\"pt_BR\">\n<div class=\"aplus-v2 desktop celwidget\">\n<div class=\"celwidget aplus-module module-2 aplus-standard\">\n<div class=\"aplus-module-wrapper apm-floatnone apm-fixed-width\">\n<div class=\"apm-sidemodule apm-spacing\">\n<div class=\"apm-sidemodule-imageleft\"> <img decoding=\"async\" alt=\"RT\" src=\"https:\/\/m.media-amazon.com\/images\/S\/aplus-media\/vc\/156b09d9-7747-4258-ab5a-4d6ed3868375.__CR0,0,300,300_PT0_SX300_V1___.png\" \/> <\/div>\n<div class=\"apm-sidemodule-textright\">\n<h3 class=\"a-spacing-mini\"> Luncurkan Aspek Hukum E-commerce <\/h3>\n<p> Studi ini membahas isu-isu terkini seperti Perlindungan Data, sistem pembayaran PIX baru, penerapan Hukum Visual dalam Syarat dan Ketentuan Penggunaan dan Kebijakan Privasi, mempekerjakan Influencer Digital, modalitas baru penipuan elektronik dan kemajuan legislatif yang terkait dengan tema. Ada 16 artikel yang ditulis dengan jelas dan obyektif, berdasarkan doktrin dan yurisprudensi, berfokus pada pengusaha dan pengacara yang mencari pandangan hukum terpadu tentang e-commerce. Semua bab memiliki infografis dan video penjelasan yang tersedia melalui Kode QR. <\/p>\n<\/p>\n<\/div>\n<\/div>\n<\/div>\n<\/div>\n<div class=\"celwidget aplus-module module-3 aplus-standard\">\n<div class=\"aplus-module-wrapper apm-floatnone apm-fixed-width\">\n<div class=\"apm-sidemodule apm-spacing\">\n<div class=\"apm-sidemodule-imageright\"> <img decoding=\"async\" alt=\"RT\" src=\"https:\/\/m.media-amazon.com\/images\/S\/aplus-media\/vc\/cc9903b8-d12b-4e8e-9d2a-465a9e79626a.__CR0,0,300,300_PT0_SX300_V1___.png\" \/> <\/div>\n<div class=\"apm-sidemodule-textleft\">\n<h3 class=\"a-spacing-mini\"> Tentang penulis <\/h3>\n<p> Nadia adalah seorang pengacara lulusan Mackenzie Presbyterian University; Pascasarjana Kontrak dan Hukum Digital dan Kepatuhan, adalah seorang mahasiswa di Intellectual Property Summer Institute di Franklin Pierce Law Center &amp; New Hampshire, AS dan Kursus Pelatihan untuk Pengacara Perlindungan IP oleh Kantor Paten Jepang &amp; Jepang Jepang. <\/p>\n<\/p>\n<\/div>\n<\/div>\n<\/div>\n<\/div>\n<div class=\"celwidget aplus-module module-9 aplus-standard\">\n<div class=\"aplus-module-wrapper apm-fixed-width apm-spacing\">\n<div class=\"apm-flex\">\n<div class=\"apm-flex-item-third-width\">\n<p class=\"apm-text-center\"> <img decoding=\"async\" alt=\"RT\" src=\"https:\/\/m.media-amazon.com\/images\/S\/aplus-media\/vc\/61b37029-f4cb-4cec-8f67-5901287f38d9.__CR0,0,300,300_PT0_SX300_V1___.png\" \/> <\/p>\n<\/p>\n<\/div>\n<\/div>\n<\/div>\n<\/div>\n<div class=\"celwidget aplus-module launchpad-company-logo aplus-standard\">\n<div class=\"a-section a-text-center launchpad-module launchpad-module-company-logo\"> <img decoding=\"async\" alt=\"RT\" src=\"https:\/\/m.media-amazon.com\/images\/S\/aplus-media\/vc\/14cf220d-8680-4753-bb84-8e7272d597a8.__CR0,0,600,180_PT0_SX600_V1___.png\" \/> <\/div>\n<\/p>\n<\/div>\n<\/div>\n<\/div>\n<\/div>\n<\/div>\n<h3>Detail produk<\/h3>\n<ul>\n<li>Publisher: Revista dos Tribunais<\/li>\n<li>Tanggal publikasi: 2 April 2021<\/li>\n<li>Edisi: Edisi Barua<\/li>\n<li>Bahasa: Portugis<\/li>\n<li>Jumlah halaman : 352 halaman<\/li>\n<li>ISBN-10:6556148237<\/li>\n<li>ISBN-13:978-6556148236<\/li>\n<li>Berat produk: 440g<\/li>\n<li>Dimensi: 22,6 x 15,8 x 1,8 cm<\/li>\n<li>Peringkat Top Sellers: No 273,974 dalam Buku (Meet the Top 100 dalam kategori Buku) No 309 dalam Administrasi Bisnis No 18,646 dalam Liburan dan Festival Anak-anak dan Anak-anak dan Remaja<\/li>\n<li>309 Dalam Administrasi Komersial<\/li>\n<li>18.646 di Hari Libur dan Festival Anak-anak dan Anak-anak dan Remaja<\/li>\n<li>Ulasan Pelanggan: 4.3 4.3 dari 5 bintang (11)<\/li>\n<\/ul><\/div>","protected":false},"excerpt":{"rendered":"<p>Os temas foram estruturados de forma sistem\u00e1tica, partindo da evolu\u00e7\u00e3o hist\u00f3rica do com\u00e9rcio eletr\u00f4nico, passando pelo planejamento societ\u00e1rio e tribut\u00e1rio. Exp\u00f5e de maneira aprofundada e atual o tratamento de dados pessoais, termos e condi\u00e7\u00f5es de uso do site, contrata\u00e7\u00e3o de meios de pagamento, aspectos concorrenciais e trabalhistas, contrata\u00e7\u00e3o de digital influencers, promo\u00e7\u00f5es comerciais, fraudes eletr\u00f4nicas, entre outros. Aborda tamb\u00e9m quest\u00f5es preventivas\u00a0 do com\u00e9rcio eletr\u00f4nico que envolvem o relacionamento com fornecedores e clientes \u2013 tanto no e-commerce pr\u00f3prio como nas plataformas compartilhadas \u2013 os marketplaces &#8211; e formas de resolu\u00e7\u00e3o de conflitos e preven\u00e7\u00e3o por meio do Compliance.\u00a0<\/p>","protected":false},"featured_media":93398,"comment_status":"open","ping_status":"closed","template":"","meta":[],"product_cat":[1609,1657,1595],"product_tag":[],"class_list":{"0":"post-93398","1":"product","2":"type-product","3":"status-publish","4":"has-post-thumbnail","6":"product_brand-edicao-portugus-por-nadia-andreotti-tchumantel-hackerott-autor","7":"product_cat-direito","8":"product_cat-direito-empresarial","9":"product_cat-livros","11":"first","12":"instock","13":"sale","14":"shipping-taxable","15":"purchasable","16":"product-type-simple"},"aioseo_notices":[],"_links":{"self":[{"href":"https:\/\/www.ecommerceupdate.com.br\/id\/wp-json\/wp\/v2\/product\/93398","targetHints":{"allow":["GET"]}}],"collection":[{"href":"https:\/\/www.ecommerceupdate.com.br\/id\/wp-json\/wp\/v2\/product"}],"about":[{"href":"https:\/\/www.ecommerceupdate.com.br\/id\/wp-json\/wp\/v2\/types\/product"}],"replies":[{"embeddable":true,"href":"https:\/\/www.ecommerceupdate.com.br\/id\/wp-json\/wp\/v2\/comments?post=93398"}],"wp:featuredmedia":[{"embeddable":true,"href":"https:\/\/www.ecommerceupdate.com.br\/id\/wp-json\/wp\/v2\/product\/93398"}],"wp:attachment":[{"href":"https:\/\/www.ecommerceupdate.com.br\/id\/wp-json\/wp\/v2\/media?parent=93398"}],"wp:term":[{"taxonomy":"product_cat","embeddable":true,"href":"https:\/\/www.ecommerceupdate.com.br\/id\/wp-json\/wp\/v2\/product_cat?post=93398"},{"taxonomy":"product_tag","embeddable":true,"href":"https:\/\/www.ecommerceupdate.com.br\/id\/wp-json\/wp\/v2\/product_tag?post=93398"}],"curies":[{"name":"wp","href":"https:\/\/api.w.org\/{rel}","templated":true}]}}