{"id":93411,"date":"2026-03-04T08:45:29","date_gmt":"2026-03-04T11:45:29","guid":{"rendered":"https:\/\/www.ecommerceupdate.com.br\/produto\/amazon-marketplace-aprenda-a-ganar-dinero-en-linea-con-amazon-spanish-edition\/"},"modified":"2026-03-13T15:30:27","modified_gmt":"2026-03-13T18:30:27","slug":"amazon-marketplace-aprenda-a-ganar-dinero-en-linea-con-amazon-spanish-edition","status":"publish","type":"product","link":"https:\/\/www.ecommerceupdate.com.br\/id\/produto\/amazon-marketplace-aprenda-a-ganar-dinero-en-linea-con-amazon-spanish-edition\/","title":{"rendered":"Amazon Marketplace: Pelajari cara mendapatkan uang secara online dengan Amazon! (Edisi Spanyol)"},"content":{"rendered":"<div class=\"woocommerce-product-details\">\n<h3>Detail produk<\/h3>\n<ul>\n<li>ASIN : B08SKKHDTG<\/li>\n<li>Aksesibilitas: Pelajari lebih lanjut<\/li>\n<li>Data da publica\u00e7\u00e3o : 8 janeiro 2021<\/li>\n<li>Bahasa: Spanyol<\/li>\n<li>Tamanho do arquivo : 700 KB<\/li>\n<li>Pembaca layar: Kompatibel<\/li>\n<li>Konfigurasi Font: Diaktifkan<\/li>\n<li>Tips Kosakata: Tidak diaktifkan<\/li>\n<li>N\u00famero de p\u00e1ginas : 40 p\u00e1ginas<\/li>\n<li>Page Flip: Diaktifkan<\/li>\n<li>Usia membaca: 17 18 tahun<\/li>\n<\/ul><\/div>","protected":false},"excerpt":{"rendered":"<p>\u00a1Aprenda a ganar dinero en l\u00ednea con Amazon! <\/p>\n<p>Informe de marketing online gratuito Amazon Marketplac \u201danaliza la siguiente informaci\u00f3n: <\/p>\n<p>Conceptos b\u00e1sicos de Amazon Marketplace <br \/>Introducci\u00f3n a Amazon Marketplace <br \/>Encontrar bienes vendibles <br \/>Tiendas de d\u00f3lar <br \/>Precios de productos <br \/>Cumplimiento de pedidos: env\u00edo usted mismo frente a env\u00edo de Amazon para usted <br \/>Aumento de sus ganancias <br \/>Subcontratar y automatizar listados <br \/>Mire sus m\u00e9tricas <br \/>Servicio al cliente 101 <br \/>Quejas de clientes <br \/>Errores comunes a evitar <br \/>Poniendo todo junto <br \/>amazon marketing budget <br \/>amazon marketing books <br \/>amazon marketing business <br \/>amazon marketing best practices <br \/>amazon marketing blog <br \/>amazon marketing books best sellers <br \/>amazon marketing best sellers <br \/>amazon marketing buch <br \/>amazon marketing de afiliados <br \/>amazon marketing digital <br \/>amazon marketing de afiliados colombia <br \/>amazon marketing department <br \/>amazon marketing director <br \/>amazon marketing director salary <br \/>amazon marketing data <br \/>amazon marketing definition <br \/> como ganar dinero en amazon <br \/>como ganar dinero <br \/>porque ganar dinero en amazon <br \/>hacerse rico<\/p>","protected":false},"featured_media":93411,"comment_status":"open","ping_status":"closed","template":"","meta":[],"product_cat":[1608,1628,1607],"product_tag":[],"class_list":{"0":"post-93411","1":"product","2":"type-product","3":"status-publish","4":"has-post-thumbnail","6":"product_brand-edicao-espanhol-por-juan-escudero-autor-formato-ebook-kindle","7":"product_cat-ebooks-kindle","8":"product_cat-ingles-e-outras-linguas","9":"product_cat-loja-kindle","11":"first","12":"instock","13":"shipping-taxable","14":"purchasable","15":"product-type-simple"},"aioseo_notices":[],"_links":{"self":[{"href":"https:\/\/www.ecommerceupdate.com.br\/id\/wp-json\/wp\/v2\/product\/93411","targetHints":{"allow":["GET"]}}],"collection":[{"href":"https:\/\/www.ecommerceupdate.com.br\/id\/wp-json\/wp\/v2\/product"}],"about":[{"href":"https:\/\/www.ecommerceupdate.com.br\/id\/wp-json\/wp\/v2\/types\/product"}],"replies":[{"embeddable":true,"href":"https:\/\/www.ecommerceupdate.com.br\/id\/wp-json\/wp\/v2\/comments?post=93411"}],"wp:featuredmedia":[{"embeddable":true,"href":"https:\/\/www.ecommerceupdate.com.br\/id\/wp-json\/wp\/v2\/product\/93411"}],"wp:attachment":[{"href":"https:\/\/www.ecommerceupdate.com.br\/id\/wp-json\/wp\/v2\/media?parent=93411"}],"wp:term":[{"taxonomy":"product_cat","embeddable":true,"href":"https:\/\/www.ecommerceupdate.com.br\/id\/wp-json\/wp\/v2\/product_cat?post=93411"},{"taxonomy":"product_tag","embeddable":true,"href":"https:\/\/www.ecommerceupdate.com.br\/id\/wp-json\/wp\/v2\/product_tag?post=93411"}],"curies":[{"name":"wp","href":"https:\/\/api.w.org\/{rel}","templated":true}]}}