{"id":91930,"date":"2026-02-16T05:15:57","date_gmt":"2026-02-16T08:15:57","guid":{"rendered":"https:\/\/www.ecommerceupdate.org\/events-with-calendar-list-pro\/"},"modified":"2026-02-16T05:15:57","modified_gmt":"2026-02-16T08:15:57","slug":"events-with-calendar-list-pro","status":"publish","type":"page","link":"https:\/\/www.ecommerceupdate.com.br\/is\/events-with-calendar-list-pro\/","title":{"rendered":"vi\u00f0bur\u00f0ir-me\u00f0-dagatal-lista-pro"},"content":{"rendered":"<div class='etn-row etn-event-wrapper'>\n        <div class=\"etn-col-md-6 etn-col-lg-20\">\n        <div class=\"etn-event-item\">\n            <!-- thumbnail -->\n            <div class=\"etn-event-thumb\">\n                                    <a\n                        href=\"https:\/\/www.ecommerceupdate.com.br\/is\/etn\/vtex-day-2026\/\"\n                        aria-label=\"vi\u00f0bur\u00f0ir-me\u00f0-dagatal-lista-pro\"\n                    >\n                        <img decoding=\"async\" src=\"https:\/\/www.ecommerceupdate.com.br\/wp-content\/uploads\/2025\/01\/microfone.jpg\" alt=\"Mynd\">\n                    <\/a>\n                \n                <div class=\"etn-event-category\">\n                    <span>Rafr\u00e6n vi\u00f0skipti<\/span> <span>Vi\u00f0skipti<\/span>                 <\/div>\n                            <\/div>\n            <!-- thumbnail start-->\n\n            <!-- content start-->\n            <div class=\"etn-event-content\">\n                                                            <div class=\"etn-event-location\">\n                            <i class=\"etn-icon etn-location\"><\/i>\n                            Sao Paulo                        <\/div>\n                    \n                \n                <h3 class=\"etn-title etn-event-title\"><a href=\"https:\/\/www.ecommerceupdate.com.br\/is\/etn\/vtex-day-2026\/\">\n                    VTEX dagur 2026<\/a>\n                <\/h3>\n                                    <p>\n                        VTEX DAY, sem er sameina\u00f0 sem st\u00e6rsti og mikilv\u00e6gasti stafr\u00e6na vi\u00f0skiptavi\u00f0bur\u00f0urinn \u00ed heiminum, tilkynnir dagsetningar \u00fatg\u00e1funnar                    <\/p>\n                \n                <div class=\"etn-event-footer\">\n                    <div class=\"etn-event-date\">\n                        \t\t\t<span>\n\t\t\t\t<i class=\"etn-icon etn-calendar\"><\/i>\n\t\t\t\t16\/04\/2026\t\t\t<\/span>\n\t\t                    <\/div>\n                    <div class=\"etn-atend-btn\">\n                                                <a href=\"#\"  class=\"etn-btn etn-btn-border etn-event-expired\">Expired! <\/a>\n                                            <\/div>\n                <\/div>\n            <\/div>\n                        <!-- content end-->\n        <\/div>\n        <!-- etn event item end-->\n    <\/div>\n        <div class=\"etn-col-md-6 etn-col-lg-20\">\n        <div class=\"etn-event-item\">\n            <!-- thumbnail -->\n            <div class=\"etn-event-thumb\">\n                                    <a\n                        href=\"https:\/\/www.ecommerceupdate.com.br\/is\/etn\/sbc-summit-rio\/\"\n                        aria-label=\"vi\u00f0bur\u00f0ir-me\u00f0-dagatal-lista-pro\"\n                    >\n                        <img decoding=\"async\" src=\"https:\/\/www.ecommerceupdate.com.br\/wp-content\/uploads\/2024\/07\/microfone.jpg\" alt=\"Mynd\">\n                    <\/a>\n                \n                <div class=\"etn-event-category\">\n                    <span>Vi\u00f0skipti<\/span>                 <\/div>\n                            <\/div>\n            <!-- thumbnail start-->\n\n            <!-- content start-->\n            <div class=\"etn-event-content\">\n                                                            <div class=\"etn-event-location\">\n                            <i class=\"etn-icon etn-location\"><\/i>\n                            Rio de Janeiro                        <\/div>\n                    \n                \n                <h3 class=\"etn-title etn-event-title\"><a href=\"https:\/\/www.ecommerceupdate.com.br\/is\/etn\/sbc-summit-rio\/\">\n                    SBC lei\u00f0togafundurinn \u00ed Rio<\/a>\n                <\/h3>\n                                    <p>\n                        Brasil\u00edski ve\u00f0m\u00e1la- og fj\u00e1rh\u00e6ttuspilamarka\u00f0urinn er a\u00f0 upplifa s\u00edna mestu umbreytingarstund og SBC Summit Rio er sameina\u00f0                    <\/p>\n                \n                <div class=\"etn-event-footer\">\n                    <div class=\"etn-event-date\">\n                        \t\t\t<span>\n\t\t\t\t<i class=\"etn-icon etn-calendar\"><\/i>\n\t\t\t\t03\/03\/2026\t\t\t<\/span>\n\t\t                    <\/div>\n                    <div class=\"etn-atend-btn\">\n                                                <a href=\"#\"  class=\"etn-btn etn-btn-border etn-event-expired\">Expired! <\/a>\n                                            <\/div>\n                <\/div>\n            <\/div>\n                        <!-- content end-->\n        <\/div>\n        <!-- etn event item end-->\n    <\/div>\n        <div class=\"etn-col-md-6 etn-col-lg-20\">\n        <div class=\"etn-event-item\">\n            <!-- thumbnail -->\n            <div class=\"etn-event-thumb\">\n                                    <a\n                        href=\"https:\/\/www.ecommerceupdate.com.br\/is\/etn\/hotmart-fire-2026\/\"\n                        aria-label=\"vi\u00f0bur\u00f0ir-me\u00f0-dagatal-lista-pro\"\n                    >\n                        <img decoding=\"async\" src=\"https:\/\/www.ecommerceupdate.com.br\/wp-content\/uploads\/2025\/05\/microfone-9.jpeg\" alt=\"Mynd\">\n                    <\/a>\n                \n                <div class=\"etn-event-category\">\n                    <span>Vi\u00f0skipti<\/span>                 <\/div>\n                            <\/div>\n            <!-- thumbnail start-->\n\n            <!-- content start-->\n            <div class=\"etn-event-content\">\n                                                            <div class=\"etn-event-location\">\n                            <i class=\"etn-icon etn-location\"><\/i>\n                            Belo Horizonte                        <\/div>\n                    \n                \n                <h3 class=\"etn-title etn-event-title\"><a href=\"https:\/\/www.ecommerceupdate.com.br\/is\/etn\/hotmart-fire-2026\/\">\n                    Hotmart FIRE 2026 h\u00f3tel<\/a>\n                <\/h3>\n                                    <p>\n                        Stafr\u00e6na marka\u00f0svistkerfi\u00f0 hefur n\u00fa \u00feegar dagsetningu og sta\u00f0 fyrir st\u00e6rsta \u00e1rsfund sinn. Hotmart er n\u00fdb\u00fai\u00f0                    <\/p>\n                \n                <div class=\"etn-event-footer\">\n                    <div class=\"etn-event-date\">\n                        \t\t\t<span>\n\t\t\t\t<i class=\"etn-icon etn-calendar\"><\/i>\n\t\t\t\t10\/09\/2026\t\t\t<\/span>\n\t\t                    <\/div>\n                    <div class=\"etn-atend-btn\">\n                                                <a href=\"https:\/\/www.ecommerceupdate.com.br\/is\/etn\/hotmart-fire-2026\/\" class=\"etn-btn etn-btn-border\"\n                            title=\"Hotmart FIRE 2026 h\u00f3tel\">Attend                            <i class=\"etn-icon etm-arrow-right\"><\/i><\/a>\n                                            <\/div>\n                <\/div>\n            <\/div>\n                        <!-- content end-->\n        <\/div>\n        <!-- etn event item end-->\n    <\/div>\n        <div class=\"etn-col-md-6 etn-col-lg-20\">\n        <div class=\"etn-event-item\">\n            <!-- thumbnail -->\n            <div class=\"etn-event-thumb\">\n                                    <a\n                        href=\"https:\/\/www.ecommerceupdate.com.br\/is\/etn\/gramado-summit-2026\/\"\n                        aria-label=\"vi\u00f0bur\u00f0ir-me\u00f0-dagatal-lista-pro\"\n                    >\n                        <img decoding=\"async\" src=\"https:\/\/www.ecommerceupdate.com.br\/wp-content\/uploads\/2024\/08\/microfone-9.jpg\" alt=\"Mynd\">\n                    <\/a>\n                \n                <div class=\"etn-event-category\">\n                    <span>Rafr\u00e6n vi\u00f0skipti<\/span> <span>Vi\u00f0skipti<\/span>                 <\/div>\n                            <\/div>\n            <!-- thumbnail start-->\n\n            <!-- content start-->\n            <div class=\"etn-event-content\">\n                                                            <div class=\"etn-event-location\">\n                            <i class=\"etn-icon etn-location\"><\/i>\n                            Grasfl\u00f6t                        <\/div>\n                    \n                \n                <h3 class=\"etn-title etn-event-title\"><a href=\"https:\/\/www.ecommerceupdate.com.br\/is\/etn\/gramado-summit-2026\/\">\n                    Lei\u00f0togafundur Gramado 2026<\/a>\n                <\/h3>\n                                    <p>\n                        \u00cd heimi sem er s\u00edfellt a\u00f0 hra\u00f0a \u00ed \u00e1tt a\u00f0 stafr\u00e6nu, tilkynnir Gramado Summit \u00fatg\u00e1fu s\u00edna af                    <\/p>\n                \n                <div class=\"etn-event-footer\">\n                    <div class=\"etn-event-date\">\n                        \t\t\t<span>\n\t\t\t\t<i class=\"etn-icon etn-calendar\"><\/i>\n\t\t\t\t06\/05\/2026\t\t\t<\/span>\n\t\t                    <\/div>\n                    <div class=\"etn-atend-btn\">\n                                                <a href=\"https:\/\/www.ecommerceupdate.com.br\/is\/etn\/gramado-summit-2026\/\" class=\"etn-btn etn-btn-border\"\n                            title=\"Lei\u00f0togafundur Gramado 2026\">Attend                            <i class=\"etn-icon etm-arrow-right\"><\/i><\/a>\n                                            <\/div>\n                <\/div>\n            <\/div>\n                        <!-- content end-->\n        <\/div>\n        <!-- etn event item end-->\n    <\/div>\n        <div class=\"etn-col-md-6 etn-col-lg-20\">\n        <div class=\"etn-event-item\">\n            <!-- thumbnail -->\n            <div class=\"etn-event-thumb\">\n                                    <a\n                        href=\"https:\/\/www.ecommerceupdate.com.br\/is\/etn\/ecommerce-connect-2026\/\"\n                        aria-label=\"vi\u00f0bur\u00f0ir-me\u00f0-dagatal-lista-pro\"\n                    >\n                        <img decoding=\"async\" src=\"https:\/\/www.ecommerceupdate.com.br\/wp-content\/uploads\/2025\/05\/microfone-5.jpeg\" alt=\"Mynd\">\n                    <\/a>\n                \n                <div class=\"etn-event-category\">\n                    <span>Rafr\u00e6n vi\u00f0skipti<\/span> <span>Vi\u00f0skipti<\/span>                 <\/div>\n                            <\/div>\n            <!-- thumbnail start-->\n\n            <!-- content start-->\n            <div class=\"etn-event-content\">\n                                                            <div class=\"etn-event-location\">\n                            <i class=\"etn-icon etn-location\"><\/i>\n                            sao paulo                        <\/div>\n                    \n                \n                <h3 class=\"etn-title etn-event-title\"><a href=\"https:\/\/www.ecommerceupdate.com.br\/is\/etn\/ecommerce-connect-2026\/\">\n                    Ecommerce Connect 2026<\/a>\n                <\/h3>\n                                    <p>\n                        Stafr\u00e6ni marka\u00f0urinn heldur \u00e1fram a\u00f0 \u00fer\u00f3ast hratt og a\u00f0 finna r\u00e9ttu lausnirnar til a\u00f0 kn\u00fdja fram v\u00f6xt netvi\u00f0skipta er or\u00f0i\u00f0                    <\/p>\n                \n                <div class=\"etn-event-footer\">\n                    <div class=\"etn-event-date\">\n                        \t\t\t<span>\n\t\t\t\t<i class=\"etn-icon etn-calendar\"><\/i>\n\t\t\t\t04\/03\/2026\t\t\t<\/span>\n\t\t                    <\/div>\n                    <div class=\"etn-atend-btn\">\n                                                <a href=\"#\"  class=\"etn-btn etn-btn-border etn-event-expired\">Expired! <\/a>\n                                            <\/div>\n                <\/div>\n            <\/div>\n                        <!-- content end-->\n        <\/div>\n        <!-- etn event item end-->\n    <\/div>\n        <div class=\"etn-col-md-6 etn-col-lg-20\">\n        <div class=\"etn-event-item\">\n            <!-- thumbnail -->\n            <div class=\"etn-event-thumb\">\n                                    <a\n                        href=\"https:\/\/www.ecommerceupdate.com.br\/is\/etn\/ecom-summit-2026\/\"\n                        aria-label=\"vi\u00f0bur\u00f0ir-me\u00f0-dagatal-lista-pro\"\n                    >\n                        <img decoding=\"async\" src=\"https:\/\/www.ecommerceupdate.com.br\/wp-content\/uploads\/2025\/05\/microfone-2.jpeg\" alt=\"Mynd\">\n                    <\/a>\n                \n                <div class=\"etn-event-category\">\n                    <span>Rafr\u00e6n vi\u00f0skipti<\/span> <span>Vi\u00f0skipti<\/span>                 <\/div>\n                            <\/div>\n            <!-- thumbnail start-->\n\n            <!-- content start-->\n            <div class=\"etn-event-content\">\n                                                            <div class=\"etn-event-location\">\n                            <i class=\"etn-icon etn-location\"><\/i>\n                            R\u00e1\u00f0stefnumi\u00f0st\u00f6\u00f0in Frei Caneca &amp; Sao Paulo, SP                        <\/div>\n                    \n                \n                <h3 class=\"etn-title etn-event-title\"><a href=\"https:\/\/www.ecommerceupdate.com.br\/is\/etn\/ecom-summit-2026\/\">\n                    Lei\u00f0togafundur Ecom 2026<\/a>\n                <\/h3>\n                                    <p>\n                        \u00dear sem rafr\u00e6n vi\u00f0skipti marka\u00f0ur er st\u00f6\u00f0ugt a\u00f0 vaxa, tilkynnir Ecom Summit s\u00edna 6. \u00fatg\u00e1fu, sem sameinar sig sem a                    <\/p>\n                \n                <div class=\"etn-event-footer\">\n                    <div class=\"etn-event-date\">\n                        \t\t\t<span>\n\t\t\t\t<i class=\"etn-icon etn-calendar\"><\/i>\n\t\t\t\t26\/06\/2026\t\t\t<\/span>\n\t\t                    <\/div>\n                    <div class=\"etn-atend-btn\">\n                                                <a href=\"https:\/\/www.ecommerceupdate.com.br\/is\/etn\/ecom-summit-2026\/\" class=\"etn-btn etn-btn-border\"\n                            title=\"Lei\u00f0togafundur Ecom 2026\">Attend                            <i class=\"etn-icon etm-arrow-right\"><\/i><\/a>\n                                            <\/div>\n                <\/div>\n            <\/div>\n                        <!-- content end-->\n        <\/div>\n        <!-- etn event item end-->\n    <\/div>\n        <div class=\"etn-col-md-6 etn-col-lg-20\">\n        <div class=\"etn-event-item\">\n            <!-- thumbnail -->\n            <div class=\"etn-event-thumb\">\n                                    <a\n                        href=\"https:\/\/www.ecommerceupdate.com.br\/is\/etn\/afiliados-brasil-2026\/\"\n                        aria-label=\"vi\u00f0bur\u00f0ir-me\u00f0-dagatal-lista-pro\"\n                    >\n                        <img decoding=\"async\" src=\"https:\/\/www.ecommerceupdate.com.br\/wp-content\/uploads\/2024\/07\/microfone-1.jpg\" alt=\"Mynd\">\n                    <\/a>\n                \n                <div class=\"etn-event-category\">\n                    <span>Rafr\u00e6n vi\u00f0skipti<\/span> <span>Vi\u00f0skipti<\/span>                 <\/div>\n                            <\/div>\n            <!-- thumbnail start-->\n\n            <!-- content start-->\n            <div class=\"etn-event-content\">\n                                                            <div class=\"etn-event-location\">\n                            <i class=\"etn-icon etn-location\"><\/i>\n                            R\u00e1\u00f0stefnumi\u00f0st\u00f6\u00f0in Frei Caneca (Rua Frei Caneca, 569 - 4., 5. og 6. h\u00e6\u00f0 - Huggun - Sao Paulo \/SP                        <\/div>\n                    \n                \n                <h3 class=\"etn-title etn-event-title\"><a href=\"https:\/\/www.ecommerceupdate.com.br\/is\/etn\/afiliados-brasil-2026\/\">\n                    Samstarfsa\u00f0ilar Brasil\u00edu 2026<\/a>\n                <\/h3>\n                                    <p>\n                        Affiliates Brazil, a\u00f0al og st\u00e6rsti hlutdeildarmarka\u00f0svi\u00f0bur\u00f0urinn \u00ed R\u00f3m\u00f6nsku Amer\u00edku, tilkynnir formlega \u00fatg\u00e1fu s\u00edna af                    <\/p>\n                \n                <div class=\"etn-event-footer\">\n                    <div class=\"etn-event-date\">\n                        \t\t\t<span>\n\t\t\t\t<i class=\"etn-icon etn-calendar\"><\/i>\n\t\t\t\t28\/05\/2026\t\t\t<\/span>\n\t\t                    <\/div>\n                    <div class=\"etn-atend-btn\">\n                                                <a href=\"https:\/\/www.ecommerceupdate.com.br\/is\/etn\/afiliados-brasil-2026\/\" class=\"etn-btn etn-btn-border\"\n                            title=\"Samstarfsa\u00f0ilar Brasil\u00edu 2026\">Attend                            <i class=\"etn-icon etm-arrow-right\"><\/i><\/a>\n                                            <\/div>\n                <\/div>\n            <\/div>\n                        <!-- content end-->\n        <\/div>\n        <!-- etn event item end-->\n    <\/div>\n    <\/div>","protected":false},"excerpt":{"rendered":"","protected":false},"author":1,"featured_media":0,"parent":0,"menu_order":0,"comment_status":"closed","ping_status":"closed","template":"","meta":{"footnotes":""},"class_list":["post-91930","page","type-page","status-publish"],"aioseo_notices":[],"_links":{"self":[{"href":"https:\/\/www.ecommerceupdate.com.br\/is\/wp-json\/wp\/v2\/pages\/91930","targetHints":{"allow":["GET"]}}],"collection":[{"href":"https:\/\/www.ecommerceupdate.com.br\/is\/wp-json\/wp\/v2\/pages"}],"about":[{"href":"https:\/\/www.ecommerceupdate.com.br\/is\/wp-json\/wp\/v2\/types\/page"}],"author":[{"embeddable":true,"href":"https:\/\/www.ecommerceupdate.com.br\/is\/wp-json\/wp\/v2\/users\/1"}],"replies":[{"embeddable":true,"href":"https:\/\/www.ecommerceupdate.com.br\/is\/wp-json\/wp\/v2\/comments?post=91930"}],"version-history":[{"count":0,"href":"https:\/\/www.ecommerceupdate.com.br\/is\/wp-json\/wp\/v2\/pages\/91930\/revisions"}],"wp:attachment":[{"href":"https:\/\/www.ecommerceupdate.com.br\/is\/wp-json\/wp\/v2\/media?parent=91930"}],"curies":[{"name":"wp","href":"https:\/\/api.w.org\/{rel}","templated":true}]}}