{"id":91398,"date":"2026-02-06T04:36:47","date_gmt":"2026-02-06T07:36:47","guid":{"rendered":"https:\/\/www.ecommerceupdate.org\/produto\/marketing-6-0-o-futuro-e-imersivo-eliminando-as-fronteiras-entre-os-mundos-fisico-e-digital\/"},"modified":"2026-05-13T09:57:51","modified_gmt":"2026-05-13T12:57:51","slug":"marketing-6-0-o-futuro-e-imersivo-eliminando-as-fronteiras-entre-os-mundos-fisico-e-digital","status":"publish","type":"product","link":"https:\/\/www.ecommerceupdate.com.br\/is\/produto\/marketing-6-0-o-futuro-e-imersivo-eliminando-as-fronteiras-entre-os-mundos-fisico-e-digital\/","title":{"rendered":"Marka\u00f0ssetning 6.0: Framt\u00ed\u00f0in er yfirgripsmikil: A\u00f0 \u00fatr\u00fdma m\u00f6rkum milli l\u00edkamlegs og stafr\u00e6ns heims"},"content":{"rendered":"<div class=\"woocommerce-product-details\"><\/div>","protected":false},"excerpt":{"rendered":"<p>Uppg\u00f6tva\u00f0u hvernig \u00e1 a\u00f0 breyta herfer\u00f0um \u00ed sannarlega yfirgripsmikla reynslu, \u00fatr\u00fdma m\u00f6rk milli l\u00edkamlega og stafr\u00e6na heimsins til a\u00f0 auka \u00fe\u00e1ttt\u00f6ku, \u00fe\u00e1ttt\u00f6ku og hollustu \u00e1horfenda \u00feinna.Fyrir a\u00f0eins R$ 43.14, b\u00f3kin b\u00fd\u00f0ur upp \u00e1 hagn\u00fdtar a\u00f0fer\u00f0ir fyrir \u00fe\u00e1 sem starfa \u00ed stj\u00f3rns\u00fdslu, vi\u00f0skiptum og hagfr\u00e6\u00f0i, stj\u00f3rnun og forystu. Lestu \u00e1fram til a\u00f0 l\u00e6ra um notkunartilvik, \u00e1hrifam\u00e6lingar og \u00e1\u00fereifanlegar lei\u00f0ir til a\u00f0 beita \u00feessari yfirgripsmiklu s\u00fdn \u00ed vi\u00f0skiptum \u00fe\u00ednum.<\/p>","protected":false},"featured_media":91398,"comment_status":"open","ping_status":"closed","template":"","meta":[],"product_cat":[1611,1621,1595],"product_tag":[2839,2840,2841],"class_list":{"0":"post-91398","1":"product","2":"type-product","3":"status-publish","4":"has-post-thumbnail","5":"product_brand-por-philip-kotler-autor-hermawan-kartajaya-autor-iwan-setiawan-autor-andr-fontenelle-tradutor-1-mais","6":"product_cat-administracao-negocios-e-economia","7":"product_cat-gestao-e-lideranca","8":"product_cat-livros","9":"product_tag-livro-marketing-6-0","10":"product_tag-marketing-imersivo-fisico-digital","11":"product_tag-transformacao-digital-para-lideres-empresariais","13":"first","14":"instock","15":"sale","16":"shipping-taxable","17":"purchasable","18":"product-type-simple"},"aioseo_notices":[],"_links":{"self":[{"href":"https:\/\/www.ecommerceupdate.com.br\/is\/wp-json\/wp\/v2\/product\/91398","targetHints":{"allow":["GET"]}}],"collection":[{"href":"https:\/\/www.ecommerceupdate.com.br\/is\/wp-json\/wp\/v2\/product"}],"about":[{"href":"https:\/\/www.ecommerceupdate.com.br\/is\/wp-json\/wp\/v2\/types\/product"}],"replies":[{"embeddable":true,"href":"https:\/\/www.ecommerceupdate.com.br\/is\/wp-json\/wp\/v2\/comments?post=91398"}],"wp:featuredmedia":[{"embeddable":true,"href":"https:\/\/www.ecommerceupdate.com.br\/is\/wp-json\/wp\/v2\/product\/91398"}],"wp:attachment":[{"href":"https:\/\/www.ecommerceupdate.com.br\/is\/wp-json\/wp\/v2\/media?parent=91398"}],"wp:term":[{"taxonomy":"product_cat","embeddable":true,"href":"https:\/\/www.ecommerceupdate.com.br\/is\/wp-json\/wp\/v2\/product_cat?post=91398"},{"taxonomy":"product_tag","embeddable":true,"href":"https:\/\/www.ecommerceupdate.com.br\/is\/wp-json\/wp\/v2\/product_tag?post=91398"}],"curies":[{"name":"wp","href":"https:\/\/api.w.org\/{rel}","templated":true}]}}