{"id":91649,"date":"2026-02-07T11:38:51","date_gmt":"2026-02-07T14:38:51","guid":{"rendered":"https:\/\/www.ecommerceupdate.org\/produto\/a-loja-de-tudo-jeff-bezos-e-a-era-da-amazon\/"},"modified":"2026-03-08T20:06:12","modified_gmt":"2026-03-08T23:06:12","slug":"a-loja-de-tudo-jeff-bezos-e-a-era-da-amazon","status":"publish","type":"product","link":"https:\/\/www.ecommerceupdate.com.br\/is\/produto\/a-loja-de-tudo-jeff-bezos-e-a-era-da-amazon\/","title":{"rendered":"Verslunin af \u00f6llu: Jeff Bezos og aldur Amazon"},"content":{"rendered":"<div class=\"woocommerce-product-details\">\n<div id=\"aplus_feature_div\" class=\"celwidget\" data-feature-name=\"aplus\" data-csa-c-type=\"widget\" data-csa-c-content-id=\"aplus\" data-csa-c-slot-id=\"aplus_feature_div\" data-csa-c-asin=\"\" data-csa-c-is-in-initial-active-row=\"false\">\n<div id=\"aplus\" class=\"a-section a-spacing-large bucket\">\n<h3 class=\"\">Fr\u00e1 \u00fatgefanda<\/h3>\n<div lang=\"pt_BR\">\n<div class=\"aplus-v2 desktop celwidget\">\n<div class=\"celwidget aplus-module module-12 aplus-standard\">\n<div class=\"aplus-module-wrapper apm-spacing apm-floatnone apm-fixed-width\">\n<div class=\"apm-sidemodule aplus-module-content\">\n<div class=\"apm-hero-image\"> <img decoding=\"async\" alt=\"amazon, allt verslunin, jeff bezos, brad steinn, verslun, verslun, vi\u00f0skipti\" src=\"https:\/\/m.media-amazon.com\/images\/S\/aplus-media\/vc\/7efa9976-3ab8-4a1f-aeea-0cfb612008a4._CR0,0,1347,417_PT0_SX970__.jpg\" \/> <\/div>\n<\/p>\n<\/div>\n<\/div>\n<\/div>\n<div class=\"celwidget aplus-module module-3 aplus-standard\">\n<div class=\"aplus-module-wrapper apm-floatnone apm-fixed-width\">\n<div class=\"apm-sidemodule apm-spacing\">\n<div class=\"apm-sidemodule-imageright\"> <img decoding=\"async\" alt=\"amazon, allt verslunin, jeff bezos, brad steinn, verslun, verslun, vi\u00f0skipti\" src=\"https:\/\/m.media-amazon.com\/images\/S\/aplus-media\/vc\/002cae37-e348-4a96-9d59-f3fbedb8fb60._CR0,0,417,417_PT0_SX300__.jpg\" \/> <\/div>\n<div class=\"apm-sidemodule-textleft\">\n<h3 class=\"a-spacing-mini\"> Hver er Jeff Bezos? <\/h3>\n<p> <span class=\"a-text-bold\">Jeff Bezos<\/span> frumkv\u00f6\u00f0ull, stofnandi, forseti og forstj\u00f3ri Amazon. Hann f\u00e6ddist \u00ed Bandar\u00edkjunum og \u00fatskrifa\u00f0ist \u00ed rafmagns- og t\u00f6lvuverkfr\u00e6\u00f0i vi\u00f0 Princeton University. Sem stendur er st\u00e6rsta nets\u00f6lufyrirt\u00e6ki \u00ed heimi, Amazon var stofna\u00f0 \u00e1ri\u00f0 1994. \u00de\u00f6kk s\u00e9 versluninni og \u00fdmsum hennar fj\u00e1rfestingar, Bezos er or\u00f0inn einn r\u00edkasti ma\u00f0ur s\u00f6gunnar, me\u00f0 \u00e1\u00e6tla\u00f0a au\u00f0\u00e6fi upp \u00e1 $ 113,5 milljar\u00f0a. <\/p>\n<\/p>\n<\/div>\n<\/div>\n<\/div>\n<\/div>\n<div class=\"celwidget aplus-module module-4 aplus-standard\">\n<div class=\"aplus-module-wrapper apm-fixed-width apm-spacing\">\n<h3 class=\"a-spacing-small\"> Forvitni um Amazon <\/h3>\n<div class=\"apm-flex\">\n<div class=\"apm-flex-item-fourth-width\">\n<p class=\"apm-text-center\"> <img decoding=\"async\" alt=\"amazon, allt verslunin, jeff bezos, brad steinn, verslun, verslun, vi\u00f0skipti\" src=\"https:\/\/m.media-amazon.com\/images\/S\/aplus-media\/vc\/e5c5dd2c-6181-4de0-b0a7-1f1d603c7f33._CR0,0,306,306_PT0_SX220__.jpg\" \/> <\/p>\n<h4 class=\"a-spacing-mini\"> \u00de\u00fasundir pantana <\/h4>\n<p class=\"a-size-small\"> Fyrstu h\u00f6fu\u00f0st\u00f6\u00f0var fyrirt\u00e6kisins voru heimili stofnanda \u00feess, Jeff Bezos. Til a\u00f0 koma til m\u00f3ts vi\u00f0 \u00fea\u00f0 mikla magn af p\u00f3sti sem barst \u00e1 \u00feeim t\u00edma var \u00fea\u00f0 mun st\u00e6rra p\u00f3sth\u00f3lf en venjulega. <\/p>\n<\/p>\n<\/div>\n<div class=\"apm-flex-item-fourth-width\">\n<p class=\"apm-text-center\"> <img decoding=\"async\" alt=\"amazon, allt verslunin, jeff bezos, brad steinn, verslun, verslun, vi\u00f0skipti\" src=\"https:\/\/m.media-amazon.com\/images\/S\/aplus-media\/vc\/a88a3ea9-5860-4817-b12c-48f02dc5398a._CR0,0,306,306_PT0_SX220__.jpg\" \/> <\/p>\n<h4 class=\"a-spacing-mini\"> Nafnval <\/h4>\n<p class=\"a-size-small\"> \u00deegar hann \u00e1kva\u00f0 nafn fyrirt\u00e6kisins \u00edhuga\u00f0i Bezos <span class=\"a-text-bold\">Cadabra<\/span> (me\u00f0 v\u00edsan til Abracadabra) og Relentless (\u00fe\u00fdtt frj\u00e1lslega sem linnulaust e\u00f0a vi\u00f0varandi) <span class=\"a-text-italic\">v\u00e6g\u00f0arlaus<\/span>, \u00fea\u00f0 er sj\u00e1lfkrafa v\u00edsa\u00f0 til Amazon. <\/p>\n<\/p>\n<\/div>\n<div class=\"apm-flex-item-fourth-width\">\n<p class=\"apm-text-center\"> <img decoding=\"async\" alt=\"amazon, allt verslunin, jeff bezos, brad steinn, verslun, verslun, vi\u00f0skipti\" src=\"https:\/\/m.media-amazon.com\/images\/S\/aplus-media\/vc\/15ae2382-c098-49e3-ab39-69ada746c762._CR0,0,306,306_PT0_SX220__.jpg\" \/> <\/p>\n<h4 class=\"a-spacing-mini\"> Bj\u00f6llan \u00ed s\u00f6lu <\/h4>\n<p class=\"a-size-small\"> \u00cd fyrstu var \u00ed fyrirt\u00e6kinu bjalla sem hringt var \u00ed hvert sinn sem sala f\u00f3r fram. Me\u00f0 t\u00edmanum var\u00f0 salan svo t\u00ed\u00f0 a\u00f0 h\u00fan var afturk\u00f6llu\u00f0. <\/p>\n<\/p>\n<\/div>\n<div class=\"apm-flex-item-fourth-width\">\n<p class=\"apm-text-center\"> <img decoding=\"async\" alt=\"amazon, allt verslunin, jeff bezos, brad steinn, verslun, verslun, vi\u00f0skipti\" src=\"https:\/\/m.media-amazon.com\/images\/S\/aplus-media\/vc\/a9cb10f2-b884-46ec-8b3e-7b97635aa106._CR0,0,306,306_PT0_SX220__.jpg\" \/> <\/p>\n<h4 class=\"a-spacing-mini\"> Margar sendingar <\/h4>\n<p class=\"a-size-small\"> Amazon gerir um 1,6 millj\u00f3nir sendingar \u00e1 dag.Magn pappa \u00ed \u00feessum k\u00f6ssum v\u00e6ri n\u00f3g til a\u00f0 n\u00e1 yfir sv\u00e6\u00f0i sem er st\u00e6rra en Kosta R\u00edka. <\/p>\n<\/p>\n<\/div>\n<\/div>\n<\/div>\n<\/div>\n<div class=\"celwidget aplus-module module-9 aplus-standard\">\n<div class=\"aplus-module-wrapper apm-fixed-width apm-spacing\">\n<h3 class=\"a-spacing-small\"> A\u00f0rar b\u00e6kur sem \u00fe\u00fa g\u00e6tir vilja\u00f0 <\/h3>\n<div class=\"apm-flex\">\n<div class=\"apm-flex-item-third-width\">\n<p class=\"apm-text-center\"> <img decoding=\"async\" alt=\"amazon, allt verslunin, jeff bezos, brad steinn, verslun, verslun, vi\u00f0skipti, elon musk\" src=\"https:\/\/m.media-amazon.com\/images\/S\/aplus-media\/vc\/37f5ff55-9b2d-471c-bbe0-f6db9b765a9c._CR0,0,417,417_PT0_SX300__.jpg\" \/> <\/p>\n<\/p>\n<\/div>\n<div class=\"apm-flex-item-third-width\">\n<p class=\"apm-text-center\"> <img decoding=\"async\" alt=\"amazon, verslun alls, jeff bezos, brad steinn, verslun, verslun, vi\u00f0skipti, sprettur, google\" src=\"https:\/\/m.media-amazon.com\/images\/S\/aplus-media\/vc\/88c01a54-6448-4280-832e-aabd3f9986ba._CR0,0,417,417_PT0_SX300__.jpg\" \/> <\/p>\n<\/p>\n<\/div>\n<div class=\"apm-flex-item-third-width\">\n<p class=\"apm-text-center\"> <img decoding=\"async\" alt=\"amazon, allt verslunin, jeff bezos, brad steinn, verslun, verslun, vi\u00f0skipti, meginreglur\" src=\"https:\/\/m.media-amazon.com\/images\/S\/aplus-media\/vc\/ed2f48bd-d056-450d-8c30-268021a0e687._CR0,0,417,417_PT0_SX300__.jpg\" \/> <\/p>\n<\/p>\n<\/div>\n<\/div>\n<\/div>\n<\/div>\n<div class=\"celwidget aplus-module module-11 aplus-standard\">\n<div class=\"aplus-module-wrapper apm-spacing apm-floatnone apm-fixed-width\">\n<div class=\"apm-sidemodule aplus-module-content\">\n<div class=\"apm-hero-image\"> <img decoding=\"async\" alt=\"amazon, allt verslunin, jeff bezos, brad steinn, verslun, verslun, vi\u00f0skipti\" src=\"https:\/\/m.media-amazon.com\/images\/S\/aplus-media\/vc\/4e4bb8a5-cad5-44db-aa4f-2f6cf4606584._CR0,0,1347,417_PT0_SX970__.jpg\" \/> <\/div>\n<\/p>\n<\/div>\n<\/div>\n<\/div>\n<\/div>\n<\/div>\n<\/div>\n<\/div>\n<h3>V\u00f6ruuppl\u00fdsingar<\/h3>\n<ul>\n<li>ASIN: B00JAJX8OW<\/li>\n<li>\u00datgefandi: Intrinsic<\/li>\n<li>A\u00f0gengi: L\u00e6r\u00f0u meira<\/li>\n<li>\u00datg\u00e1fudagur: 1. apr\u00edl 2014<\/li>\n<li>Tungum\u00e1l: Port\u00fagalska<\/li>\n<li>Skr\u00e1arst\u00e6r\u00f0: 13.6 MB<\/li>\n<li>Skj\u00e1lesari: Samh\u00e6ft<\/li>\n<li>Leturstilling: Virkt<\/li>\n<li>\u00c1bendingar um or\u00f0afor\u00f0a: Ekki virkt<\/li>\n<li>Fj\u00f6ldi s\u00ed\u00f0na: 484 s\u00ed\u00f0ur<\/li>\n<li>ISBN-10:9788580574906<\/li>\n<li>ISBN-13:978-8580574906<\/li>\n<li>Page Flip: Virkt<\/li>\n<li>S\u00f6luh\u00e6stu s\u00e6ti: Nr 68.893 \u00ed Kindle Store (Meet the Top 100 in Kindle Store flokki) Nr. 1.363 \u00ed \u00e6vis\u00f6gum og sj\u00e1lfs\u00e6vis\u00f6gum<\/li>\n<li>1.363 \u00ed \u00e6vis\u00f6gum og sj\u00e1lfs\u00e6vis\u00f6gum<\/li>\n<li>Einkunnir vi\u00f0skiptavina: 4.6 4.6 af 5 stj\u00f6rnum (3.606)<\/li>\n<\/ul><\/div>","protected":false},"excerpt":{"rendered":"<p>A Amazon foi uma pioneira no com\u00e9rcio de livros pela internet e esteve \u00e0 frente da primeira grande febre das pontocom. Mas Jeff Bezos, seu vision\u00e1rio criador, n\u00e3o se contentaria com uma livraria virtual descolada: ele queria que sua empresa dispusesse de uma sele\u00e7\u00e3o ilimitada de produtos a pre\u00e7os radicalmente baixos \u2014 e se tornasse \u201ca loja de tudo\u201d.Com o objetivo de descortinar esse universo, o jornalista Brad Stone obteve acesso in\u00e9dito a funcion\u00e1rios e executivos da Amazon, al\u00e9m de familiares e amigos de Bezos, e o resultado \u00e9 um retrato detalhado da vida na gigante do com\u00e9rcio on-line que exp\u00f5e um mundo de competitividade sem limites. Como outros precursores da tecnologia, entre eles Steve Jobs, Bill Gates e Mark Zuckerberg, Bezos n\u00e3o cede em sua incans\u00e1vel busca por novos mercados, transformando o varejo da mesma forma como Henry Ford revolucionou a ind\u00fastria \u2014 com uma impiedade tamanha que s\u00f3 se iguala \u00e0 sua vontade de oferecer a melhor experi\u00eancia poss\u00edvel ao cliente.A loja de tudo \u00e9 a biografia definitiva da start-up que fez uma das primeiras e maiores apostas na internet e mudou para sempre a nossa forma de ler e de comprar. \u00c9 um relato honesto sobre a empresa mais emblem\u00e1tica da nossa era, bem como um olhar profundamente pessoal sobre o ic\u00f4nico personagem que a criou.Agraciado com o pr\u00eamio de \u201cmelhor livro de neg\u00f3cios de 2013\u201d pelo Financial Times\/Goldman Sachs, tamb\u00e9m foi selecionado entre os melhores t\u00edtulos do ano por publica\u00e7\u00f5es como The Washington Post e Forbes. A obra re\u00fane depoimentos in\u00e9ditos de amigos, familiares, colaboradores e ex-funcion\u00e1rios da Amazon, revelando importantes detalhes de todas as jogadas de Jeff Bezos para tornar a Amazon uma das empresas mais poderosas da atualidade. O livro inclui dezenas de imagens in\u00e9ditas de Jeff Bezos desde a inf\u00e2ncia at\u00e9 se tornar um bilion\u00e1rio do Vale do Sil\u00edcio.\u201c\u00c9 uma grande aula de administra\u00e7\u00e3o de empresas e a biografia de um vision\u00e1rio. Conta como Bezos construiu a maior loja virtual do mundo, quantas besteiras fez e como virou um \u00edcone perseguindo uma s\u00f3 ideia: o poder da rede.\u201d Elio Gaspari, colunista de Folha de S.Paulo e O GloboBest-seller da Veja<\/p>","protected":false},"featured_media":91649,"comment_status":"open","ping_status":"closed","template":"","meta":[],"product_cat":[1625,1608,1607],"product_tag":[],"class_list":{"0":"post-91649","1":"product","2":"type-product","3":"status-publish","4":"has-post-thumbnail","6":"product_brand-por-brad-stone-autor-andrea-gottlieb-de-castro-neves-tradutor-formato-ebook-kindle","7":"product_cat-biografias-e-historias-reais","8":"product_cat-ebooks-kindle","9":"product_cat-loja-kindle","11":"first","12":"instock","13":"sale","14":"shipping-taxable","15":"purchasable","16":"product-type-simple"},"aioseo_notices":[],"_links":{"self":[{"href":"https:\/\/www.ecommerceupdate.com.br\/is\/wp-json\/wp\/v2\/product\/91649","targetHints":{"allow":["GET"]}}],"collection":[{"href":"https:\/\/www.ecommerceupdate.com.br\/is\/wp-json\/wp\/v2\/product"}],"about":[{"href":"https:\/\/www.ecommerceupdate.com.br\/is\/wp-json\/wp\/v2\/types\/product"}],"replies":[{"embeddable":true,"href":"https:\/\/www.ecommerceupdate.com.br\/is\/wp-json\/wp\/v2\/comments?post=91649"}],"wp:featuredmedia":[{"embeddable":true,"href":"https:\/\/www.ecommerceupdate.com.br\/is\/wp-json\/wp\/v2\/product\/91649"}],"wp:attachment":[{"href":"https:\/\/www.ecommerceupdate.com.br\/is\/wp-json\/wp\/v2\/media?parent=91649"}],"wp:term":[{"taxonomy":"product_cat","embeddable":true,"href":"https:\/\/www.ecommerceupdate.com.br\/is\/wp-json\/wp\/v2\/product_cat?post=91649"},{"taxonomy":"product_tag","embeddable":true,"href":"https:\/\/www.ecommerceupdate.com.br\/is\/wp-json\/wp\/v2\/product_tag?post=91649"}],"curies":[{"name":"wp","href":"https:\/\/api.w.org\/{rel}","templated":true}]}}