{"id":93372,"date":"2026-03-03T23:00:48","date_gmt":"2026-03-04T02:00:48","guid":{"rendered":"https:\/\/www.ecommerceupdate.com.br\/produto\/marketplace-teoria-e-pratica-2\/"},"modified":"2026-03-13T15:28:34","modified_gmt":"2026-03-13T18:28:34","slug":"marketplace-teoria-e-pratica-2","status":"publish","type":"product","link":"https:\/\/www.ecommerceupdate.com.br\/is\/produto\/marketplace-teoria-e-pratica-2\/","title":{"rendered":"Marka\u00f0storg: Kenning og framkv\u00e6md"},"content":{"rendered":"<div class=\"woocommerce-product-details\">\n<h3>V\u00f6ruuppl\u00fdsingar<\/h3>\n<ul>\n<li>ASIN: B0BY5DPNLS<\/li>\n<li>\u00datgefandi: Alexandre Villar\/S\u00e1lar\u00fatgefandi<\/li>\n<li>A\u00f0gengi: L\u00e6r\u00f0u meira<\/li>\n<li>\u00datg\u00e1fudagur: 10. mars 2023<\/li>\n<li>\u00datg\u00e1fa: 2<\/li>\n<li>Tungum\u00e1l: Port\u00fagalska<\/li>\n<li>Skr\u00e1arst\u00e6r\u00f0: 2.1 MB<\/li>\n<li>Skj\u00e1lesari: Samh\u00e6ft<\/li>\n<li>Leturstilling: Virkt<\/li>\n<li>\u00c1bendingar um or\u00f0afor\u00f0a: Ekki virkt<\/li>\n<li>Fj\u00f6ldi s\u00ed\u00f0na: 282 s\u00ed\u00f0ur<\/li>\n<li>ISBN-13:978-6586178906<\/li>\n<li>Page Flip: Virkt<\/li>\n<li>Lestur aldur: 13 18 \u00e1ra<\/li>\n<li>S\u00f6luh\u00e6stu s\u00e6ti: No 278.659 in Kindle Store (Meet the Top 100 in Kindle Store flokki) No 124 in Customer Service No 294 in Web Marketing No 1.720 in Marketing &amp; Sales<\/li>\n<li>124 \u00cd \u00fej\u00f3nustu vi\u00f0 vi\u00f0skiptavini<\/li>\n<li>294 \u00cd vefmarka\u00f0ssetningu<\/li>\n<li>1.720 \u00ed marka\u00f0ssetningu og s\u00f6lu<\/li>\n<\/ul><\/div>","protected":false},"excerpt":{"rendered":"<p>Frammi fyrir heimi fullum af n\u00fdjungum og sm\u00e1s\u00f6lumarka\u00f0i leita n\u00fdjar lei\u00f0beiningar fyrir s\u00f6lu s\u00edna, selja \u00e1 marka\u00f0i hefur or\u00f0i\u00f0 mj\u00f6g \u00e1hugavert lei\u00f0 fyrir \u00fe\u00fasundir fyrirt\u00e6kja. Me\u00f0 \u00fev\u00ed a\u00f0 n\u00fdta s\u00fdnileika sem st\u00f3r g\u00e1ttir hafa fyrir kaup vi\u00f0skiptavina, inn \u00e1 \u00feennan n\u00fdst\u00e1rlega marka\u00f0i hefur hetjud\u00e1\u00f0 s\u00edna og \u00e1h\u00e6ttu. Skilningur \u00e1 \u00f6llum sm\u00e1atri\u00f0um marka\u00f0arins og erfi\u00f0leika \u00feess mun gera starf \u00feitt mun au\u00f0veldara. \u00cd \u00feessari b\u00f3k er h\u00e6gt a\u00f0 finna lausnina fyrir nokkra \u00feeirra og ver\u00f0a fars\u00e6ll frumkv\u00f6\u00f0ull.<\/p>","protected":false},"featured_media":93372,"comment_status":"open","ping_status":"closed","template":"","meta":[],"product_cat":[1611,1613,1595],"product_tag":[],"class_list":{"0":"post-93372","1":"product","2":"type-product","3":"status-publish","4":"has-post-thumbnail","6":"product_brand-por-alexandre-villar-autor-formato-ebook-kindle","7":"product_cat-administracao-negocios-e-economia","8":"product_cat-industrias-e-profissoes","9":"product_cat-livros","11":"first","12":"instock","13":"shipping-taxable","14":"purchasable","15":"product-type-simple"},"aioseo_notices":[],"_links":{"self":[{"href":"https:\/\/www.ecommerceupdate.com.br\/is\/wp-json\/wp\/v2\/product\/93372","targetHints":{"allow":["GET"]}}],"collection":[{"href":"https:\/\/www.ecommerceupdate.com.br\/is\/wp-json\/wp\/v2\/product"}],"about":[{"href":"https:\/\/www.ecommerceupdate.com.br\/is\/wp-json\/wp\/v2\/types\/product"}],"replies":[{"embeddable":true,"href":"https:\/\/www.ecommerceupdate.com.br\/is\/wp-json\/wp\/v2\/comments?post=93372"}],"wp:featuredmedia":[{"embeddable":true,"href":"https:\/\/www.ecommerceupdate.com.br\/is\/wp-json\/wp\/v2\/product\/93372"}],"wp:attachment":[{"href":"https:\/\/www.ecommerceupdate.com.br\/is\/wp-json\/wp\/v2\/media?parent=93372"}],"wp:term":[{"taxonomy":"product_cat","embeddable":true,"href":"https:\/\/www.ecommerceupdate.com.br\/is\/wp-json\/wp\/v2\/product_cat?post=93372"},{"taxonomy":"product_tag","embeddable":true,"href":"https:\/\/www.ecommerceupdate.com.br\/is\/wp-json\/wp\/v2\/product_tag?post=93372"}],"curies":[{"name":"wp","href":"https:\/\/api.w.org\/{rel}","templated":true}]}}