{"id":93564,"date":"2026-03-04T20:20:05","date_gmt":"2026-03-04T23:20:05","guid":{"rendered":"https:\/\/www.ecommerceupdate.com.br\/produto\/logistica-aplicada-ao-e-commerce-serie-universitaria\/"},"modified":"2026-03-13T15:36:47","modified_gmt":"2026-03-13T18:36:47","slug":"logistica-aplicada-ao-e-commerce-serie-universitaria","status":"publish","type":"product","link":"https:\/\/www.ecommerceupdate.com.br\/is\/produto\/logistica-aplicada-ao-e-commerce-serie-universitaria\/","title":{"rendered":"Flutningur beittur til rafr\u00e6nna vi\u00f0skipta (University Series)"},"content":{"rendered":"<div class=\"woocommerce-product-details\">\n<h3>V\u00f6ruuppl\u00fdsingar<\/h3>\n<ul>\n<li>ASIN: B0C2RJGYGP<\/li>\n<li>\u00datgefandi: Editora Senac Sao Paulo<\/li>\n<li>A\u00f0gengi: L\u00e6r\u00f0u meira<\/li>\n<li>\u00datg\u00e1fudagur: 17. apr\u00edl 2023<\/li>\n<li>\u00datg\u00e1fa: 1a<\/li>\n<li>Tungum\u00e1l: Port\u00fagalska<\/li>\n<li>Skr\u00e1arst\u00e6r\u00f0: 3.7 MB<\/li>\n<li>Skj\u00e1lesari: Samh\u00e6ft<\/li>\n<li>Leturstilling: Virkt<\/li>\n<li>\u00c1bendingar um or\u00f0afor\u00f0a: Ekki virkt<\/li>\n<li>Fj\u00f6ldi s\u00ed\u00f0na: 154 s\u00ed\u00f0ur<\/li>\n<li>ISBN-13:978-8539633098<\/li>\n<li>Page Flip: Virkt<\/li>\n<li>S\u00f6luh\u00e6stu s\u00e6ti: Nr 458.764 \u00ed Kindle Store (Meet the Top 100 in Kindle Store flokki) No 245 in Ecommerce No 16.637 in Business &amp; Economics<\/li>\n<li>245 \u00cd rafr\u00e6num vi\u00f0skiptum<\/li>\n<li>16.637 \u00ed vi\u00f0skipta- og hagfr\u00e6\u00f0i<\/li>\n<li>Umsagnir vi\u00f0skiptavina: 4.0 4.0 \u00fat af 5 stj\u00f6rnum (2)<\/li>\n<\/ul><\/div>","protected":false},"excerpt":{"rendered":"<p>H\u00e1sk\u00f3lar\u00f6\u00f0in var \u00fer\u00f3u\u00f0 af Senac Sao Paulo til a\u00f0 undirb\u00faa fagf\u00f3lk fyrir vinnumarka\u00f0inn. Titlarnir n\u00e1 yfir nokkur svi\u00f0, allt fr\u00e1 fr\u00e6\u00f0ilegri og hagn\u00fdtri \u00feekkingu sem h\u00e6fir faglegum kr\u00f6fum til si\u00f0fer\u00f0ilegrar og traustrar \u00fej\u00e1lfunar. <br \/>Flutningur sem beitt er vi\u00f0 rafr\u00e6n vi\u00f0skipti veitir yfirlit yfir alla flutninga sem framkv\u00e6mt er \u00ed rafr\u00e6num vi\u00f0skiptum, sem kynnir gangverki rafr\u00e6nna vi\u00f0skipta og a\u00f0fangake\u00f0ju \u00feeirra. Me\u00f0al efnis sem fjalla\u00f0 er um eru sam\u00fe\u00e6tting fj\u00f6lr\u00e1sa, p\u00f6ntun og afhendingarfl\u00e6\u00f0i og dreifikerfi\u00f0. B\u00f3kin fjallar einnig um \u00f6fuga flutninga \u00e1 eftirmarka\u00f0sv\u00f6rum, uppl\u00fdsingat\u00e6kni og flutningsframmist\u00f6\u00f0uv\u00edsum sem beitt er vi\u00f0 rafr\u00e6n vi\u00f0skipti. Markmi\u00f0i\u00f0 er a\u00f0 veita lesandanum yfirlit yfir flutningsa\u00f0ger\u00f0ir sem nau\u00f0synlegar eru til a\u00f0 n\u00e1 g\u00f3\u00f0um \u00e1rangri \u00feessarar tegundar vi\u00f0skipta.<\/p>","protected":false},"featured_media":93564,"comment_status":"open","ping_status":"closed","template":"","meta":[],"product_cat":[1611,1613,1595],"product_tag":[],"class_list":{"0":"post-93564","1":"product","2":"type-product","3":"status-publish","4":"has-post-thumbnail","6":"product_brand-por-marcos-alberto-de-oliveira-autor-formato-ebook-kindle","7":"product_cat-administracao-negocios-e-economia","8":"product_cat-industrias-e-profissoes","9":"product_cat-livros","11":"first","12":"instock","13":"shipping-taxable","14":"purchasable","15":"product-type-simple"},"aioseo_notices":[],"_links":{"self":[{"href":"https:\/\/www.ecommerceupdate.com.br\/is\/wp-json\/wp\/v2\/product\/93564","targetHints":{"allow":["GET"]}}],"collection":[{"href":"https:\/\/www.ecommerceupdate.com.br\/is\/wp-json\/wp\/v2\/product"}],"about":[{"href":"https:\/\/www.ecommerceupdate.com.br\/is\/wp-json\/wp\/v2\/types\/product"}],"replies":[{"embeddable":true,"href":"https:\/\/www.ecommerceupdate.com.br\/is\/wp-json\/wp\/v2\/comments?post=93564"}],"wp:featuredmedia":[{"embeddable":true,"href":"https:\/\/www.ecommerceupdate.com.br\/is\/wp-json\/wp\/v2\/product\/93564"}],"wp:attachment":[{"href":"https:\/\/www.ecommerceupdate.com.br\/is\/wp-json\/wp\/v2\/media?parent=93564"}],"wp:term":[{"taxonomy":"product_cat","embeddable":true,"href":"https:\/\/www.ecommerceupdate.com.br\/is\/wp-json\/wp\/v2\/product_cat?post=93564"},{"taxonomy":"product_tag","embeddable":true,"href":"https:\/\/www.ecommerceupdate.com.br\/is\/wp-json\/wp\/v2\/product_tag?post=93564"}],"curies":[{"name":"wp","href":"https:\/\/api.w.org\/{rel}","templated":true}]}}