{"id":93579,"date":"2026-03-04T20:39:06","date_gmt":"2026-03-04T23:39:06","guid":{"rendered":"https:\/\/www.ecommerceupdate.com.br\/produto\/marketing-with-ai-for-dummies\/"},"modified":"2026-03-13T15:38:25","modified_gmt":"2026-03-13T18:38:25","slug":"marketing-with-ai-for-dummies","status":"publish","type":"product","link":"https:\/\/www.ecommerceupdate.com.br\/is\/produto\/marketing-with-ai-for-dummies\/","title":{"rendered":"Marka\u00f0ssetning me\u00f0 AI fyrir Dummies"},"content":{"rendered":"<div class=\"woocommerce-product-details\">\n<h3>V\u00f6ruuppl\u00fdsingar<\/h3>\n<ul>\n<li>\u00datgefandi: For Dummies<\/li>\n<li>\u00datg\u00e1fudagur: 1. okt\u00f3ber 2024<\/li>\n<li>\u00datg\u00e1fa: 1a<\/li>\n<li>Tungum\u00e1l: Enska<\/li>\n<li>Fj\u00f6ldi s\u00ed\u00f0na: 400 s\u00ed\u00f0ur<\/li>\n<li>ISBN-10:1394237197<\/li>\n<li>ISBN-13:978-1394237197<\/li>\n<li>Vara \u00feyngd: 716g<\/li>\n<li>St\u00e6r\u00f0: 18,8 x 2,79 x 23,11 cm<\/li>\n<li>S\u00f6luh\u00e6stu s\u00e6ti: Nr 545.832 \u00ed b\u00f3kum (Meet the Top 100 in Books flokki) No 160 in Imported Marketing Research No 366 in Imported Web Marketing<\/li>\n<li>160 \u00cd innfluttum marka\u00f0sranns\u00f3knum<\/li>\n<li>366 \u00cd Innfluttri vefmarka\u00f0ssetningu<\/li>\n<li>Umsagnir vi\u00f0skiptavina: 4.7 4.7 \u00fat af 5 stj\u00f6rnum (21)<\/li>\n<\/ul><\/div>","protected":false},"excerpt":{"rendered":"<p>Vertu \u00e1 undan \u00ed marka\u00f0sleiknum me\u00f0 \u00fev\u00ed a\u00f0 virkja kraft gervigreindarmarka\u00f0ssetningar me\u00f0 AI For Dummies er kynning \u00fe\u00edn \u00e1 byltingunni sem \u00e1 s\u00e9r sta\u00f0 \u00ed marka\u00f0si\u00f0na\u00f0inum, \u00fe\u00f6kk s\u00e9 gervigreindarverkf\u00e6rum sem geta b\u00fai\u00f0 til texta, myndir, hlj\u00f3\u00f0, myndband, vefs\u00ed\u00f0ur og v\u00ed\u00f0ar. \u00deessi b\u00f3k fangar inns\u00fdn lei\u00f0andi stj\u00f3rnenda sem marka\u00f0ssetja Shiv Single um hvernig gervigreind mun breyta marka\u00f0ssetningu, hj\u00e1lpa n\u00fdjum og reyndum marka\u00f0sa\u00f0ilum a\u00f0 takast \u00e1 vi\u00f0 AI marka\u00f0s\u00e1\u00e6tlanir, efni, skapandi t\u00e6kni og \u00e1sakanir og sta\u00f0setningar.<span>K\u00edktu \u00e1 innri virkni AI marka\u00f0st\u00e6kja til a\u00f0 sj\u00e1 hvernig \u00fe\u00fa getur best n\u00fdtt getu \u00feeirra<\/span>K\u00edktu \u00e1 innri virkni AI marka\u00f0st\u00e6kja til a\u00f0 sj\u00e1 hvernig \u00fe\u00fa getur best n\u00fdtt getu \u00feeirra<span>\u00deekkja vi\u00f0skiptavini, b\u00faa til efni, a\u00f0laga \u00fatr\u00e1s og a\u00f0laga upplifun vi\u00f0skiptavina me\u00f0 AI<\/span>\u00deekkja vi\u00f0skiptavini, b\u00faa til efni, a\u00f0laga \u00fatr\u00e1s og a\u00f0laga upplifun vi\u00f0skiptavina me\u00f0 AI<span>\u00cdhuga\u00f0u hvernig h\u00e6gt er a\u00f0 endurheimta li\u00f0i\u00f0 \u00feitt, deild e\u00f0a stofnun til a\u00f0 keyra \u00ed gervigreindarheimi<\/span>\u00cdhuga\u00f0u hvernig h\u00e6gt er a\u00f0 endurheimta li\u00f0i\u00f0 \u00feitt, deild e\u00f0a stofnun til a\u00f0 keyra \u00ed gervigreindarheimi<span>L\u00e6r\u00f0u af ver\u00f0m\u00e6tum d\u00e6mis\u00f6gum sem s\u00fdna hversu st\u00f3r samt\u00f6k nota gervigreind \u00ed herfer\u00f0um s\u00ednum<\/span>L\u00e6r\u00f0u af ver\u00f0m\u00e6tum d\u00e6mis\u00f6gum sem s\u00fdna hversu st\u00f3r samt\u00f6k nota gervigreind \u00ed herfer\u00f0um s\u00ednum<br \/>\u00deessi au\u00f0skiljanlega Dummies handb\u00f3k er fullkomin fyrir marka\u00f0sf\u00f3lk \u00e1 \u00f6llum stigum, sem og \u00fe\u00e1 sem eru a\u00f0eins me\u00f0 marka\u00f0sh\u00fafu af og til. Hver sem faglegur bakgrunnur \u00feinn er, \u00fe\u00e1 mun marka\u00f0ssetning me\u00f0 AI For Dummies nota \u00feig inn \u00ed framt\u00ed\u00f0 marka\u00f0ssetningar.<\/p>","protected":false},"featured_media":93579,"comment_status":"open","ping_status":"closed","template":"","meta":[],"product_cat":[1611,1595,1610],"product_tag":[],"class_list":{"0":"post-93579","1":"product","2":"type-product","3":"status-publish","4":"has-post-thumbnail","6":"product_brand-edicao-ingls-por-shiv-singh-autor","7":"product_cat-administracao-negocios-e-economia","8":"product_cat-livros","9":"product_cat-livros-internacionais","11":"first","12":"instock","13":"shipping-taxable","14":"purchasable","15":"product-type-simple"},"aioseo_notices":[],"_links":{"self":[{"href":"https:\/\/www.ecommerceupdate.com.br\/is\/wp-json\/wp\/v2\/product\/93579","targetHints":{"allow":["GET"]}}],"collection":[{"href":"https:\/\/www.ecommerceupdate.com.br\/is\/wp-json\/wp\/v2\/product"}],"about":[{"href":"https:\/\/www.ecommerceupdate.com.br\/is\/wp-json\/wp\/v2\/types\/product"}],"replies":[{"embeddable":true,"href":"https:\/\/www.ecommerceupdate.com.br\/is\/wp-json\/wp\/v2\/comments?post=93579"}],"wp:featuredmedia":[{"embeddable":true,"href":"https:\/\/www.ecommerceupdate.com.br\/is\/wp-json\/wp\/v2\/product\/93579"}],"wp:attachment":[{"href":"https:\/\/www.ecommerceupdate.com.br\/is\/wp-json\/wp\/v2\/media?parent=93579"}],"wp:term":[{"taxonomy":"product_cat","embeddable":true,"href":"https:\/\/www.ecommerceupdate.com.br\/is\/wp-json\/wp\/v2\/product_cat?post=93579"},{"taxonomy":"product_tag","embeddable":true,"href":"https:\/\/www.ecommerceupdate.com.br\/is\/wp-json\/wp\/v2\/product_tag?post=93579"}],"curies":[{"name":"wp","href":"https:\/\/api.w.org\/{rel}","templated":true}]}}