{"id":93674,"date":"2026-03-05T14:07:10","date_gmt":"2026-03-05T17:07:10","guid":{"rendered":"https:\/\/www.ecommerceupdate.com.br\/produto\/como-vender-no-mercado-livre\/"},"modified":"2026-03-13T15:44:06","modified_gmt":"2026-03-13T18:44:06","slug":"como-vender-no-mercado-livre","status":"publish","type":"product","link":"https:\/\/www.ecommerceupdate.com.br\/is\/produto\/como-vender-no-mercado-livre\/","title":{"rendered":"HVERNIG \u00c1 A\u00d0 SELJA \u00c1 FRJ\u00c1LSUM MARKA\u00d0I?"},"content":{"rendered":"<div class=\"woocommerce-product-details\">\n<h3>V\u00f6ruuppl\u00fdsingar<\/h3>\n<ul>\n<li>ASIN: B0CW1MKNV2<\/li>\n<li>A\u00f0gengi: L\u00e6r\u00f0u meira<\/li>\n<li>\u00datg\u00e1fudagur: 25. apr\u00edl 2024<\/li>\n<li>Tungum\u00e1l: Port\u00fagalska<\/li>\n<li>Skr\u00e1arst\u00e6r\u00f0: 12,8 MB<\/li>\n<li>Skj\u00e1lesari: Samh\u00e6ft<\/li>\n<li>Leturstilling: Virkt<\/li>\n<li>\u00c1bendingar um or\u00f0afor\u00f0a: Ekki virkt<\/li>\n<li>Fj\u00f6ldi s\u00ed\u00f0na: 231 bla\u00f0s\u00ed\u00f0a<\/li>\n<li>Page Flip: Virkt<\/li>\n<li>S\u00f6luh\u00e6stu s\u00e6ti: No 348.564 \u00ed Kindle Store (Meet the Top 100 in Kindle Store flokki) No 343.210 in Kindle eBooks<\/li>\n<li>343,210 Kveikja rafb\u00e6kur<\/li>\n<\/ul><\/div>","protected":false},"excerpt":{"rendered":"<p>A heill ebook me\u00f0 \u00f6llum r\u00e1\u00f0um um hvernig \u00e1 a\u00f0 hefja fyrstu s\u00f6lu \u00fe\u00edna \u00e1 Frj\u00e1ls Marka\u00f0ur, st\u00e6rsta marka\u00f0i \u00ed R\u00f3m\u00f6nsku Amer\u00edku.Our b\u00f3k inniheldur: \u00d3keypis Marka\u00f0ssaga, hugmyndir og vi\u00f0skipta\u00e1\u00e6tlun Free MarketHvernig \u00e1 a\u00f0 hefja s\u00f6lu m\u00edna \u00ed Frj\u00e1ls Marka\u00f0ur Digital MarketHvernig \u00e1 a\u00f0 stj\u00f3rna reikningnum m\u00ednum \u00ed Frj\u00e1ls Marka\u00f0urHvernig \u00e1 a\u00f0 augl\u00fdsa \u00ed Frj\u00e1ls Marka\u00f0ur\u00der\u00f3un or\u00f0spors \u00ed Frj\u00e1ls Marka\u00f0ur Program af the Best Frj\u00e1ls Marka\u00f0ur Salesmen Frj\u00e1ls Marka\u00f0urMeadersCLIPS Platform Frj\u00e1ls Marka\u00f0ur Frj\u00e1ls Marka\u00f0urProgram Frj\u00e1ls Marka\u00f0urProgram Frj\u00e1ls Marka\u00f0urMercant Marka\u00f0irBased Marka\u00f0urMercentMercentinessMercent<\/p>","protected":false},"featured_media":93674,"comment_status":"open","ping_status":"closed","template":"","meta":[],"product_cat":[1608,1607],"product_tag":[],"class_list":{"0":"post-93674","1":"product","2":"type-product","3":"status-publish","4":"has-post-thumbnail","6":"product_brand-por-andr-santos-autor-formato-ebook-kindle","7":"product_cat-ebooks-kindle","8":"product_cat-loja-kindle","10":"first","11":"instock","12":"shipping-taxable","13":"purchasable","14":"product-type-simple"},"aioseo_notices":[],"_links":{"self":[{"href":"https:\/\/www.ecommerceupdate.com.br\/is\/wp-json\/wp\/v2\/product\/93674","targetHints":{"allow":["GET"]}}],"collection":[{"href":"https:\/\/www.ecommerceupdate.com.br\/is\/wp-json\/wp\/v2\/product"}],"about":[{"href":"https:\/\/www.ecommerceupdate.com.br\/is\/wp-json\/wp\/v2\/types\/product"}],"replies":[{"embeddable":true,"href":"https:\/\/www.ecommerceupdate.com.br\/is\/wp-json\/wp\/v2\/comments?post=93674"}],"wp:featuredmedia":[{"embeddable":true,"href":"https:\/\/www.ecommerceupdate.com.br\/is\/wp-json\/wp\/v2\/product\/93674"}],"wp:attachment":[{"href":"https:\/\/www.ecommerceupdate.com.br\/is\/wp-json\/wp\/v2\/media?parent=93674"}],"wp:term":[{"taxonomy":"product_cat","embeddable":true,"href":"https:\/\/www.ecommerceupdate.com.br\/is\/wp-json\/wp\/v2\/product_cat?post=93674"},{"taxonomy":"product_tag","embeddable":true,"href":"https:\/\/www.ecommerceupdate.com.br\/is\/wp-json\/wp\/v2\/product_tag?post=93674"}],"curies":[{"name":"wp","href":"https:\/\/api.w.org\/{rel}","templated":true}]}}