{"id":93856,"date":"2026-03-05T21:55:20","date_gmt":"2026-03-06T00:55:20","guid":{"rendered":"https:\/\/www.ecommerceupdate.com.br\/produto\/varejo-digital-5-0-o-mundo-agora-e-outro\/"},"modified":"2026-03-13T15:46:33","modified_gmt":"2026-03-13T18:46:33","slug":"varejo-digital-5-0-o-mundo-agora-e-outro","status":"publish","type":"product","link":"https:\/\/www.ecommerceupdate.com.br\/is\/produto\/varejo-digital-5-0-o-mundo-agora-e-outro\/","title":{"rendered":"Digital Retail 5.0: heimurinn er n\u00fa \u00f6\u00f0ruv\u00edsi"},"content":{"rendered":"<div class=\"woocommerce-product-details\">\n<h3>V\u00f6ruuppl\u00fdsingar<\/h3>\n<ul>\n<li>\u00datgefandi: InterSaberes<\/li>\n<li>\u00datg\u00e1fudagur: 28. mars 2022<\/li>\n<li>\u00datg\u00e1fa: 1a<\/li>\n<li>Tungum\u00e1l: Port\u00fagalska<\/li>\n<li>Fj\u00f6ldi s\u00ed\u00f0na: 170 s\u00ed\u00f0ur<\/li>\n<li>ISBN-10:6555172487<\/li>\n<li>ISBN-13:978-6555172485<\/li>\n<li>Vara \u00feyngd: 220g<\/li>\n<li>St\u00e6r\u00f0: 14 x 0,9 x 21 cm<\/li>\n<li>S\u00f6luh\u00e6stu s\u00e6ti: Nr 332.489 \u00ed b\u00f3kum (Meet the Top 100 in Books flokki) Nr. 2.973 \u00ed i\u00f0na\u00f0i og starfsgreinum<\/li>\n<li>2.973 \u00ed i\u00f0na\u00f0i og starfsgreinum<\/li>\n<li>Einkunnir vi\u00f0skiptavina: 5.0 5.0 \u00fat af 5 stj\u00f6rnum (2)<\/li>\n<\/ul><\/div>","protected":false},"excerpt":{"rendered":"<p>Stafr\u00e6na sm\u00e1s\u00f6luhlutinn er einn s\u00e1 \u00f6rt vaxandi \u00ed okkar landi og \u00feetta er a\u00f0 miklu leyti vegna \u00feess a\u00f0 h\u00e9r er ekki a\u00f0eins eitt r\u00e1\u00f0andi fyrirt\u00e6ki, heldur m\u00f6rg \u00feeirra, st\u00f3r til l\u00edtill, sem st\u00e6kkar \u00feennan alheim, veitir m\u00f6rg t\u00e6kif\u00e6ri. \u00deegar \u00feessi vinna horfir \u00e1 \u00feessa stund, fjallar \u00feetta verk um sm\u00e1s\u00f6lu 5.0, sem kynnir lesandanum alla \u00fe\u00e1 stafr\u00e6nu umbreytingu sem hefur \u00e1tt s\u00e9r sta\u00f0 \u00ed \u00feessum geira \u00e1 undanf\u00f6rnum \u00e1rum, a\u00f0allega vegna t\u00e6kni\u00fer\u00f3unar og n\u00fdrra vi\u00f0skiptam\u00f3dela. Kanna\u00f0u me\u00f0 okkur \u00feennan n\u00fdja stafr\u00e6na heim, sem endurfinnur sig \u00e1 hverjum degi.<\/p>","protected":false},"featured_media":0,"comment_status":"open","ping_status":"closed","template":"","meta":[],"product_cat":[1611,1613,1595],"product_tag":[],"class_list":{"0":"post-93856","1":"product","2":"type-product","3":"status-publish","5":"product_brand-edicao-portugus-por-elizeu-barroso-alves-autor-shirlei-miranda-de-camargo-autor-vivian-ariane-barausse-de-moura-autor-0-mais","6":"product_cat-administracao-negocios-e-economia","7":"product_cat-industrias-e-profissoes","8":"product_cat-livros","10":"first","11":"instock","12":"sale","13":"shipping-taxable","14":"purchasable","15":"product-type-simple"},"aioseo_notices":[],"_links":{"self":[{"href":"https:\/\/www.ecommerceupdate.com.br\/is\/wp-json\/wp\/v2\/product\/93856","targetHints":{"allow":["GET"]}}],"collection":[{"href":"https:\/\/www.ecommerceupdate.com.br\/is\/wp-json\/wp\/v2\/product"}],"about":[{"href":"https:\/\/www.ecommerceupdate.com.br\/is\/wp-json\/wp\/v2\/types\/product"}],"replies":[{"embeddable":true,"href":"https:\/\/www.ecommerceupdate.com.br\/is\/wp-json\/wp\/v2\/comments?post=93856"}],"wp:attachment":[{"href":"https:\/\/www.ecommerceupdate.com.br\/is\/wp-json\/wp\/v2\/media?parent=93856"}],"wp:term":[{"taxonomy":"product_cat","embeddable":true,"href":"https:\/\/www.ecommerceupdate.com.br\/is\/wp-json\/wp\/v2\/product_cat?post=93856"},{"taxonomy":"product_tag","embeddable":true,"href":"https:\/\/www.ecommerceupdate.com.br\/is\/wp-json\/wp\/v2\/product_tag?post=93856"}],"curies":[{"name":"wp","href":"https:\/\/api.w.org\/{rel}","templated":true}]}}