{"id":93876,"date":"2026-03-06T03:28:33","date_gmt":"2026-03-06T06:28:33","guid":{"rendered":"https:\/\/www.ecommerceupdate.com.br\/produto\/amazon-marketplace-part-1\/"},"modified":"2026-03-13T15:47:50","modified_gmt":"2026-03-13T18:47:50","slug":"amazon-marketplace-part-1","status":"publish","type":"product","link":"https:\/\/www.ecommerceupdate.com.br\/is\/produto\/amazon-marketplace-part-1\/","title":{"rendered":"Amazon marka\u00f0storg hluti 1"},"content":{"rendered":"<div class=\"woocommerce-product-details\">\n<h3>V\u00f6ruuppl\u00fdsingar<\/h3>\n<ul>\n<li>\u00datgefandi: \u00d3h\u00e1\u00f0 birt<\/li>\n<li>\u00datg\u00e1fudagur: 29. jan\u00faar 2018<\/li>\n<li>Tungum\u00e1l: Enska<\/li>\n<li>Fj\u00f6ldi s\u00ed\u00f0na: 58 s\u00ed\u00f0ur<\/li>\n<li>ISBN-10:1977034888<\/li>\n<li>ISBN-13:978-1977034885<\/li>\n<li>Vara \u00feyngd: 141g<\/li>\n<li>St\u00e6r\u00f0: 15.24 x 0.38 x 22.86 cm<\/li>\n<\/ul><\/div>","protected":false},"excerpt":{"rendered":"<p>Amazon, E-verslunarrisinn, er einn af elstu s\u00f6lua\u00f0ilum \u00e1 vefnum og hefur yfir 200 millj\u00f3nir vi\u00f0skiptavina um allan heim. Amazon er \u00f3vi\u00f0jafnanlegur marka\u00f0ur til a\u00f0 selja v\u00f6rur \u00e1 netinu. \u00dea\u00f0 veitir fram\u00farskarandi vettvang til a\u00f0 stunda netvi\u00f0skipti og hefur veitt \u00e1vinning fyrir b\u00e6\u00f0i Amazon marka\u00f0i og seljendur.<\/p>","protected":false},"featured_media":93876,"comment_status":"open","ping_status":"closed","template":"","meta":[],"product_cat":[1653,1595,1610],"product_tag":[],"class_list":{"0":"post-93876","1":"product","2":"type-product","3":"status-publish","4":"has-post-thumbnail","6":"product_brand-edicao-ingls-por-mayur-sharma-autor","7":"product_cat-educacao-referencia-e-didaticos","8":"product_cat-livros","9":"product_cat-livros-internacionais","11":"first","12":"instock","13":"shipping-taxable","14":"purchasable","15":"product-type-simple"},"aioseo_notices":[],"_links":{"self":[{"href":"https:\/\/www.ecommerceupdate.com.br\/is\/wp-json\/wp\/v2\/product\/93876","targetHints":{"allow":["GET"]}}],"collection":[{"href":"https:\/\/www.ecommerceupdate.com.br\/is\/wp-json\/wp\/v2\/product"}],"about":[{"href":"https:\/\/www.ecommerceupdate.com.br\/is\/wp-json\/wp\/v2\/types\/product"}],"replies":[{"embeddable":true,"href":"https:\/\/www.ecommerceupdate.com.br\/is\/wp-json\/wp\/v2\/comments?post=93876"}],"wp:featuredmedia":[{"embeddable":true,"href":"https:\/\/www.ecommerceupdate.com.br\/is\/wp-json\/wp\/v2\/product\/93876"}],"wp:attachment":[{"href":"https:\/\/www.ecommerceupdate.com.br\/is\/wp-json\/wp\/v2\/media?parent=93876"}],"wp:term":[{"taxonomy":"product_cat","embeddable":true,"href":"https:\/\/www.ecommerceupdate.com.br\/is\/wp-json\/wp\/v2\/product_cat?post=93876"},{"taxonomy":"product_tag","embeddable":true,"href":"https:\/\/www.ecommerceupdate.com.br\/is\/wp-json\/wp\/v2\/product_tag?post=93876"}],"curies":[{"name":"wp","href":"https:\/\/api.w.org\/{rel}","templated":true}]}}