{"id":93910,"date":"2026-03-06T07:25:35","date_gmt":"2026-03-06T10:25:35","guid":{"rendered":"https:\/\/www.ecommerceupdate.com.br\/produto\/the-operational-excellence-library-mastering-omnichannel-marketing\/"},"modified":"2026-03-13T15:51:29","modified_gmt":"2026-03-13T18:51:29","slug":"the-operational-excellence-library-mastering-omnichannel-marketing","status":"publish","type":"product","link":"https:\/\/www.ecommerceupdate.com.br\/is\/produto\/the-operational-excellence-library-mastering-omnichannel-marketing\/","title":{"rendered":"The Operational Excellence Library; A\u00f0 n\u00e1 t\u00f6kum \u00e1 marka\u00f0ssetningu umnichannel"},"content":{"rendered":"<div class=\"woocommerce-product-details\">\n<h3>V\u00f6ruuppl\u00fdsingar<\/h3>\n<ul>\n<li>\u00datgefandi: 5STARCooks<\/li>\n<li>\u00datg\u00e1fudagur: 22. okt\u00f3ber 2024<\/li>\n<li>Tungum\u00e1l: Enska<\/li>\n<li>Fj\u00f6ldi s\u00ed\u00f0na: 404 s\u00ed\u00f0ur<\/li>\n<li>ISBN-10:1038874459<\/li>\n<li>ISBN-13:978-1038874450<\/li>\n<li>Vara \u00feyngd: 680g<\/li>\n<li>St\u00e6r\u00f0: 15.24 x 2.31 x 22.86 cm<\/li>\n<\/ul><\/div>","protected":false},"excerpt":{"rendered":"<p>Unlock the Secrets to Seamless Customer Experiences with the Ultimate Guide to Mastering Omnichannel Marketing!Are you tired of disjointed marketing efforts that fail to deliver results? Do you struggle to provide a cohesive customer experience across multiple channels? Look no further! This comprehensive book in the Operational Excellence Library provides the answers you need to succeed in the complex world of Omnichannel Marketing.  Inside, you&#8217;ll discover:- The most important questions to ask about Omnichannel Marketing, with detailed solutions and expert insights to inform your strategy- Case studies with practical examples, highlighting successes and failures to help you avoid common pitfalls- Actionable steps and unique perspectives, drawn from personal experiences and industry expertise- Detailed workflows, complete with timelines and assigned responsibilities, to help you implement solutions with ease- An accompanying self-assessment digital downloadable tool, allowing you to evaluate your organization&#8217;s maturity and identify key areas for improvementWith this book, you&#8217;ll learn how to:- Develop a cohesive Omnichannel Marketing strategy that drives customer engagement and conversion- Integrate multiple channels, including social media, email, and physical touchpoints, to create a seamless customer experience- Leverage data and analytics to optimize your marketing efforts and improve ROI- Foster collaboration and alignment across departments, ensuring a unified brand voice and vision- Stay ahead of the competition with the latest trends, technologies, and best practices in Omnichannel MarketingWhether you&#8217;re a seasoned marketer or just starting out, this book provides the knowledge, tools, and inspiration you need to master Omnichannel Marketing and achieve operational excellence. Don&#8217;t miss out on this opportunity to transform your marketing efforts and deliver exceptional customer experiences. Buy your copy today and start achieving remarkable results!<\/p>","protected":false},"featured_media":0,"comment_status":"open","ping_status":"closed","template":"","meta":[],"product_cat":[1611,1595,1610],"product_tag":[],"class_list":{"0":"post-93910","1":"product","2":"type-product","3":"status-publish","5":"product_brand-edicao-ingls-por-gerardus-blokdyk-the-art-of-service-autor","6":"product_cat-administracao-negocios-e-economia","7":"product_cat-livros","8":"product_cat-livros-internacionais","10":"first","11":"instock","12":"shipping-taxable","13":"purchasable","14":"product-type-simple"},"aioseo_notices":[],"_links":{"self":[{"href":"https:\/\/www.ecommerceupdate.com.br\/is\/wp-json\/wp\/v2\/product\/93910","targetHints":{"allow":["GET"]}}],"collection":[{"href":"https:\/\/www.ecommerceupdate.com.br\/is\/wp-json\/wp\/v2\/product"}],"about":[{"href":"https:\/\/www.ecommerceupdate.com.br\/is\/wp-json\/wp\/v2\/types\/product"}],"replies":[{"embeddable":true,"href":"https:\/\/www.ecommerceupdate.com.br\/is\/wp-json\/wp\/v2\/comments?post=93910"}],"wp:attachment":[{"href":"https:\/\/www.ecommerceupdate.com.br\/is\/wp-json\/wp\/v2\/media?parent=93910"}],"wp:term":[{"taxonomy":"product_cat","embeddable":true,"href":"https:\/\/www.ecommerceupdate.com.br\/is\/wp-json\/wp\/v2\/product_cat?post=93910"},{"taxonomy":"product_tag","embeddable":true,"href":"https:\/\/www.ecommerceupdate.com.br\/is\/wp-json\/wp\/v2\/product_tag?post=93910"}],"curies":[{"name":"wp","href":"https:\/\/api.w.org\/{rel}","templated":true}]}}