{"id":94354,"date":"2026-03-12T13:40:08","date_gmt":"2026-03-12T16:40:08","guid":{"rendered":"https:\/\/www.ecommerceupdate.com.br\/produto\/e-commerce-conceitos-implementacao-e-gestao\/"},"modified":"2026-05-13T10:59:48","modified_gmt":"2026-05-13T13:59:48","slug":"e-commerce-conceitos-implementacao-e-gestao","status":"publish","type":"product","link":"https:\/\/www.ecommerceupdate.com.br\/is\/produto\/e-commerce-conceitos-implementacao-e-gestao\/","title":{"rendered":"Rafr\u00e6n vi\u00f0skipti: hugt\u00f6k, framkv\u00e6md og stj\u00f3rnun"},"content":{"rendered":"<div class=\"woocommerce-product-details\">\n<h3>V\u00f6ruuppl\u00fdsingar<\/h3>\n<ul>\n<li>\u00datgefandi: InterSaberes<\/li>\n<li>\u00datg\u00e1fudagur 1. \u00e1g\u00fast 2016<\/li>\n<li>\u00datg\u00e1fa: 1a<\/li>\n<li>Tungum\u00e1l: Port\u00fagalska<\/li>\n<li>Fj\u00f6ldi s\u00ed\u00f0na: 310 s\u00ed\u00f0ur<\/li>\n<li>ISBN-10:8559722084<\/li>\n<li>ISBN-13:978-8559722086<\/li>\n<li>Vara \u00feyngd: 350g<\/li>\n<li>Lestraraldur: 12 \u00e1ra og eldri<\/li>\n<li>St\u00e6r\u00f0: 20,8 x 14,2 x 1,6 cm<\/li>\n<li>S\u00f6luh\u00e6stu s\u00e6ti: Nr 157.849 \u00ed b\u00f3kum (Meet the Top 100 in Books flokki) Nr. 3.428 \u00ed stj\u00f3rnun og forystu<\/li>\n<li>3.428 \u00ed stj\u00f3rnun og forystu<\/li>\n<li>Umsagnir vi\u00f0skiptavina: 4.7 4.7 \u00fat af 5 stj\u00f6rnum (34)<\/li>\n<\/ul><\/div>","protected":false},"excerpt":{"rendered":"<p>St\u00e6kka \u00e1rangur af online fyrirt\u00e6ki \u00feitt me\u00f0 \u00fev\u00ed a\u00f0 n\u00e1 g\u00f3\u00f0um t\u00f6kum \u00e1 e-verslun hugt\u00f6k, framkv\u00e6md og stj\u00f3rnun me\u00f0 \u00e1herslu \u00e1 hagn\u00fdtar og m\u00e6lanlegar ni\u00f0urst\u00f6\u00f0ur. \u00deessi \u00fatg\u00e1fa \u00e1 port\u00fag\u00f6lsku, skrifu\u00f0 af Nara Stefano og Izabel Cristina Zattar, kynnir n\u00e1kv\u00e6mar a\u00f0fer\u00f0ir, m\u00e6likvar\u00f0a og a\u00f0ger\u00f0ir til a\u00f0 auka vi\u00f0skipti og skilvirkni, me\u00f0 ver\u00f0 \u00e1 R$ 111.73.<\/p>","protected":false},"featured_media":94354,"comment_status":"open","ping_status":"closed","template":"","meta":[],"product_cat":[1611,1621,1595],"product_tag":[2512,2511,2510],"class_list":{"0":"post-94354","1":"product","2":"type-product","3":"status-publish","4":"has-post-thumbnail","5":"product_brand-edicao-portugus-por-nara-stefano-autor-izabel-cristina-zattar-autor","6":"product_cat-administracao-negocios-e-economia","7":"product_cat-gestao-e-lideranca","8":"product_cat-livros","9":"product_tag-gestao-de-lojas-virtuais-para-negocios","10":"product_tag-implementacao-pratica-de-loja-online","11":"product_tag-livro-de-e-commerce-conceitos-e-gestao","13":"first","14":"instock","15":"sale","16":"shipping-taxable","17":"purchasable","18":"product-type-simple"},"aioseo_notices":[],"_links":{"self":[{"href":"https:\/\/www.ecommerceupdate.com.br\/is\/wp-json\/wp\/v2\/product\/94354","targetHints":{"allow":["GET"]}}],"collection":[{"href":"https:\/\/www.ecommerceupdate.com.br\/is\/wp-json\/wp\/v2\/product"}],"about":[{"href":"https:\/\/www.ecommerceupdate.com.br\/is\/wp-json\/wp\/v2\/types\/product"}],"replies":[{"embeddable":true,"href":"https:\/\/www.ecommerceupdate.com.br\/is\/wp-json\/wp\/v2\/comments?post=94354"}],"wp:featuredmedia":[{"embeddable":true,"href":"https:\/\/www.ecommerceupdate.com.br\/is\/wp-json\/wp\/v2\/product\/94354"}],"wp:attachment":[{"href":"https:\/\/www.ecommerceupdate.com.br\/is\/wp-json\/wp\/v2\/media?parent=94354"}],"wp:term":[{"taxonomy":"product_cat","embeddable":true,"href":"https:\/\/www.ecommerceupdate.com.br\/is\/wp-json\/wp\/v2\/product_cat?post=94354"},{"taxonomy":"product_tag","embeddable":true,"href":"https:\/\/www.ecommerceupdate.com.br\/is\/wp-json\/wp\/v2\/product_tag?post=94354"}],"curies":[{"name":"wp","href":"https:\/\/api.w.org\/{rel}","templated":true}]}}