{"id":94357,"date":"2026-03-12T13:40:51","date_gmt":"2026-03-12T16:40:51","guid":{"rendered":"https:\/\/www.ecommerceupdate.com.br\/produto\/e-commerce-uma-via-de-mao-dupla\/"},"modified":"2026-03-13T15:57:33","modified_gmt":"2026-03-13T18:57:33","slug":"e-commerce-uma-via-de-mao-dupla","status":"publish","type":"product","link":"https:\/\/www.ecommerceupdate.com.br\/is\/produto\/e-commerce-uma-via-de-mao-dupla\/","title":{"rendered":"Rafr\u00e6n vi\u00f0skipti: tv\u00edhli\u00f0a gata."},"content":{"rendered":"<div class=\"woocommerce-product-details\"><\/div>","protected":false},"excerpt":{"rendered":"<p>Me\u00f0 margra \u00e1ra reynslu \u00e1 \u00fdmsum svi\u00f0um rafr\u00e6nna vi\u00f0skipta hafa fj\u00f3rir s\u00e9rfr\u00e6\u00f0ingar fr\u00e1 mismunandi svi\u00f0um komi\u00f0 saman til a\u00f0 skr\u00e1 \u00feekkingu s\u00edna og reynslu \u00ed a\u00f0 vinna me\u00f0 s\u00f6lu \u00e1 netinu. \u00deessi vinna f\u00e6rir 360. atbur\u00f0ar\u00e1s um hva\u00f0 \u00fearf til a\u00f0 stj\u00f3rna mismunandi teymum og a\u00f0fer\u00f0um rafr\u00e6nna vi\u00f0skipta, \u00ed gegnum efni eins og vi\u00f0skiptaskipulag, stafr\u00e6na marka\u00f0ssetningu, skrifr\u00e6\u00f0i, flutninga, s\u00f6luvettvang, grei\u00f0slukerfi, me\u00f0al annarra. \u00dea\u00f0 er lei\u00f0arv\u00edsir fr\u00e1 A til \u00d6 sem hj\u00e1lpar fagf\u00f3lki sem er a\u00f0 hefja rafr\u00e6n vi\u00f0skipti s\u00edn, e\u00f0a sem eru \u00ed forystu eins, anna\u00f0 hvort \u00ed almennri stj\u00f3rnun verslunarinnar e\u00f0a \u00e1kve\u00f0ins li\u00f0s.<\/p>","protected":false},"featured_media":94357,"comment_status":"open","ping_status":"closed","template":"","meta":[],"product_cat":[1611,1621,1595],"product_tag":[],"class_list":{"0":"post-94357","1":"product","2":"type-product","3":"status-publish","4":"has-post-thumbnail","6":"product_brand-por-denis-andrade-e-gabriela-schilling-edmilson-maleski-jessica-fragoso-autor-viseu-editor","7":"product_cat-administracao-negocios-e-economia","8":"product_cat-gestao-e-lideranca","9":"product_cat-livros","11":"first","12":"instock","13":"shipping-taxable","14":"purchasable","15":"product-type-simple"},"aioseo_notices":[],"_links":{"self":[{"href":"https:\/\/www.ecommerceupdate.com.br\/is\/wp-json\/wp\/v2\/product\/94357","targetHints":{"allow":["GET"]}}],"collection":[{"href":"https:\/\/www.ecommerceupdate.com.br\/is\/wp-json\/wp\/v2\/product"}],"about":[{"href":"https:\/\/www.ecommerceupdate.com.br\/is\/wp-json\/wp\/v2\/types\/product"}],"replies":[{"embeddable":true,"href":"https:\/\/www.ecommerceupdate.com.br\/is\/wp-json\/wp\/v2\/comments?post=94357"}],"wp:featuredmedia":[{"embeddable":true,"href":"https:\/\/www.ecommerceupdate.com.br\/is\/wp-json\/wp\/v2\/product\/94357"}],"wp:attachment":[{"href":"https:\/\/www.ecommerceupdate.com.br\/is\/wp-json\/wp\/v2\/media?parent=94357"}],"wp:term":[{"taxonomy":"product_cat","embeddable":true,"href":"https:\/\/www.ecommerceupdate.com.br\/is\/wp-json\/wp\/v2\/product_cat?post=94357"},{"taxonomy":"product_tag","embeddable":true,"href":"https:\/\/www.ecommerceupdate.com.br\/is\/wp-json\/wp\/v2\/product_tag?post=94357"}],"curies":[{"name":"wp","href":"https:\/\/api.w.org\/{rel}","templated":true}]}}