{"id":94359,"date":"2026-03-12T13:41:33","date_gmt":"2026-03-12T16:41:33","guid":{"rendered":"https:\/\/www.ecommerceupdate.com.br\/produto\/gestao-e-operacao-de-e-commerce-da-estrategia-a-pratica\/"},"modified":"2026-03-13T15:57:38","modified_gmt":"2026-03-13T18:57:38","slug":"gestao-e-operacao-de-e-commerce-da-estrategia-a-pratica","status":"publish","type":"product","link":"https:\/\/www.ecommerceupdate.com.br\/is\/produto\/gestao-e-operacao-de-e-commerce-da-estrategia-a-pratica\/","title":{"rendered":"Rafr\u00e6n vi\u00f0skiptastj\u00f3rnun og rekstur - Fr\u00e1 stefnu til framkv\u00e6mda"},"content":{"rendered":"<div class=\"woocommerce-product-details\">\n<h3>V\u00f6ruuppl\u00fdsingar<\/h3>\n<ul>\n<li>ASIN: B0F48PH9VJ<\/li>\n<li>A\u00f0gengi: L\u00e6r\u00f0u meira<\/li>\n<li>\u00datg\u00e1fudagur: 9. apr\u00edl 2025<\/li>\n<li>Tungum\u00e1l: Port\u00fagalska<\/li>\n<li>Skr\u00e1arst\u00e6r\u00f0: 176 KB<\/li>\n<li>Skj\u00e1lesari: Samh\u00e6ft<\/li>\n<li>Leturstilling: Virkt<\/li>\n<li>\u00c1bendingar um or\u00f0afor\u00f0a: Ekki virkt<\/li>\n<li>Fj\u00f6ldi s\u00ed\u00f0na: 127 s\u00ed\u00f0ur<\/li>\n<li>Page Flip: Virkt<\/li>\n<li>Lestur aldur: 15 18 \u00e1ra<\/li>\n<li>S\u00f6luh\u00e6stu s\u00e6ti: No 77.693 \u00ed Kindle Store (Meet the Top 100 in Kindle Store flokki) No 912 in Computing, internet and digital media No 2.702 in Business and Economics<\/li>\n<li>912 \u00cd t\u00f6lvum\u00e1lum, internetinu og stafr\u00e6num mi\u00f0lum<\/li>\n<li>2.702 \u00ed vi\u00f0skipta- og hagfr\u00e6\u00f0i<\/li>\n<li>Einkunnir vi\u00f0skiptavina: 5.0 5.0 \u00fat af 5 stj\u00f6rnum (2)<\/li>\n<\/ul><\/div>","protected":false},"excerpt":{"rendered":"<p>Rafr\u00e6n vi\u00f0skiptastj\u00f3rnun og rekstur - Fr\u00e1 stefnu til framkv\u00e6mda<\/p>\n<p>Sn\u00fa\u00f0u \u00feekkingu \u00feinni \u00ed alv\u00f6ru ni\u00f0urst\u00f6\u00f0ur \u00ed stafr\u00e6na heiminum!\u00deessi b\u00f3k er heill og kennslufr\u00e6\u00f0ileg lei\u00f0arv\u00edsir fyrir \u00fe\u00e1 sem vilja n\u00e1 t\u00f6kum \u00e1 stj\u00f3rnun, rekstri og a\u00f0fer\u00f0um n\u00fat\u00edma og skilvirka e-verslun.Skrifa\u00f0 \u00e1 hagn\u00fdtan og a\u00f0gengilegan h\u00e1tt, Stj\u00f3rnun og rekstur E-verslun (From Strategy to Practice sameinar faglega reynslu, fr\u00e6\u00f0ilegar undirst\u00f6\u00f0ur og alv\u00f6ru forrit fyrir \u00fe\u00e1 sem vilja starfa e\u00f0a \u00feegar starfa \u00e1 stafr\u00e6num marka\u00f0i.Ef \u00fe\u00fa ert frumkv\u00f6\u00f0ull, stj\u00f3rnandi, nemandi e\u00f0a fagma\u00f0ur \u00ed marka\u00f0ssetningu, flutningum e\u00f0a stj\u00f3rnun, h\u00e9r finnur \u00fe\u00fa \u00f3missandi efni fyrir fer\u00f0 \u00fe\u00edna \u00ed rafr\u00e6num vi\u00f0skiptum.<\/p>\n<p>\u00dea\u00f0 sem \u00fe\u00fa munt l\u00e6ra \u00ed \u00feessari b\u00f3k:\u2714 E-verslun Stj\u00f3rnun 7 Hvernig \u00e1 a\u00f0 skipuleggja, skipuleggja og stj\u00f3rna online fyrirt\u00e6ki.\u2714 Digital Marketing og Sales 1 Hagn\u00fdtar a\u00f0fer\u00f0ir til a\u00f0 la\u00f0a a\u00f0, umbreyta og halda vi\u00f0skiptavinum.\u2714 Logistics og Customer Service \u2714 G\u00f3\u00f0ar starfsvenjur og lausnir til a\u00f0 skila gildi og j\u00e1kv\u00e6\u00f0ri reynslu.\u2714 Fj\u00e1rhags- og rekstrarstj\u00f3rnun \u2714 Control, greining og stefnum\u00f3tandi \u00e1kvar\u00f0anat\u00f6ku.\u2714 Upplifun vi\u00f0skiptavina \u2714 Hvernig \u00e1 a\u00f0 gle\u00f0ja og skapa varanleg tengsl \u00ed stafr\u00e6nu umhverfi.\u2714 Hagn\u00fdt m\u00e1l, sk\u00fdringarrammar og graf\u00edk \u2714 Sj\u00f3nr\u00e6nt og beint efni til a\u00f0 au\u00f0velda n\u00e1m.<\/p>\n<p>Fyrir hverja er \u00feessi b\u00f3k?<\/p>\n<p><span>Frumkv\u00f6\u00f0lar sem vilja b\u00faa til e\u00f0a fagmennta rafr\u00e6n vi\u00f0skipti s\u00edn.<\/span><\/p>\n<p>Frumkv\u00f6\u00f0lar sem vilja b\u00faa til e\u00f0a fagmennta rafr\u00e6n vi\u00f0skipti s\u00edn.<\/p>\n<p><span>Nemendur \u00ed stj\u00f3rns\u00fdslu, marka\u00f0sfr\u00e6\u00f0i, flutningum og vi\u00f0skiptastj\u00f3rnun.<\/span><\/p>\n<p>Nemendur \u00ed stj\u00f3rns\u00fdslu, marka\u00f0sfr\u00e6\u00f0i, flutningum og vi\u00f0skiptastj\u00f3rnun.<\/p>\n<p><span>S\u00e9rfr\u00e6\u00f0ingar \u00e1 stafr\u00e6num marka\u00f0i sem leita hagn\u00fdtar og fr\u00e6\u00f0ilegar uppf\u00e6rslur.<\/span><\/p>\n<p>S\u00e9rfr\u00e6\u00f0ingar \u00e1 stafr\u00e6num marka\u00f0i sem leita hagn\u00fdtar og fr\u00e6\u00f0ilegar uppf\u00e6rslur.<\/p>\n<p><span>F\u00f3lk sem vill hefja netfyrirt\u00e6ki \u00e1 \u00f6ruggan h\u00e1tt og skipuleggja.<\/p>\n<p><\/span><span class=\"a-text-bold\">Af hverju a\u00f0 lesa \u00feessa b\u00f3k?<\/span><\/p>\n<p><span>Rafr\u00e6n vi\u00f0skipti eru einn af \u00f6rt vaxandi atvinnugreinum \u00ed Brasil\u00edu og \u00ed heiminum. Hins vegar mistakast m\u00f6rg fyrirt\u00e6ki vegna skorts \u00e1 stj\u00f3rnun, skipulagningu og skilvirkum rekstri.<\/span><\/p>\n<p><span>\u00deessi b\u00f3k er skrifu\u00f0 til a\u00f0 fylla \u00feetta skar\u00f0 og veita fullkomi\u00f0, uppf\u00e6rt, \u00e6fingami\u00f0a\u00f0 efni.<\/span><\/p>\n<p><span>L\u00e6r\u00f0u af \u00feeim sem lifa stafr\u00e6nu \u00ed reynd. Gerast rafr\u00e6n vi\u00f0skiptastj\u00f3ri tilb\u00fainn fyrir \u00e1skoranir og t\u00e6kif\u00e6ri n\u00fdja hagkerfisins.<\/span><\/p>\n<p>F\u00f3lk sem vill hefja netfyrirt\u00e6ki \u00e1 \u00f6ruggan h\u00e1tt og skipuleggja.<\/p>\n<p>Af hverju a\u00f0 lesa \u00feessa b\u00f3k?E-verslun er einn af \u00f6rt vaxandi atvinnugreinum \u00ed Brasil\u00edu og \u00ed heiminum.Hins vegar, m\u00f6rg fyrirt\u00e6ki mistakast vegna skorts \u00e1 stj\u00f3rnun, \u00e1\u00e6tlanager\u00f0 og skilvirkan rekstur.\u00deessi b\u00f3k var skrifu\u00f0 til a\u00f0 fylla \u00feetta skar\u00f0 og veita heill efni, uppf\u00e6r\u00f0 og bygg\u00f0 \u00e1 marka\u00f0sa\u00f0fer\u00f0um.L\u00e6r\u00f0u me\u00f0 \u00feeim sem lifa stafr\u00e6nu \u00ed reynd. Veri\u00f0 rafr\u00e6n vi\u00f0skiptastj\u00f3ri tilb\u00fainn fyrir \u00e1skoranir og t\u00e6kif\u00e6ri n\u00fdja hagkerfisins.<\/p>","protected":false},"featured_media":0,"comment_status":"open","ping_status":"closed","template":"","meta":{"_aipt_faq_data":""},"product_cat":[1611,1608,1607],"product_tag":[],"class_list":{"0":"post-94359","1":"product","2":"type-product","3":"status-publish","5":"product_brand-por-vincius-germano-autor-formato-ebook-kindle","6":"product_cat-administracao-negocios-e-economia","7":"product_cat-ebooks-kindle","8":"product_cat-loja-kindle","10":"first","11":"instock","12":"shipping-taxable","13":"purchasable","14":"product-type-simple"},"aioseo_notices":[],"_links":{"self":[{"href":"https:\/\/www.ecommerceupdate.com.br\/is\/wp-json\/wp\/v2\/product\/94359","targetHints":{"allow":["GET"]}}],"collection":[{"href":"https:\/\/www.ecommerceupdate.com.br\/is\/wp-json\/wp\/v2\/product"}],"about":[{"href":"https:\/\/www.ecommerceupdate.com.br\/is\/wp-json\/wp\/v2\/types\/product"}],"replies":[{"embeddable":true,"href":"https:\/\/www.ecommerceupdate.com.br\/is\/wp-json\/wp\/v2\/comments?post=94359"}],"wp:attachment":[{"href":"https:\/\/www.ecommerceupdate.com.br\/is\/wp-json\/wp\/v2\/media?parent=94359"}],"wp:term":[{"taxonomy":"product_cat","embeddable":true,"href":"https:\/\/www.ecommerceupdate.com.br\/is\/wp-json\/wp\/v2\/product_cat?post=94359"},{"taxonomy":"product_tag","embeddable":true,"href":"https:\/\/www.ecommerceupdate.com.br\/is\/wp-json\/wp\/v2\/product_tag?post=94359"}],"curies":[{"name":"wp","href":"https:\/\/api.w.org\/{rel}","templated":true}]}}