{"id":94360,"date":"2026-03-12T13:41:40","date_gmt":"2026-03-12T16:41:40","guid":{"rendered":"https:\/\/www.ecommerceupdate.com.br\/produto\/manual-de-logistica-da-nacional-a-internacional-um-guia-completo-e-definitivo-sobre-logistica\/"},"modified":"2026-05-13T11:01:33","modified_gmt":"2026-05-13T14:01:33","slug":"manual-de-logistica-da-nacional-a-internacional-um-guia-completo-e-definitivo-sobre-logistica","status":"publish","type":"product","link":"https:\/\/www.ecommerceupdate.com.br\/is\/produto\/manual-de-logistica-da-nacional-a-internacional-um-guia-completo-e-definitivo-sobre-logistica\/","title":{"rendered":"Flutningahandb\u00f3k fr\u00e1 innlendum til al\u00fej\u00f3\u00f0legra: Heill og endanleg lei\u00f0arv\u00edsir um flutninga"},"content":{"rendered":"<div class=\"woocommerce-product-details\">\n<h3>V\u00f6ruuppl\u00fdsingar<\/h3>\n<ul>\n<li>ASIN: B086TX4VTW<\/li>\n<li>A\u00f0gengi: L\u00e6r\u00f0u meira<\/li>\n<li>\u00datg\u00e1fudagur: 5. apr\u00edl 2020<\/li>\n<li>\u00datg\u00e1fa: 1a<\/li>\n<li>Tungum\u00e1l: Port\u00fagalska<\/li>\n<li>Skr\u00e1arst\u00e6r\u00f0: 10.5 MB<\/li>\n<li>Skj\u00e1lesari: Samh\u00e6ft<\/li>\n<li>Leturstilling: Virkt<\/li>\n<li>\u00c1bendingar um or\u00f0afor\u00f0a: Ekki virkt<\/li>\n<li>Fj\u00f6ldi s\u00ed\u00f0na: 135 s\u00ed\u00f0ur<\/li>\n<li>Page Flip: Virkt<\/li>\n<li>S\u00f6luh\u00e6stu s\u00e6ti: No 88.669 in Kindle Store (Meet the Top 100 in Kindle Store flokki) No 52 in Shopping &amp; Commerce No 3.081 in Business &amp; Economics<\/li>\n<li>52 \u00cd Verslun og verslun<\/li>\n<li>3.081 \u00ed vi\u00f0skipta- og hagfr\u00e6\u00f0i<\/li>\n<li>Umsagnir vi\u00f0skiptavina: 4.5 4.5 \u00fat af 5 stj\u00f6rnum (6)<\/li>\n<\/ul><\/div>","protected":false},"excerpt":{"rendered":"<p>N\u00fdttu skilvirkni a\u00f0fangake\u00f0junnar me\u00f0 \u00fev\u00ed a\u00f0 n\u00e1 t\u00f6kum \u00e1 innlendum til al\u00fej\u00f3\u00f0legum flutningastarfsemi me\u00f0 \u00feessari fullkomnu og endanlegu handb\u00f3k. Skrifa\u00f0 af h\u00f6fundunum Caio Roberto de Souza Filho og Jair Ruinho Goncalves Junior og f\u00e1anlegt \u00e1 Kindle rafb\u00f3kaformi, b\u00f3kin b\u00fd\u00f0ur upp \u00e1 hagn\u00fdtar a\u00f0fer\u00f0ir, framkv\u00e6mdarl\u00edk\u00f6n og d\u00e6mis\u00f6gur til a\u00f0 s\u00e6kja um strax, a\u00f0eins fyrir R$ 24.90.<\/p>","protected":false},"featured_media":94360,"comment_status":"open","ping_status":"closed","template":"","meta":[],"product_cat":[1611,1595,1697],"product_tag":[2499,2500,2501],"class_list":{"0":"post-94360","1":"product","2":"type-product","3":"status-publish","4":"has-post-thumbnail","5":"product_brand-por-caio-roberto-de-souza-filho-autor-jair-ruinho-goncalves-junior-autor-formato-ebook-kindle","6":"product_cat-administracao-negocios-e-economia","7":"product_cat-livros","8":"product_cat-livros-de-referencia","9":"product_tag-guia-completo-de-logistica-kindle","10":"product_tag-logistica-internacional-para-empresas-kindle","11":"product_tag-manual-de-logistica-cadeia-de-suprimentos-kindle","13":"first","14":"instock","15":"shipping-taxable","16":"purchasable","17":"product-type-simple"},"aioseo_notices":[],"_links":{"self":[{"href":"https:\/\/www.ecommerceupdate.com.br\/is\/wp-json\/wp\/v2\/product\/94360","targetHints":{"allow":["GET"]}}],"collection":[{"href":"https:\/\/www.ecommerceupdate.com.br\/is\/wp-json\/wp\/v2\/product"}],"about":[{"href":"https:\/\/www.ecommerceupdate.com.br\/is\/wp-json\/wp\/v2\/types\/product"}],"replies":[{"embeddable":true,"href":"https:\/\/www.ecommerceupdate.com.br\/is\/wp-json\/wp\/v2\/comments?post=94360"}],"wp:featuredmedia":[{"embeddable":true,"href":"https:\/\/www.ecommerceupdate.com.br\/is\/wp-json\/wp\/v2\/product\/94360"}],"wp:attachment":[{"href":"https:\/\/www.ecommerceupdate.com.br\/is\/wp-json\/wp\/v2\/media?parent=94360"}],"wp:term":[{"taxonomy":"product_cat","embeddable":true,"href":"https:\/\/www.ecommerceupdate.com.br\/is\/wp-json\/wp\/v2\/product_cat?post=94360"},{"taxonomy":"product_tag","embeddable":true,"href":"https:\/\/www.ecommerceupdate.com.br\/is\/wp-json\/wp\/v2\/product_tag?post=94360"}],"curies":[{"name":"wp","href":"https:\/\/api.w.org\/{rel}","templated":true}]}}