{"id":94504,"date":"2026-03-15T14:20:58","date_gmt":"2026-03-15T17:20:58","guid":{"rendered":"https:\/\/www.ecommerceupdate.com.br\/produto\/crie-seu-e-commerce-sua-loja-virtual-um-canal-de-vendas-poderoso-on-line-e-aberto-24h\/"},"modified":"2026-03-15T14:21:00","modified_gmt":"2026-03-15T17:21:00","slug":"crie-seu-e-commerce-sua-loja-virtual-um-canal-de-vendas-poderoso-on-line-e-aberto-24h","status":"publish","type":"product","link":"https:\/\/www.ecommerceupdate.com.br\/is\/produto\/crie-seu-e-commerce-sua-loja-virtual-um-canal-de-vendas-poderoso-on-line-e-aberto-24h\/","title":{"rendered":"B\u00fa\u00f0u til E-Commerce \u00fe\u00edna, Online Store: \u00d6flug, \u00e1 netinu og opna 24h s\u00f6lu r\u00e1s"},"content":{"rendered":"<div class=\"woocommerce-product-details\"><\/div>","protected":false},"excerpt":{"rendered":"<p>T\u00c6KNI TIL A\u00d0 B\u00daA TIL E\u00d0A FAGLEGA FYRIRT\u00c6KI \u00deITT \u00cd ON-LINES LEI\u00d0 OG \u00fe\u00fa ert n\u00fa \u00feegar me\u00f0 l\u00edkamlega vi\u00f0skipti, ver\u00f0ur \u00fe\u00fa a\u00f0 vera me\u00f0 fyrirt\u00e6ki \u00feitt \u00e1 netinu l\u00edka.<br \/>Netverslunin \u00fe\u00edn getur b\u00e6tt vi\u00f0 innheimtu \u00fe\u00edna e\u00f0a helstu fyrirt\u00e6ki \u00feitt.<br \/>Me\u00f0 \u00fev\u00ed a\u00f0 lesa \u00feessa rafb\u00f3k f\u00e6r\u00f0u spurningum \u00fe\u00ednum svara\u00f0 og skipuleggja hugmynd \u00fe\u00edna um \u00f6ll efni sem allir frumkv\u00f6\u00f0lar \u00e1 netinu \u00feurfa a\u00f0 vita til a\u00f0 hafa nor\u00f0ur og \u00e1kve\u00f0a hva\u00f0 \u00e1 a\u00f0 gera og hvernig \u00e1 a\u00f0 gera \u00fea\u00f0.<\/p>","protected":false},"featured_media":94504,"comment_status":"open","ping_status":"closed","template":"","meta":[],"product_cat":[1611,1613,1595],"product_tag":[],"class_list":{"0":"post-94504","1":"product","2":"type-product","3":"status-publish","4":"has-post-thumbnail","6":"product_brand-por-srgio-ladeia-autor-formato-ebook-kindle","7":"product_cat-administracao-negocios-e-economia","8":"product_cat-industrias-e-profissoes","9":"product_cat-livros","11":"first","12":"instock","13":"shipping-taxable","14":"purchasable","15":"product-type-simple"},"aioseo_notices":[],"_links":{"self":[{"href":"https:\/\/www.ecommerceupdate.com.br\/is\/wp-json\/wp\/v2\/product\/94504","targetHints":{"allow":["GET"]}}],"collection":[{"href":"https:\/\/www.ecommerceupdate.com.br\/is\/wp-json\/wp\/v2\/product"}],"about":[{"href":"https:\/\/www.ecommerceupdate.com.br\/is\/wp-json\/wp\/v2\/types\/product"}],"replies":[{"embeddable":true,"href":"https:\/\/www.ecommerceupdate.com.br\/is\/wp-json\/wp\/v2\/comments?post=94504"}],"wp:featuredmedia":[{"embeddable":true,"href":"https:\/\/www.ecommerceupdate.com.br\/is\/wp-json\/wp\/v2\/product\/94504"}],"wp:attachment":[{"href":"https:\/\/www.ecommerceupdate.com.br\/is\/wp-json\/wp\/v2\/media?parent=94504"}],"wp:term":[{"taxonomy":"product_cat","embeddable":true,"href":"https:\/\/www.ecommerceupdate.com.br\/is\/wp-json\/wp\/v2\/product_cat?post=94504"},{"taxonomy":"product_tag","embeddable":true,"href":"https:\/\/www.ecommerceupdate.com.br\/is\/wp-json\/wp\/v2\/product_tag?post=94504"}],"curies":[{"name":"wp","href":"https:\/\/api.w.org\/{rel}","templated":true}]}}