{"id":91660,"date":"2026-02-07T12:37:33","date_gmt":"2026-02-07T15:37:33","guid":{"rendered":"https:\/\/www.ecommerceupdate.org\/produto\/logistica-de-e-commerce\/"},"modified":"2026-03-13T15:23:37","modified_gmt":"2026-03-13T18:23:37","slug":"logistica-de-e-commerce","status":"publish","type":"product","link":"https:\/\/www.ecommerceupdate.com.br\/it\/produto\/logistica-de-e-commerce\/","title":{"rendered":"Logistica E-commerce"},"content":{"rendered":"<div class=\"woocommerce-product-details\"><\/div>","protected":false},"excerpt":{"rendered":"<p>Caro (a) studente (a), l'E-commerce ha trasformato il modo in cui le persone si relazionano con le aziende Se prima avevano bisogno di trasferirsi nello stabilimento per effettuare il loro acquisto, oggi chiunque abbia uno smartphone con accesso a internet pu\u00f2, con tutta comodit\u00e0, effettuare un acquisto e tracciare lo stato del tuo ordine online Da un lato, il consumatore ha pi\u00f9 potere e convenienza nel rapporto con l'azienda; dall'altro, incorporato nella vita quotidiana aziendale una sfida enorme nella gestione dell'intera catena di fornitura spero che il prodotto sia consegnato dal canale pi\u00f9 veloce, nel pi\u00f9 breve tempo, nel posto giusto e in conformit\u00e0 con la richiesta del cliente Questo lavoro ha una grande comprensione, tenendo conto del business, tenendo conto del mercato e tenendo conto delle migliori pratiche, nel mercato, gli aspetti pi\u00f9 importanti del mercato, il mercato, il mercato, il pi\u00f9 importante, il pi\u00f9 importante, il pi\u00f9 importante, il pi\u00f9 importante, il pi\u00f9 importante, il pi\u00f9 importante, il pi\u00f9 importante, il pi\u00f9 importante nel pi\u00f9 importante, e il pi\u00f9 importante, il pi\u00f9 importante, il pi\u00f9.<\/p>","protected":false},"featured_media":91660,"comment_status":"open","ping_status":"closed","template":"","meta":[],"product_cat":[1653,1595],"product_tag":[],"class_list":{"0":"post-91660","1":"product","2":"type-product","3":"status-publish","4":"has-post-thumbnail","6":"product_brand-por-elson-hazelski-teixeira-autor","7":"product_cat-educacao-referencia-e-didaticos","8":"product_cat-livros","10":"first","11":"instock","12":"shipping-taxable","13":"purchasable","14":"product-type-simple"},"aioseo_notices":[],"_links":{"self":[{"href":"https:\/\/www.ecommerceupdate.com.br\/it\/wp-json\/wp\/v2\/product\/91660","targetHints":{"allow":["GET"]}}],"collection":[{"href":"https:\/\/www.ecommerceupdate.com.br\/it\/wp-json\/wp\/v2\/product"}],"about":[{"href":"https:\/\/www.ecommerceupdate.com.br\/it\/wp-json\/wp\/v2\/types\/product"}],"replies":[{"embeddable":true,"href":"https:\/\/www.ecommerceupdate.com.br\/it\/wp-json\/wp\/v2\/comments?post=91660"}],"wp:featuredmedia":[{"embeddable":true,"href":"https:\/\/www.ecommerceupdate.com.br\/it\/wp-json\/wp\/v2\/product\/91660"}],"wp:attachment":[{"href":"https:\/\/www.ecommerceupdate.com.br\/it\/wp-json\/wp\/v2\/media?parent=91660"}],"wp:term":[{"taxonomy":"product_cat","embeddable":true,"href":"https:\/\/www.ecommerceupdate.com.br\/it\/wp-json\/wp\/v2\/product_cat?post=91660"},{"taxonomy":"product_tag","embeddable":true,"href":"https:\/\/www.ecommerceupdate.com.br\/it\/wp-json\/wp\/v2\/product_tag?post=91660"}],"curies":[{"name":"wp","href":"https:\/\/api.w.org\/{rel}","templated":true}]}}