{"id":93541,"date":"2026-03-04T20:14:38","date_gmt":"2026-03-04T23:14:38","guid":{"rendered":"https:\/\/www.ecommerceupdate.com.br\/produto\/e-commerce-o-avanco-tecnologico-e-as-relacoes-consumidor-fornecedor\/"},"modified":"2026-05-09T11:53:56","modified_gmt":"2026-05-09T14:53:56","slug":"e-commerce-o-avanco-tecnologico-e-as-relacoes-consumidor-fornecedor","status":"publish","type":"product","link":"https:\/\/www.ecommerceupdate.com.br\/it\/produto\/e-commerce-o-avanco-tecnologico-e-as-relacoes-consumidor-fornecedor\/","title":{"rendered":"E-commerce: avanzamento tecnologico e rapporti consumatore-fornitore"},"content":{"rendered":"<div class=\"woocommerce-product-details\"><\/div>","protected":false},"excerpt":{"rendered":"<p>Nel mondo contemporaneo, internet \u00e8 emerso come strumento di facilitazione in diversi settori mitigando le barriere fisiche In ambito business, la divulgazione delle piattaforme digitali ha dato origine a un nuovo fenomeno: l'e-commerce, cos\u00ec, \u00e8 stato necessario adeguare i rapporti giuridici commerciali a questo nuovo scenario, considerando questioni come le transazioni contrattuali e la sicurezza nei media digitali In questo lavoro, raccogliamo e chiariamo i principali aspetti giuridici del commercio elettronico, poich\u00e9, poich\u00e9 \u00e8 un fenomeno relativamente recente, ha alcune specificit\u00e0.<\/p>","protected":false},"featured_media":93541,"comment_status":"open","ping_status":"closed","template":"","meta":[],"product_cat":[1609,1657,1595],"product_tag":[],"class_list":{"0":"post-93541","1":"product","2":"type-product","3":"status-publish","4":"has-post-thumbnail","5":"product_brand-por-andreza-cristina-baggio-autor","6":"product_cat-direito","7":"product_cat-direito-empresarial","8":"product_cat-livros","10":"first","11":"instock","12":"shipping-taxable","13":"purchasable","14":"product-type-simple"},"aioseo_notices":[],"_links":{"self":[{"href":"https:\/\/www.ecommerceupdate.com.br\/it\/wp-json\/wp\/v2\/product\/93541","targetHints":{"allow":["GET"]}}],"collection":[{"href":"https:\/\/www.ecommerceupdate.com.br\/it\/wp-json\/wp\/v2\/product"}],"about":[{"href":"https:\/\/www.ecommerceupdate.com.br\/it\/wp-json\/wp\/v2\/types\/product"}],"replies":[{"embeddable":true,"href":"https:\/\/www.ecommerceupdate.com.br\/it\/wp-json\/wp\/v2\/comments?post=93541"}],"wp:featuredmedia":[{"embeddable":true,"href":"https:\/\/www.ecommerceupdate.com.br\/it\/wp-json\/wp\/v2\/product\/93541"}],"wp:attachment":[{"href":"https:\/\/www.ecommerceupdate.com.br\/it\/wp-json\/wp\/v2\/media?parent=93541"}],"wp:term":[{"taxonomy":"product_cat","embeddable":true,"href":"https:\/\/www.ecommerceupdate.com.br\/it\/wp-json\/wp\/v2\/product_cat?post=93541"},{"taxonomy":"product_tag","embeddable":true,"href":"https:\/\/www.ecommerceupdate.com.br\/it\/wp-json\/wp\/v2\/product_tag?post=93541"}],"curies":[{"name":"wp","href":"https:\/\/api.w.org\/{rel}","templated":true}]}}