{"id":93880,"date":"2026-03-06T03:30:35","date_gmt":"2026-03-06T06:30:35","guid":{"rendered":"https:\/\/www.ecommerceupdate.com.br\/produto\/guia-completo-como-comecar-a-vender-na-amazon\/"},"modified":"2026-03-13T15:48:32","modified_gmt":"2026-03-13T18:48:32","slug":"guia-completo-como-comecar-a-vender-na-amazon","status":"publish","type":"product","link":"https:\/\/www.ecommerceupdate.com.br\/it\/produto\/guia-completo-como-comecar-a-vender-na-amazon\/","title":{"rendered":"Guida completa Come iniziare a vendere su Amazon"},"content":{"rendered":"<div class=\"woocommerce-product-details\">\n<h3>Dettagli prodotto<\/h3>\n<ul>\n<li>ASIN: B0DZZC7M54<\/li>\n<li>Accessibilit\u00e0: Ulteriori informazioni<\/li>\n<li>Data di pubblicazione: 10 marzo 2025<\/li>\n<li>Edizione: 1a<\/li>\n<li>Lingua: Portoghese<\/li>\n<li>Dimensione del file: 825 KB<\/li>\n<li>Configurazione del carattere: non abilitato<\/li>\n<li>Suggerimenti per il vocabolario: non abilitato<\/li>\n<li>Formato: Replica di stampa<\/li>\n<li>Pagina capovolgimento: non abilitato<\/li>\n<li>Et\u00e0 di lettura: 17 18 anni<\/li>\n<li>Classifica dei pi\u00f9 venduti: n. 424.161 nel Kindle Store (incontra i primi 100 nella categoria Kindle Store) n. 15.624 in Business ed economia<\/li>\n<li>15.624 in Economia e Commercio<\/li>\n<li>Punteggi dei clienti: 5.0 5.0 su 5 stelle (1)<\/li>\n<\/ul><\/div>","protected":false},"excerpt":{"rendered":"<p>Vender na Amazon \u00e9 uma das formas mais lucrativas de empreender online, permitindo que qualquer pessoa inicie um neg\u00f3cio com baixo investimento e grande potencial de crescimento. O marketplace oferece uma estrutura robusta, alcance global e milh\u00f5es de clientes ativos diariamente.<\/p>\n<p>Com este e-book, qualquer pessoa pode transformar a Amazon em uma fonte de renda escalon\u00e1vel e sustent\u00e1vel , dominando o mercado e alcan\u00e7ando a liberdade financeira. \ud83d\ude80<\/p>","protected":false},"featured_media":93880,"comment_status":"open","ping_status":"closed","template":"","meta":[],"product_cat":[1611,1608,1607],"product_tag":[],"class_list":{"0":"post-93880","1":"product","2":"type-product","3":"status-publish","4":"has-post-thumbnail","6":"product_brand-por-allan-paixo-autor-formato-ebook-kindle","7":"product_cat-administracao-negocios-e-economia","8":"product_cat-ebooks-kindle","9":"product_cat-loja-kindle","11":"first","12":"instock","13":"shipping-taxable","14":"purchasable","15":"product-type-simple"},"aioseo_notices":[],"_links":{"self":[{"href":"https:\/\/www.ecommerceupdate.com.br\/it\/wp-json\/wp\/v2\/product\/93880","targetHints":{"allow":["GET"]}}],"collection":[{"href":"https:\/\/www.ecommerceupdate.com.br\/it\/wp-json\/wp\/v2\/product"}],"about":[{"href":"https:\/\/www.ecommerceupdate.com.br\/it\/wp-json\/wp\/v2\/types\/product"}],"replies":[{"embeddable":true,"href":"https:\/\/www.ecommerceupdate.com.br\/it\/wp-json\/wp\/v2\/comments?post=93880"}],"wp:featuredmedia":[{"embeddable":true,"href":"https:\/\/www.ecommerceupdate.com.br\/it\/wp-json\/wp\/v2\/product\/93880"}],"wp:attachment":[{"href":"https:\/\/www.ecommerceupdate.com.br\/it\/wp-json\/wp\/v2\/media?parent=93880"}],"wp:term":[{"taxonomy":"product_cat","embeddable":true,"href":"https:\/\/www.ecommerceupdate.com.br\/it\/wp-json\/wp\/v2\/product_cat?post=93880"},{"taxonomy":"product_tag","embeddable":true,"href":"https:\/\/www.ecommerceupdate.com.br\/it\/wp-json\/wp\/v2\/product_tag?post=93880"}],"curies":[{"name":"wp","href":"https:\/\/api.w.org\/{rel}","templated":true}]}}